{"id":10010,"date":"2022-11-10T11:12:21","date_gmt":"2022-11-10T10:12:21","guid":{"rendered":"https:\/\/swissavant.aretiswebseiten.ch\/?page_id=10010"},"modified":"2026-04-10T16:10:18","modified_gmt":"2026-04-10T14:10:18","slug":"assemblee-generale-archives","status":"publish","type":"page","link":"https:\/\/swissavant.ch\/fr\/association\/assemblee-generale\/assemblee-generale-archives\/","title":{"rendered":"Assembl\u00e9e g\u00e9n\u00e9rale Archives"},"content":{"rendered":"<div id='av-layout-grid-1'  class='av-layout-grid-container av-2wk0ray-7b588cd4da7e21040526d85c51bd833b entry-content-wrapper main_color av-flex-cells  avia-builder-el-0  el_before_av_section  avia-builder-el-first   container_wrap fullsize'  >\n\n<style type=\"text\/css\" data-created_by=\"avia_inline_auto\" id=\"style-css-av-2i9hybe-29cf761b3c4c12306a808ed358bfce1c\">\n.flex_cell.av-2i9hybe-29cf761b3c4c12306a808ed358bfce1c{\nvertical-align:middle;\nheight:350px;\nmin-height:350px;\nbackground-color:#009fe4;\n}\n.responsive #top #wrap_all .flex_cell.av-2i9hybe-29cf761b3c4c12306a808ed358bfce1c{\npadding:40px 100px 40px 100px !important;\n}\n<\/style>\n<div class='flex_cell av-2i9hybe-29cf761b3c4c12306a808ed358bfce1c av-gridrow-cell av_one_half no_margin  avia-builder-el-1  el_before_av_cell_one_half  avia-builder-el-first  content-align-middle'  ><div class='flex_cell_inner'>\n<style type=\"text\/css\" data-created_by=\"avia_inline_auto\" id=\"style-css-av-203s03e-d1337f9b1ec7bba820e2de0909a6538f\">\n#top .av-special-heading.av-203s03e-d1337f9b1ec7bba820e2de0909a6538f{\npadding-bottom:10px;\ncolor:#ffffff;\n}\nbody .av-special-heading.av-203s03e-d1337f9b1ec7bba820e2de0909a6538f .av-special-heading-tag .heading-char{\nfont-size:25px;\n}\n.av-special-heading.av-203s03e-d1337f9b1ec7bba820e2de0909a6538f .special-heading-inner-border{\nborder-color:#ffffff;\n}\n.av-special-heading.av-203s03e-d1337f9b1ec7bba820e2de0909a6538f .av-subheading{\nfont-size:15px;\n}\n<\/style>\n<div  class='av-special-heading av-203s03e-d1337f9b1ec7bba820e2de0909a6538f av-special-heading-h1 custom-color-heading blockquote modern-quote  avia-builder-el-2  avia-builder-el-no-sibling'><h1 class='av-special-heading-tag'  >D\u00e9cisions de l'AG<\/h1><div class='av_custom_color av-subheading av-subheading_below'><p>Aper\u00e7u transparent des d\u00e9cisions et des r\u00e9sultats.<\/p>\n<\/div><div class=\"special-heading-border\"><div class=\"special-heading-inner-border\"><\/div><\/div><\/div>\n<\/div><\/div>\n<style type=\"text\/css\" data-created_by=\"avia_inline_auto\" id=\"style-css-av-1r9q8qi-bddd74f7a51e1ae8751c9abf3b4a1e84\">\n.flex_cell.av-1r9q8qi-bddd74f7a51e1ae8751c9abf3b4a1e84{\nvertical-align:middle;\nheight:350px;\nmin-height:350px;\nbackground-color:#e5e8eb;\n}\n.responsive #top #wrap_all .flex_cell.av-1r9q8qi-bddd74f7a51e1ae8751c9abf3b4a1e84{\npadding:40px 100px 40px 100px !important;\n}\n<\/style>\n<div class='flex_cell av-1r9q8qi-bddd74f7a51e1ae8751c9abf3b4a1e84 av-gridrow-cell av_one_half no_margin  avia-builder-el-3  el_after_av_cell_one_half  avia-builder-el-last  content-align-middle'  ><div class='flex_cell_inner'><p>\n<style type=\"text\/css\" data-created_by=\"avia_inline_auto\" id=\"style-css-av-133nda2-416b00af6ee9251689bc2476dc092582\">\n.av_font_icon.av-133nda2-416b00af6ee9251689bc2476dc092582{\ncolor:#009fe3;\nborder-color:#009fe3;\n}\n.avia-svg-icon.av-133nda2-416b00af6ee9251689bc2476dc092582 svg:first-child{\nstroke:#009fe3;\nfill:#009fe3;\n}\n.av_font_icon.av-133nda2-416b00af6ee9251689bc2476dc092582 .av-icon-char{\nfont-size:40px;\nline-height:40px;\n}\n<\/style>\n<span  class='av_font_icon av-133nda2-416b00af6ee9251689bc2476dc092582 avia_animate_when_visible av-icon-style- avia-icon-pos-left avia-iconfont avia-font-entypo-fontello avia-icon-animate'><span class='av-icon-char' data-av_icon='\ue87f' data-av_iconfont='entypo-fontello' aria-hidden=\"true\" ><\/span><\/span><br \/>\n\n<style type=\"text\/css\" data-created_by=\"avia_inline_auto\" id=\"style-css-av-mwu57e-45ec920a816c3a74a957e6621701d654\">\n#top .av_textblock_section.av-mwu57e-45ec920a816c3a74a957e6621701d654 .avia_textblock{\nfont-size:19px;\n}\n<\/style>\n<section  class='av_textblock_section av-mwu57e-45ec920a816c3a74a957e6621701d654'  ><div class='avia_textblock' ><p>Vous trouverez ici les proc\u00e8s-verbaux officiels de l'assembl\u00e9e g\u00e9n\u00e9rale - transparents, compr\u00e9hensibles et consultables \u00e0 tout moment.<\/p>\n<\/div><\/section><\/p>\n<\/div><\/div>\n<\/div>\n<div id='av_section_1'  class='avia-section av-6rrgpju-e7b03e72a5fd66aaea746a5b2036bf72 main_color avia-section-huge avia-shadow  avia-builder-el-6  el_after_av_layout_row  avia-builder-el-last  avia-bg-style-scroll container_wrap fullsize'  ><div class='container av-section-cont-open' ><div class='template-page content  av-content-full alpha units'><div class='post-entry post-entry-type-page post-entry-10010'><div class='entry-content-wrapper clearfix'>\n\n<style type=\"text\/css\" data-created_by=\"avia_inline_auto\" id=\"style-css-av-64l5zju-d0b3393411f47c4420fb1f1091934ba3\">\n#top .av-special-heading.av-64l5zju-d0b3393411f47c4420fb1f1091934ba3{\npadding-bottom:10px;\n}\nbody .av-special-heading.av-64l5zju-d0b3393411f47c4420fb1f1091934ba3 .av-special-heading-tag .heading-char{\nfont-size:25px;\n}\n.av-special-heading.av-64l5zju-d0b3393411f47c4420fb1f1091934ba3 .av-subheading{\nfont-size:15px;\n}\n<\/style>\n<div  class='av-special-heading av-64l5zju-d0b3393411f47c4420fb1f1091934ba3 av-special-heading-h2 blockquote modern-quote modern-centered  avia-builder-el-7  el_before_av_hr  avia-builder-el-first'><h2 class='av-special-heading-tag'  >Proc\u00e8s-verbaux des assembl\u00e9es g\u00e9n\u00e9rales<\/h2><div class=\"special-heading-border\"><div class=\"special-heading-inner-border\"><\/div><\/div><\/div>\n\n<style type=\"text\/css\" data-created_by=\"avia_inline_auto\" id=\"style-css-av-5nf61mi-765f26adf53b004d0a1f9a7ac41d878e\">\n#top .hr.av-5nf61mi-765f26adf53b004d0a1f9a7ac41d878e{\nmargin-top:30px;\nmargin-bottom:45px;\n}\n.hr.av-5nf61mi-765f26adf53b004d0a1f9a7ac41d878e .hr-inner{\nwidth:100px;\nborder-color:#009fe3;\n}\n<\/style>\n<div  class='hr av-5nf61mi-765f26adf53b004d0a1f9a7ac41d878e hr-custom  avia-builder-el-8  el_after_av_heading  el_before_av_textblock  hr-center hr-icon-no'><span class='hr-inner inner-border-av-border-fat'><span class=\"hr-inner-style\"><\/span><\/span><\/div>\n<section  class='av_textblock_section av-56opil6-9447c07366abfe56cdddb5af7c940f7a'  ><div class='avia_textblock' ><p style=\"text-align: center;\">Les proc\u00e8s-verbaux des assembl\u00e9es g\u00e9n\u00e9rales des dix derni\u00e8res ann\u00e9es peuvent \u00eatre t\u00e9l\u00e9charg\u00e9s ici sous forme de documents PDF:<\/p>\n<\/div><\/section>\n<div class='flex_column_table av-4rn7rwa-7b36aa99a3676c89c0dfc43b70314eb6 sc-av_one_half av-equal-height-column-flextable'>\n<style type=\"text\/css\" data-created_by=\"avia_inline_auto\" id=\"style-css-av-4rn7rwa-7b36aa99a3676c89c0dfc43b70314eb6\">\n@keyframes av_boxShadowEffect_av-4rn7rwa-7b36aa99a3676c89c0dfc43b70314eb6-column {\n0%   { box-shadow:  0 0 0 0 #c1c1c1; opacity: 1; }\n100% { box-shadow:  0 0 20px 0 #c1c1c1; opacity: 1; }\n}\n.flex_column.av-4rn7rwa-7b36aa99a3676c89c0dfc43b70314eb6{\nwidth:48%;\nmargin-left:0;\nbox-shadow: 0 0 20px 0 #c1c1c1;\npadding:50px 50px 50px 50px;\n}\n#top .flex_column_table.av-equal-height-column-flextable.av-4rn7rwa-7b36aa99a3676c89c0dfc43b70314eb6 .av-flex-placeholder{\nwidth:4%;\n}\n<\/style>\n<div  class='flex_column av-4rn7rwa-7b36aa99a3676c89c0dfc43b70314eb6 av_one_half  avia-builder-el-10  el_after_av_textblock  el_before_av_one_half  first flex_column_table_cell av-equal-height-column av-align-top shadow-not-animated  column-top-margin'     ><section  class='av_textblock_section av-laawuuq1-e022e54da2340cea529bc2f1f6aee7ed'  ><div class='avia_textblock' ><ul>\n<li><a href=\"https:\/\/swissavant.ch\/mediathek\/2023\/04\/Proces-verbal-de-la-113e-assemblee-generale-2023-francais.pdf\" target=\"_blank\" rel=\"noopener\">Proc\u00e8s-verbal de la 113e assembl\u00e9e g\u00e9n\u00e9rale 2023<\/a><\/li>\n<li><a href=\"https:\/\/swissavant.ch\/mediathek\/2022\/03\/Protokoll-112.-Generalversammlung-2022.pdf\" target=\"_blank\" rel=\"noopener\">Proc\u00e8s-verbal de la 112e assembl\u00e9e g\u00e9n\u00e9rale 2022<\/a><\/li>\n<li><a href=\"https:\/\/www.swissavant.ch\/mediathek\/2021\/03\/Protokoll-111-Generalversammlung-2021-de.pdf\" target=\"_blank\" rel=\"noopener noreferrer\">Proc\u00e8s-verbal de la 111e assembl\u00e9e g\u00e9n\u00e9rale 2021<\/a><\/li>\n<li><a href=\"https:\/\/swissavant.ch\/mediathek\/2022\/11\/Protokoll-110.-Generalversammlung-2020-deutsch.pdf\" target=\"_blank\" rel=\"noopener noreferrer\">Proc\u00e8s-verbal de la 110e assembl\u00e9e g\u00e9n\u00e9rale 2020<\/a><\/li>\n<\/ul>\n<\/div><\/section><\/div><div class='av-flex-placeholder'><\/div>\n<style type=\"text\/css\" data-created_by=\"avia_inline_auto\" id=\"style-css-av-4efifju-ce4623ef0a19597ec33f2657cb84b7ec\">\n@keyframes av_boxShadowEffect_av-4efifju-ce4623ef0a19597ec33f2657cb84b7ec-column {\n0%   { box-shadow:  0 0 0 0 #c1c1c1; opacity: 1; }\n100% { box-shadow:  0 0 20px 0 #c1c1c1; opacity: 1; }\n}\n.flex_column.av-4efifju-ce4623ef0a19597ec33f2657cb84b7ec{\nwidth:48%;\nmargin-left:0;\nbox-shadow: 0 0 20px 0 #c1c1c1;\npadding:50px 50px 50px 50px;\n}\n#top .flex_column_table.av-equal-height-column-flextable.av-4efifju-ce4623ef0a19597ec33f2657cb84b7ec .av-flex-placeholder{\nwidth:4%;\n}\n<\/style>\n<div  class='flex_column av-4efifju-ce4623ef0a19597ec33f2657cb84b7ec av_one_half  avia-builder-el-12  el_after_av_one_half  el_before_av_hr  flex_column_table_cell av-equal-height-column av-align-top shadow-not-animated  column-top-margin'     ><section  class='av_textblock_section av-laawv5nv-11f01cf0754e9d8f8fba9fc6c6c5fa7e'  ><div class='avia_textblock' ><ul>\n<li><a href=\"https:\/\/www.swissavant.ch\/mediathek\/2019\/04\/Protokoll-109-Generalversammlung-2019-de.pdf\" target=\"_blank\" rel=\"noopener noreferrer\">Proc\u00e8s-verbal de la 109e assembl\u00e9e g\u00e9n\u00e9rale 2019<\/a><\/li>\n<li><a href=\"https:\/\/www.swissavant.ch\/mediathek\/2018\/09\/Protokoll-108-Generalversammlung-2018-de.pdf\" target=\"_blank\" rel=\"noopener noreferrer\">Proc\u00e8s-verbal de la 108e assembl\u00e9e g\u00e9n\u00e9rale 2018<\/a><\/li>\n<li><a href=\"https:\/\/www.swissavant.ch\/mediathek\/2017\/06\/Protokoll-107-Generalversammlung-2017-de.pdf\" target=\"_blank\" rel=\"noopener noreferrer\">Proc\u00e8s-verbal de la 107e assembl\u00e9e g\u00e9n\u00e9rale 2017<\/a><\/li>\n<li><a href=\"https:\/\/www.swissavant.ch\/mediathek\/2017\/06\/Protokoll-106-Generalversammlung-2016-de.pdf\" target=\"_blank\" rel=\"noopener noreferrer\">Proc\u00e8s-verbal de la 106e assembl\u00e9e g\u00e9n\u00e9rale 2016<\/a><\/li>\n<\/ul>\n<\/div><\/section><\/div><\/div><!--close column table wrapper. Autoclose: 1 -->\n<style type=\"text\/css\" data-created_by=\"avia_inline_auto\" id=\"style-css-av-n9ioe2-fa218d0d3e1d68aecd73d525bd0a9c6b\">\n#top .hr.hr-invisible.av-n9ioe2-fa218d0d3e1d68aecd73d525bd0a9c6b{\nheight:40px;\n}\n<\/style>\n<div  class='hr av-n9ioe2-fa218d0d3e1d68aecd73d525bd0a9c6b hr-invisible  avia-builder-el-14  el_after_av_one_half  el_before_av_button_big  avia-builder-el-last'><span class='hr-inner'><span class=\"hr-inner-style\"><\/span><\/span><\/div>\n<div  class='avia-button-wrap avia-button-center  avia-builder-el-15  el_after_av_hr  avia-builder-el-last'>\n<style type=\"text\/css\" data-created_by=\"avia_inline_auto\" id=\"style-css-av-laawwnle-5f5fcad9dda9b5e861025a2928254f57\">\n#top #wrap_all .avia-button.av-laawwnle-5f5fcad9dda9b5e861025a2928254f57:hover{\ncolor:white;\ntransition:all 0.4s ease-in-out;\n}\n#top #wrap_all .avia-button.av-laawwnle-5f5fcad9dda9b5e861025a2928254f57:hover .avia-svg-icon svg:first-child{\nfill:white;\nstroke:white;\n}\n<\/style>\n<a href='https:\/\/swissavant.ch\/fr\/association\/assemblee-generale\/proces-verbaux-de-lassemblee-generale\/' class='avia-color-theme-color avia-font-color-theme-color avia-button avia-button-fullwidth av-laawwnle-5f5fcad9dda9b5e861025a2928254f57 avia-icon_select-yes-left-icon avia-color-theme-color'   aria-label=\"retour \u00e0 l&#039;aper\u00e7u\"><span class='avia_button_icon avia_button_icon_left avia-iconfont avia-font-entypo-fontello' data-av_icon='\ue830' data-av_iconfont='entypo-fontello' ><\/span><span class='avia_iconbox_title' >retour \u00e0 l'aper\u00e7u<\/span><span class='avia_button_background avia-button avia-button-fullwidth avia-color-theme-color-highlight'><\/span><\/a><\/div>","protected":false},"excerpt":{"rendered":"","protected":false},"author":12,"featured_media":0,"parent":3788,"menu_order":0,"comment_status":"closed","ping_status":"closed","template":"","meta":{"_acf_changed":false,"_monsterinsights_skip_tracking":false,"_monsterinsights_sitenote_active":false,"_monsterinsights_sitenote_note":"","_monsterinsights_sitenote_category":0,"footnotes":""},"folder":[],"class_list":["post-10010","page","type-page","status-publish","hentry"],"acf":[],"yoast_head":"<!-- This site is optimized with the Yoast SEO plugin v26.8 - https:\/\/yoast.com\/product\/yoast-seo-wordpress\/ -->\n<title>Generalversammlung Archiv: Sammlung vergangener GVs<\/title>\n<meta name=\"description\" content=\"Die Generalversammlung ist das h\u00f6chste Gremium bei Swissavant. Im Archiv finden sich die Berichte vergangener Versammlungen.\" \/>\n<meta name=\"robots\" content=\"index, follow, max-snippet:-1, max-image-preview:large, max-video-preview:-1\" \/>\n<link rel=\"canonical\" href=\"https:\/\/swissavant.ch\/fr\/association\/assemblee-generale\/assemblee-generale-archives\/\" \/>\n<meta property=\"og:locale\" content=\"fr_FR\" \/>\n<meta property=\"og:type\" content=\"article\" \/>\n<meta property=\"og:title\" content=\"Generalversammlung Archiv: Sammlung vergangener GVs\" \/>\n<meta property=\"og:description\" content=\"Die Generalversammlung ist das h\u00f6chste Gremium bei Swissavant. Im Archiv finden sich die Berichte vergangener Versammlungen.\" \/>\n<meta property=\"og:url\" content=\"https:\/\/swissavant.ch\/fr\/association\/assemblee-generale\/assemblee-generale-archives\/\" \/>\n<meta property=\"og:site_name\" content=\"Swissavant\" \/>\n<meta property=\"article:modified_time\" content=\"2026-04-10T14:10:18+00:00\" \/>\n<meta name=\"twitter:label1\" content=\"Dur\u00e9e de lecture estim\u00e9e\" \/>\n\t<meta name=\"twitter:data1\" content=\"1 minute\" \/>\n<script type=\"application\/ld+json\" class=\"yoast-schema-graph\">{\"@context\":\"https:\/\/schema.org\",\"@graph\":[{\"@type\":\"WebPage\",\"@id\":\"https:\/\/swissavant.ch\/verband\/generalversammlung\/generalversammlung-archiv\/\",\"url\":\"https:\/\/swissavant.ch\/verband\/generalversammlung\/generalversammlung-archiv\/\",\"name\":\"Generalversammlung Archiv: Sammlung vergangener GVs\",\"isPartOf\":{\"@id\":\"https:\/\/swissavant.ch\/#website\"},\"datePublished\":\"2022-11-10T10:12:21+00:00\",\"dateModified\":\"2026-04-10T14:10:18+00:00\",\"description\":\"Die Generalversammlung ist das h\u00f6chste Gremium bei Swissavant. Im Archiv finden sich die Berichte vergangener Versammlungen.\",\"breadcrumb\":{\"@id\":\"https:\/\/swissavant.ch\/verband\/generalversammlung\/generalversammlung-archiv\/#breadcrumb\"},\"inLanguage\":\"fr-FR\",\"potentialAction\":[{\"@type\":\"ReadAction\",\"target\":[\"https:\/\/swissavant.ch\/verband\/generalversammlung\/generalversammlung-archiv\/\"]}]},{\"@type\":\"BreadcrumbList\",\"@id\":\"https:\/\/swissavant.ch\/verband\/generalversammlung\/generalversammlung-archiv\/#breadcrumb\",\"itemListElement\":[{\"@type\":\"ListItem\",\"position\":1,\"name\":\"Home\",\"item\":\"https:\/\/swissavant.ch\/home\/\"},{\"@type\":\"ListItem\",\"position\":2,\"name\":\"Verband\",\"item\":\"https:\/\/swissavant.ch\/verband\/\"},{\"@type\":\"ListItem\",\"position\":3,\"name\":\"Generalversammlung\",\"item\":\"https:\/\/swissavant.ch\/verband\/generalversammlung\/\"},{\"@type\":\"ListItem\",\"position\":4,\"name\":\"Generalversammlung Archiv\"}]},{\"@type\":\"WebSite\",\"@id\":\"https:\/\/swissavant.ch\/#website\",\"url\":\"https:\/\/swissavant.ch\/\",\"name\":\"Swissavant\",\"description\":\"Swissavant\",\"potentialAction\":[{\"@type\":\"SearchAction\",\"target\":{\"@type\":\"EntryPoint\",\"urlTemplate\":\"https:\/\/swissavant.ch\/?s={search_term_string}\"},\"query-input\":{\"@type\":\"PropertyValueSpecification\",\"valueRequired\":true,\"valueName\":\"search_term_string\"}}],\"inLanguage\":\"fr-FR\"}]}<\/script>\n<!-- \/ Yoast SEO plugin. -->","yoast_head_json":{"title":"Archives des assembl\u00e9es g\u00e9n\u00e9rales : collection des AG pass\u00e9es","description":"L'assembl\u00e9e g\u00e9n\u00e9rale est l'organe supr\u00eame de Swissavant. Dans les archives, vous trouverez les rapports des assembl\u00e9es pr\u00e9c\u00e9dentes.","robots":{"index":"index","follow":"follow","max-snippet":"max-snippet:-1","max-image-preview":"max-image-preview:large","max-video-preview":"max-video-preview:-1"},"canonical":"https:\/\/swissavant.ch\/fr\/association\/assemblee-generale\/assemblee-generale-archives\/","og_locale":"fr_FR","og_type":"article","og_title":"Generalversammlung Archiv: Sammlung vergangener GVs","og_description":"Die Generalversammlung ist das h\u00f6chste Gremium bei Swissavant. Im Archiv finden sich die Berichte vergangener Versammlungen.","og_url":"https:\/\/swissavant.ch\/fr\/association\/assemblee-generale\/assemblee-generale-archives\/","og_site_name":"Swissavant","article_modified_time":"2026-04-10T14:10:18+00:00","twitter_misc":{"Dur\u00e9e de lecture estim\u00e9e":"1 minute"},"schema":{"@context":"https:\/\/schema.org","@graph":[{"@type":"WebPage","@id":"https:\/\/swissavant.ch\/verband\/generalversammlung\/generalversammlung-archiv\/","url":"https:\/\/swissavant.ch\/verband\/generalversammlung\/generalversammlung-archiv\/","name":"Archives des assembl\u00e9es g\u00e9n\u00e9rales : collection des AG pass\u00e9es","isPartOf":{"@id":"https:\/\/swissavant.ch\/#website"},"datePublished":"2022-11-10T10:12:21+00:00","dateModified":"2026-04-10T14:10:18+00:00","description":"L'assembl\u00e9e g\u00e9n\u00e9rale est l'organe supr\u00eame de Swissavant. Dans les archives, vous trouverez les rapports des assembl\u00e9es pr\u00e9c\u00e9dentes.","breadcrumb":{"@id":"https:\/\/swissavant.ch\/verband\/generalversammlung\/generalversammlung-archiv\/#breadcrumb"},"inLanguage":"fr-FR","potentialAction":[{"@type":"ReadAction","target":["https:\/\/swissavant.ch\/verband\/generalversammlung\/generalversammlung-archiv\/"]}]},{"@type":"BreadcrumbList","@id":"https:\/\/swissavant.ch\/verband\/generalversammlung\/generalversammlung-archiv\/#breadcrumb","itemListElement":[{"@type":"ListItem","position":1,"name":"Home","item":"https:\/\/swissavant.ch\/home\/"},{"@type":"ListItem","position":2,"name":"Verband","item":"https:\/\/swissavant.ch\/verband\/"},{"@type":"ListItem","position":3,"name":"Generalversammlung","item":"https:\/\/swissavant.ch\/verband\/generalversammlung\/"},{"@type":"ListItem","position":4,"name":"Generalversammlung Archiv"}]},{"@type":"WebSite","@id":"https:\/\/swissavant.ch\/#website","url":"https:\/\/swissavant.ch\/","name":"Swissavant","description":"Swissavant","potentialAction":[{"@type":"SearchAction","target":{"@type":"EntryPoint","urlTemplate":"https:\/\/swissavant.ch\/?s={search_term_string}"},"query-input":{"@type":"PropertyValueSpecification","valueRequired":true,"valueName":"search_term_string"}}],"inLanguage":"fr-FR"}]}},"_links":{"self":[{"href":"https:\/\/swissavant.ch\/fr\/wp-json\/wp\/v2\/pages\/10010","targetHints":{"allow":["GET"]}}],"collection":[{"href":"https:\/\/swissavant.ch\/fr\/wp-json\/wp\/v2\/pages"}],"about":[{"href":"https:\/\/swissavant.ch\/fr\/wp-json\/wp\/v2\/types\/page"}],"author":[{"embeddable":true,"href":"https:\/\/swissavant.ch\/fr\/wp-json\/wp\/v2\/users\/12"}],"replies":[{"embeddable":true,"href":"https:\/\/swissavant.ch\/fr\/wp-json\/wp\/v2\/comments?post=10010"}],"version-history":[{"count":8,"href":"https:\/\/swissavant.ch\/fr\/wp-json\/wp\/v2\/pages\/10010\/revisions"}],"predecessor-version":[{"id":13847,"href":"https:\/\/swissavant.ch\/fr\/wp-json\/wp\/v2\/pages\/10010\/revisions\/13847"}],"up":[{"embeddable":true,"href":"https:\/\/swissavant.ch\/fr\/wp-json\/wp\/v2\/pages\/3788"}],"wp:attachment":[{"href":"https:\/\/swissavant.ch\/fr\/wp-json\/wp\/v2\/media?parent=10010"}],"wp:term":[{"taxonomy":"folder","embeddable":true,"href":"https:\/\/swissavant.ch\/fr\/wp-json\/wp\/v2\/folder?post=10010"}],"curies":[{"name":"wp","href":"https:\/\/api.w.org\/{rel}","templated":true}]}}