{"id":10683,"date":"2023-03-01T11:04:54","date_gmt":"2023-03-01T10:04:54","guid":{"rendered":"http:\/\/swissavant.ch\/?page_id=10683"},"modified":"2023-10-25T10:45:46","modified_gmt":"2023-10-25T08:45:46","slug":"ak-forte","status":"publish","type":"page","link":"https:\/\/swissavant.ch\/fr\/reseau\/ak-forte\/","title":{"rendered":"Caisse de compensation AVS CC Forte"},"content":{"rendered":"<div id='av-layout-grid-1'  class='av-layout-grid-container av-2axxq-408db3fd75a9e3d7a049394c1b5b6acd entry-content-wrapper main_color av-flex-cells  avia-builder-el-0  el_before_av_section  avia-builder-el-first   container_wrap fullsize'  >\n\n<style type=\"text\/css\" data-created_by=\"avia_inline_auto\" id=\"style-css-av-hsk0e-c1ba334b8dad012945360e5bf80bef9c\">\n.flex_cell.av-hsk0e-c1ba334b8dad012945360e5bf80bef9c{\nvertical-align:middle;\nheight:400px;\nmin-height:400px;\nbackground-color:#009fe4;\n}\n.responsive #top #wrap_all .flex_cell.av-hsk0e-c1ba334b8dad012945360e5bf80bef9c{\npadding:40px 60px 40px 60px !important;\n}\n<\/style>\n<div class='flex_cell av-hsk0e-c1ba334b8dad012945360e5bf80bef9c av-gridrow-cell av_one_third no_margin  avia-builder-el-1  el_before_av_cell_one_third  avia-builder-el-first  content-align-middle'  ><div class='flex_cell_inner'>\n<style type=\"text\/css\" data-created_by=\"avia_inline_auto\" id=\"style-css-av-l8wtg7io-733065f06b9a818005a6aa65671b4153\">\n#top .av-special-heading.av-l8wtg7io-733065f06b9a818005a6aa65671b4153{\npadding-bottom:10px;\ncolor:#ffffff;\n}\nbody .av-special-heading.av-l8wtg7io-733065f06b9a818005a6aa65671b4153 .av-special-heading-tag .heading-char{\nfont-size:25px;\n}\n.av-special-heading.av-l8wtg7io-733065f06b9a818005a6aa65671b4153 .special-heading-inner-border{\nborder-color:#ffffff;\n}\n.av-special-heading.av-l8wtg7io-733065f06b9a818005a6aa65671b4153 .av-subheading{\nfont-size:15px;\n}\n<\/style>\n<div  class='av-special-heading av-l8wtg7io-733065f06b9a818005a6aa65671b4153 av-special-heading-h1 custom-color-heading blockquote modern-quote  avia-builder-el-2  avia-builder-el-no-sibling'><h1 class='av-special-heading-tag'  >Caisse de compensation AVS Forte<\/h1><div class='av_custom_color av-subheading av-subheading_below'><p>Un centre de comp\u00e9tences sociales \u00e0 valeur ajout\u00e9e<\/p>\n<\/div><div class=\"special-heading-border\"><div class=\"special-heading-inner-border\"><\/div><\/div><\/div>\n<\/div><\/div>\n<style type=\"text\/css\" data-created_by=\"avia_inline_auto\" id=\"style-css-av-bc36m-c026bd5f92b9c2faad05b9dafcb2129f\">\n.flex_cell.av-bc36m-c026bd5f92b9c2faad05b9dafcb2129f{\nvertical-align:middle;\nheight:400px;\nmin-height:400px;\nbackground-color:#e5e8eb;\n}\n.responsive #top #wrap_all .flex_cell.av-bc36m-c026bd5f92b9c2faad05b9dafcb2129f{\npadding:40px 60px 40px 60px !important;\n}\n<\/style>\n<div class='flex_cell av-bc36m-c026bd5f92b9c2faad05b9dafcb2129f av-gridrow-cell av_one_third no_margin  avia-builder-el-3  el_after_av_cell_one_third  el_before_av_cell_one_third  content-align-middle'  ><div class='flex_cell_inner'>\n<style type=\"text\/css\" data-created_by=\"avia_inline_auto\" id=\"style-css-av-l8wtgfzh-da9fc4a59027708cf8faf859ca692e3d\">\n#top .av_textblock_section.av-l8wtgfzh-da9fc4a59027708cf8faf859ca692e3d .avia_textblock{\nfont-size:19px;\n}\n<\/style>\n<section  class='av_textblock_section av-l8wtgfzh-da9fc4a59027708cf8faf859ca692e3d'  ><div class='avia_textblock' ><p>La caisse de compensation \u00abCC Forte\u00bb est soutenue par 11 associations fondatrices et propose \u00e0 80 000 assur\u00e9s issus de quelque 5 000 entreprises l'ensemble des prestations de services dans le domaine des assurances sociales.<\/p>\n<\/div><\/section>\n<\/div><\/div>\n<style type=\"text\/css\" data-created_by=\"avia_inline_auto\" id=\"style-css-av-lac7ydjb-3776643e879151dd50bf21c0c9247ccc\">\n.flex_cell.av-lac7ydjb-3776643e879151dd50bf21c0c9247ccc{\nvertical-align:top;\nheight:400px;\nmin-height:400px;\nbackground:url(https:\/\/swissavant.ch\/mediathek\/2023\/10\/AHV-zugeschnitten.jpg) 50% 0% no-repeat scroll ;\n}\n<\/style>\n<div class='flex_cell av-lac7ydjb-3776643e879151dd50bf21c0c9247ccc av-gridrow-cell av_one_third no_margin  avia-builder-el-5  el_after_av_cell_one_third  avia-builder-el-last  content-align-top avia-full-stretch'  ><div class='flex_cell_inner'><\/div><\/div><\/div><div id='stretch_width2'  class='avia-section av-1z1ghy-253afba3c530272222e90bb08835c993 alternate_color avia-section-huge avia-no-border-styling  avia-builder-el-6  el_after_av_layout_row  el_before_av_font_icon  avia-bg-style-scroll container_wrap fullsize'  ><div class='container av-section-cont-open' ><div class='template-page content  av-content-full alpha units'><div class='post-entry post-entry-type-page post-entry-10683'><div class='entry-content-wrapper clearfix'>\n<div class='flex_column_table av-6cwke-361a14babc8e6b2e1842d33f6501fdf8 sc-av_one_half av-equal-height-column-flextable'>\n<style type=\"text\/css\" data-created_by=\"avia_inline_auto\" id=\"style-css-av-6cwke-361a14babc8e6b2e1842d33f6501fdf8\">\n@keyframes av_boxShadowEffect_av-6cwke-361a14babc8e6b2e1842d33f6501fdf8-column {\n0%   { box-shadow:  0 0 0 0 #dbdbdb; opacity: 1; }\n100% { box-shadow:  0 0 20px 0 #dbdbdb; opacity: 1; }\n}\n.flex_column.av-6cwke-361a14babc8e6b2e1842d33f6501fdf8{\nwidth:48%;\nmargin-left:0;\nbox-shadow: 0 0 20px 0 #dbdbdb;\npadding:30px 30px 30px 30px;\nbackground-color:#ffffff;\n}\n#top .flex_column_table.av-equal-height-column-flextable.av-6cwke-361a14babc8e6b2e1842d33f6501fdf8 .av-flex-placeholder{\nwidth:4%;\n}\n<\/style>\n<div  class='flex_column av-6cwke-361a14babc8e6b2e1842d33f6501fdf8 av_one_half  avia-builder-el-7  el_before_av_one_half  avia-builder-el-first  first flex_column_table_cell av-equal-height-column av-align-top shadow-not-animated'     ><p>\n<style type=\"text\/css\" data-created_by=\"avia_inline_auto\" id=\"style-css-av-l8wthr0u-2d1bd47369d724ac1198a478c71b90d8\">\n.av_font_icon.av-l8wthr0u-2d1bd47369d724ac1198a478c71b90d8 .av-icon-char{\nfont-size:60px;\nline-height:60px;\n}\n<\/style>\n<span  class='av_font_icon av-l8wthr0u-2d1bd47369d724ac1198a478c71b90d8 avia_animate_when_visible av-icon-style- avia-icon-pos-center avia-iconfont avia-font-entypo-fontello av-no-color avia-icon-animate'><span class='av-icon-char' data-av_icon='\ue80b' data-av_iconfont='entypo-fontello' aria-hidden=\"true\" ><\/span><\/span><br \/>\n\n<style type=\"text\/css\" data-created_by=\"avia_inline_auto\" id=\"style-css-av-l8wth487-fe0f569928166fd7588362ac4e4c2057\">\n#top .av-special-heading.av-l8wth487-fe0f569928166fd7588362ac4e4c2057{\npadding-bottom:10px;\n}\nbody .av-special-heading.av-l8wth487-fe0f569928166fd7588362ac4e4c2057 .av-special-heading-tag .heading-char{\nfont-size:25px;\n}\n.av-special-heading.av-l8wth487-fe0f569928166fd7588362ac4e4c2057 .av-subheading{\nfont-size:15px;\n}\n<\/style>\n<div  class='av-special-heading av-l8wth487-fe0f569928166fd7588362ac4e4c2057 av-special-heading-h4 blockquote modern-quote  avia-builder-el-9  el_after_av_font_icon  el_before_av_textblock'><h4 class='av-special-heading-tag'  >Caisse de compensation \u00e0 valeur ajout\u00e9e<\/h4><div class=\"special-heading-border\"><div class=\"special-heading-inner-border\"><\/div><\/div><\/div><br \/>\n<section  class='av_textblock_section av-l8wthagq-a8f96ed5e8f57a10bf12214d52b51af0'  ><div class='avia_textblock' ><p>La \u00abCC Forte\u00bb, qui regroupe 11 associations fondatrices, propose toute la gamme de prestations de la politique sociale. En tant qu'interlocuteur unique, elle facilite, pour les entreprises affili\u00e9es, les d\u00e9marches en mati\u00e8re d'AVS, d'AI, des APG, etc. et dispose d'une caisse d'allocations familiales suisse (CAF). Gr\u00e2ce \u00e0 des contributions peu \u00e9lev\u00e9es, donc attrayantes, aux frais administratifs, elle optimise ce bloc de co\u00fbts pour chaque entrepreneur.<\/p>\n<\/div><\/section><\/p><\/div><div class='av-flex-placeholder'><\/div>\n<style type=\"text\/css\" data-created_by=\"avia_inline_auto\" id=\"style-css-av-1j5b9y-dd61a10e15f7f7ac5a928cc2a3bd548a\">\n@keyframes av_boxShadowEffect_av-1j5b9y-dd61a10e15f7f7ac5a928cc2a3bd548a-column {\n0%   { box-shadow:  0 0 0 0 #dbdbdb; opacity: 1; }\n100% { box-shadow:  0 0 20px 0 #dbdbdb; opacity: 1; }\n}\n.flex_column.av-1j5b9y-dd61a10e15f7f7ac5a928cc2a3bd548a{\nwidth:48%;\nmargin-left:0;\nbox-shadow: 0 0 20px 0 #dbdbdb;\npadding:30px 30px 30px 30px;\nbackground-color:#ffffff;\n}\n#top .flex_column_table.av-equal-height-column-flextable.av-1j5b9y-dd61a10e15f7f7ac5a928cc2a3bd548a .av-flex-placeholder{\nwidth:4%;\n}\n<\/style>\n<div  class='flex_column av-1j5b9y-dd61a10e15f7f7ac5a928cc2a3bd548a av_one_half  avia-builder-el-11  el_after_av_one_half  avia-builder-el-last  flex_column_table_cell av-equal-height-column av-align-top shadow-not-animated'     ><p>\n<style type=\"text\/css\" data-created_by=\"avia_inline_auto\" id=\"style-css-av-l8wtijpx-52089e21d31ce3d9613d42816be48c24\">\n.av_font_icon.av-l8wtijpx-52089e21d31ce3d9613d42816be48c24 .av-icon-char{\nfont-size:60px;\nline-height:60px;\n}\n<\/style>\n<span  class='av_font_icon av-l8wtijpx-52089e21d31ce3d9613d42816be48c24 avia_animate_when_visible av-icon-style- avia-icon-pos-center avia-iconfont avia-font-entypo-fontello av-no-color avia-icon-animate'><span class='av-icon-char' data-av_icon='\ue808' data-av_iconfont='entypo-fontello' aria-hidden=\"true\" ><\/span><\/span><br \/>\n\n<style type=\"text\/css\" data-created_by=\"avia_inline_auto\" id=\"style-css-av-l8wthxfj-d9134bb6b031e9fa27bc576fb121b929\">\n#top .av-special-heading.av-l8wthxfj-d9134bb6b031e9fa27bc576fb121b929{\npadding-bottom:10px;\n}\nbody .av-special-heading.av-l8wthxfj-d9134bb6b031e9fa27bc576fb121b929 .av-special-heading-tag .heading-char{\nfont-size:25px;\n}\n.av-special-heading.av-l8wthxfj-d9134bb6b031e9fa27bc576fb121b929 .av-subheading{\nfont-size:15px;\n}\n<\/style>\n<div  class='av-special-heading av-l8wthxfj-d9134bb6b031e9fa27bc576fb121b929 av-special-heading-h4 blockquote modern-quote  avia-builder-el-13  el_after_av_font_icon  el_before_av_textblock'><h4 class='av-special-heading-tag'  >Un centre de services moderne<\/h4><div class=\"special-heading-border\"><div class=\"special-heading-inner-border\"><\/div><\/div><\/div><br \/>\n<section  class='av_textblock_section av-l8wti63v-ba942edfb5b0866da82151f55299534f'  ><div class='avia_textblock' ><p>Que ce soit en mati\u00e8re d'AVS, de CAF ou d'assurance perte de gain, la CC Forte est un centre de services moderne dot\u00e9 de structures efficaces et d'un grand savoir-faire en mati\u00e8re de politique sociale. La CAF Forte est repr\u00e9sent\u00e9e dans les 26 cantons et facilite donc sensiblement les t\u00e2ches administratives des entreprises. Cela permet d'\u00e9conomiser du temps et de l'argent.<\/p>\n<\/div><\/section><\/p><\/div><\/div><!--close column table wrapper. Autoclose: 1 -->\n<\/div><\/div><\/div><!-- close content main div --><\/div><\/div><div id='after_section_1'  class='main_color av_default_container_wrap container_wrap fullsize'  ><div class='container av-section-cont-open' ><div class='template-page content  av-content-full alpha units'><div class='post-entry post-entry-type-page post-entry-10683'><div class='entry-content-wrapper clearfix'><\/p>\n\n<style type=\"text\/css\" data-created_by=\"avia_inline_auto\" id=\"style-css-av-lfdtxjbo-87d3542a576a489949f14c45b6b7badc\">\n.av_font_icon.av-lfdtxjbo-87d3542a576a489949f14c45b6b7badc .av-icon-char{\nfont-size:60px;\nline-height:60px;\nwidth:60px;\n}\n<\/style>\n<span  class='av_font_icon av-lfdtxjbo-87d3542a576a489949f14c45b6b7badc avia_animate_when_visible av-icon-style-border avia-icon-pos-center avia-iconfont avia-font-entypo-fontello av-no-color avia-icon-animate'><a href='https:\/\/akforte.ch\/de\/home\/'  target=\"_blank\"  rel=\"noopener noreferrer\"  class='av-icon-char' data-av_icon='\ue841' data-av_iconfont='entypo-fontello' aria-hidden=\"false\" ><\/a><span class='av_icon_caption av-special-font'>Passez directement \u00e0 la CC Forte<\/span><\/span>","protected":false},"excerpt":{"rendered":"<p>La caisse de pension Merlion propose \u00e0 tous les membres de Swissavant des solutions de pr\u00e9voyance individuelles dans le cadre de la LPP - et ce \u00e0 des conditions tr\u00e8s attrayantes et avec des services en ligne ultramodernes.<\/p>","protected":false},"author":13,"featured_media":0,"parent":3792,"menu_order":3,"comment_status":"closed","ping_status":"closed","template":"","meta":{"_acf_changed":false,"_monsterinsights_skip_tracking":false,"_monsterinsights_sitenote_active":false,"_monsterinsights_sitenote_note":"","_monsterinsights_sitenote_category":0,"footnotes":""},"folder":[],"class_list":["post-10683","page","type-page","status-publish","hentry"],"acf":[],"yoast_head":"<!-- This site is optimized with the Yoast SEO plugin v26.8 - https:\/\/yoast.com\/product\/yoast-seo-wordpress\/ -->\n<title>AHV-Ausgleichskasse Forte - soziales Kompetenzzentrum mit Mehrwert<\/title>\n<meta name=\"description\" content=\"Die Ausgleichkasse \u00abAK Forte\u00bb wird von 11 Gr\u00fcnderverb\u00e4nden getragen und offeriert f\u00fcr \u00fcber 4 500 Unternehmnungen Sozialversicherungs-L\u00f6sungen.\" \/>\n<meta name=\"robots\" content=\"index, follow, max-snippet:-1, max-image-preview:large, max-video-preview:-1\" \/>\n<link rel=\"canonical\" href=\"https:\/\/swissavant.ch\/fr\/reseau\/ak-forte\/\" \/>\n<meta property=\"og:locale\" content=\"fr_FR\" \/>\n<meta property=\"og:type\" content=\"article\" \/>\n<meta property=\"og:title\" content=\"AHV-Ausgleichskasse Forte - soziales Kompetenzzentrum mit Mehrwert\" \/>\n<meta property=\"og:description\" content=\"Die Ausgleichkasse \u00abAK Forte\u00bb wird von 11 Gr\u00fcnderverb\u00e4nden getragen und offeriert f\u00fcr \u00fcber 4 500 Unternehmnungen Sozialversicherungs-L\u00f6sungen.\" \/>\n<meta property=\"og:url\" content=\"https:\/\/swissavant.ch\/fr\/reseau\/ak-forte\/\" \/>\n<meta property=\"og:site_name\" content=\"Swissavant\" \/>\n<meta property=\"article:modified_time\" content=\"2023-10-25T08:45:46+00:00\" \/>\n<meta name=\"twitter:label1\" content=\"Dur\u00e9e de lecture estim\u00e9e\" \/>\n\t<meta name=\"twitter:data1\" content=\"5 minutes\" \/>\n<script type=\"application\/ld+json\" class=\"yoast-schema-graph\">{\"@context\":\"https:\/\/schema.org\",\"@graph\":[{\"@type\":\"WebPage\",\"@id\":\"https:\/\/swissavant.ch\/netzwerk\/ak-forte\/\",\"url\":\"https:\/\/swissavant.ch\/netzwerk\/ak-forte\/\",\"name\":\"AHV-Ausgleichskasse Forte - soziales Kompetenzzentrum mit Mehrwert\",\"isPartOf\":{\"@id\":\"https:\/\/swissavant.ch\/#website\"},\"datePublished\":\"2023-03-01T10:04:54+00:00\",\"dateModified\":\"2023-10-25T08:45:46+00:00\",\"description\":\"Die Ausgleichkasse \u00abAK Forte\u00bb wird von 11 Gr\u00fcnderverb\u00e4nden getragen und offeriert f\u00fcr \u00fcber 4 500 Unternehmnungen Sozialversicherungs-L\u00f6sungen.\",\"breadcrumb\":{\"@id\":\"https:\/\/swissavant.ch\/netzwerk\/ak-forte\/#breadcrumb\"},\"inLanguage\":\"fr-FR\",\"potentialAction\":[{\"@type\":\"ReadAction\",\"target\":[\"https:\/\/swissavant.ch\/netzwerk\/ak-forte\/\"]}]},{\"@type\":\"BreadcrumbList\",\"@id\":\"https:\/\/swissavant.ch\/netzwerk\/ak-forte\/#breadcrumb\",\"itemListElement\":[{\"@type\":\"ListItem\",\"position\":1,\"name\":\"Home\",\"item\":\"https:\/\/swissavant.ch\/home\/\"},{\"@type\":\"ListItem\",\"position\":2,\"name\":\"Netzwerk\",\"item\":\"https:\/\/swissavant.ch\/netzwerk\/\"},{\"@type\":\"ListItem\",\"position\":3,\"name\":\"AHV-Ausgleichskasse AK Forte\"}]},{\"@type\":\"WebSite\",\"@id\":\"https:\/\/swissavant.ch\/#website\",\"url\":\"https:\/\/swissavant.ch\/\",\"name\":\"Swissavant\",\"description\":\"Swissavant\",\"potentialAction\":[{\"@type\":\"SearchAction\",\"target\":{\"@type\":\"EntryPoint\",\"urlTemplate\":\"https:\/\/swissavant.ch\/?s={search_term_string}\"},\"query-input\":{\"@type\":\"PropertyValueSpecification\",\"valueRequired\":true,\"valueName\":\"search_term_string\"}}],\"inLanguage\":\"fr-FR\"}]}<\/script>\n<!-- \/ Yoast SEO plugin. -->","yoast_head_json":{"title":"Caisse de compensation AVS Forte - un centre de comp\u00e9tences sociales \u00e0 valeur ajout\u00e9e","description":"La caisse de compensation \"AK Forte\" est soutenue par 11 associations fondatrices et propose des solutions d'assurance sociale \u00e0 plus de 4 500 entreprises.","robots":{"index":"index","follow":"follow","max-snippet":"max-snippet:-1","max-image-preview":"max-image-preview:large","max-video-preview":"max-video-preview:-1"},"canonical":"https:\/\/swissavant.ch\/fr\/reseau\/ak-forte\/","og_locale":"fr_FR","og_type":"article","og_title":"AHV-Ausgleichskasse Forte - soziales Kompetenzzentrum mit Mehrwert","og_description":"Die Ausgleichkasse \u00abAK Forte\u00bb wird von 11 Gr\u00fcnderverb\u00e4nden getragen und offeriert f\u00fcr \u00fcber 4 500 Unternehmnungen Sozialversicherungs-L\u00f6sungen.","og_url":"https:\/\/swissavant.ch\/fr\/reseau\/ak-forte\/","og_site_name":"Swissavant","article_modified_time":"2023-10-25T08:45:46+00:00","twitter_misc":{"Dur\u00e9e de lecture estim\u00e9e":"5 minutes"},"schema":{"@context":"https:\/\/schema.org","@graph":[{"@type":"WebPage","@id":"https:\/\/swissavant.ch\/netzwerk\/ak-forte\/","url":"https:\/\/swissavant.ch\/netzwerk\/ak-forte\/","name":"Caisse de compensation AVS Forte - un centre de comp\u00e9tences sociales \u00e0 valeur ajout\u00e9e","isPartOf":{"@id":"https:\/\/swissavant.ch\/#website"},"datePublished":"2023-03-01T10:04:54+00:00","dateModified":"2023-10-25T08:45:46+00:00","description":"La caisse de compensation \"AK Forte\" est soutenue par 11 associations fondatrices et propose des solutions d'assurance sociale \u00e0 plus de 4 500 entreprises.","breadcrumb":{"@id":"https:\/\/swissavant.ch\/netzwerk\/ak-forte\/#breadcrumb"},"inLanguage":"fr-FR","potentialAction":[{"@type":"ReadAction","target":["https:\/\/swissavant.ch\/netzwerk\/ak-forte\/"]}]},{"@type":"BreadcrumbList","@id":"https:\/\/swissavant.ch\/netzwerk\/ak-forte\/#breadcrumb","itemListElement":[{"@type":"ListItem","position":1,"name":"Home","item":"https:\/\/swissavant.ch\/home\/"},{"@type":"ListItem","position":2,"name":"Netzwerk","item":"https:\/\/swissavant.ch\/netzwerk\/"},{"@type":"ListItem","position":3,"name":"AHV-Ausgleichskasse AK Forte"}]},{"@type":"WebSite","@id":"https:\/\/swissavant.ch\/#website","url":"https:\/\/swissavant.ch\/","name":"Swissavant","description":"Swissavant","potentialAction":[{"@type":"SearchAction","target":{"@type":"EntryPoint","urlTemplate":"https:\/\/swissavant.ch\/?s={search_term_string}"},"query-input":{"@type":"PropertyValueSpecification","valueRequired":true,"valueName":"search_term_string"}}],"inLanguage":"fr-FR"}]}},"_links":{"self":[{"href":"https:\/\/swissavant.ch\/fr\/wp-json\/wp\/v2\/pages\/10683","targetHints":{"allow":["GET"]}}],"collection":[{"href":"https:\/\/swissavant.ch\/fr\/wp-json\/wp\/v2\/pages"}],"about":[{"href":"https:\/\/swissavant.ch\/fr\/wp-json\/wp\/v2\/types\/page"}],"author":[{"embeddable":true,"href":"https:\/\/swissavant.ch\/fr\/wp-json\/wp\/v2\/users\/13"}],"replies":[{"embeddable":true,"href":"https:\/\/swissavant.ch\/fr\/wp-json\/wp\/v2\/comments?post=10683"}],"version-history":[{"count":5,"href":"https:\/\/swissavant.ch\/fr\/wp-json\/wp\/v2\/pages\/10683\/revisions"}],"predecessor-version":[{"id":11530,"href":"https:\/\/swissavant.ch\/fr\/wp-json\/wp\/v2\/pages\/10683\/revisions\/11530"}],"up":[{"embeddable":true,"href":"https:\/\/swissavant.ch\/fr\/wp-json\/wp\/v2\/pages\/3792"}],"wp:attachment":[{"href":"https:\/\/swissavant.ch\/fr\/wp-json\/wp\/v2\/media?parent=10683"}],"wp:term":[{"taxonomy":"folder","embeddable":true,"href":"https:\/\/swissavant.ch\/fr\/wp-json\/wp\/v2\/folder?post=10683"}],"curies":[{"name":"wp","href":"https:\/\/api.w.org\/{rel}","templated":true}]}}