{"id":11394,"date":"2023-06-08T09:29:36","date_gmt":"2023-06-08T07:29:36","guid":{"rendered":"https:\/\/swissavant.ch\/?page_id=11394"},"modified":"2023-06-08T10:07:24","modified_gmt":"2023-06-08T08:07:24","slug":"centre-de-clearing-de-donnees-suisse","status":"publish","type":"page","link":"https:\/\/swissavant.ch\/fr\/reseau\/centre-de-clearing-de-donnees-suisse\/","title":{"rendered":"Centre suisse d'\u00e9change de donn\u00e9es"},"content":{"rendered":"<div id='av-layout-grid-1'  class='av-layout-grid-container av-lin66-879a15f0e07f497640bf1c7b5e0caa61 entry-content-wrapper main_color av-flex-cells  avia-builder-el-0  el_before_av_section  avia-builder-el-first   container_wrap fullsize'  >\n\n<style type=\"text\/css\" data-created_by=\"avia_inline_auto\" id=\"style-css-av-ghsda-9f420998e8af68cf152598e95b0559d2\">\n.flex_cell.av-ghsda-9f420998e8af68cf152598e95b0559d2{\nvertical-align:middle;\nheight:400px;\nmin-height:400px;\nbackground-color:#009fe4;\n}\n.responsive #top #wrap_all .flex_cell.av-ghsda-9f420998e8af68cf152598e95b0559d2{\npadding:40px 60px 40px 60px !important;\n}\n<\/style>\n<div class='flex_cell av-ghsda-9f420998e8af68cf152598e95b0559d2 av-gridrow-cell av_one_third no_margin  avia-builder-el-1  el_before_av_cell_one_third  avia-builder-el-first  content-align-middle'  ><div class='flex_cell_inner'>\n<style type=\"text\/css\" data-created_by=\"avia_inline_auto\" id=\"style-css-av-lfi3jcnp-bd9904b4d6df224ddae20cb39913d019\">\n#top .av-special-heading.av-lfi3jcnp-bd9904b4d6df224ddae20cb39913d019{\npadding-bottom:10px;\ncolor:#ffffff;\n}\nbody .av-special-heading.av-lfi3jcnp-bd9904b4d6df224ddae20cb39913d019 .av-special-heading-tag .heading-char{\nfont-size:25px;\n}\n.av-special-heading.av-lfi3jcnp-bd9904b4d6df224ddae20cb39913d019 .special-heading-inner-border{\nborder-color:#ffffff;\n}\n.av-special-heading.av-lfi3jcnp-bd9904b4d6df224ddae20cb39913d019 .av-subheading{\nfont-size:15px;\n}\n<\/style>\n<div  class='av-special-heading av-lfi3jcnp-bd9904b4d6df224ddae20cb39913d019 av-special-heading-h2 custom-color-heading blockquote modern-quote  avia-builder-el-2  avia-builder-el-no-sibling'><h2 class='av-special-heading-tag'  >Centre suisse d'\u00e9change de donn\u00e9es<\/h2><div class='av_custom_color av-subheading av-subheading_below'><p>Premier hub de donn\u00e9es bas\u00e9 sur le cloud<\/p>\n<\/div><div class=\"special-heading-border\"><div class=\"special-heading-inner-border\"><\/div><\/div><\/div>\n<\/div><\/div>\n<style type=\"text\/css\" data-created_by=\"avia_inline_auto\" id=\"style-css-av-719vq-d00d978a182764842a8dcdbde8af3ecf\">\n.flex_cell.av-719vq-d00d978a182764842a8dcdbde8af3ecf{\nvertical-align:middle;\nheight:400px;\nmin-height:400px;\nbackground-color:#e5e8eb;\n}\n.responsive #top #wrap_all .flex_cell.av-719vq-d00d978a182764842a8dcdbde8af3ecf{\npadding:40px 60px 40px 60px !important;\n}\n<\/style>\n<div class='flex_cell av-719vq-d00d978a182764842a8dcdbde8af3ecf av-gridrow-cell av_one_third no_margin  avia-builder-el-3  el_after_av_cell_one_third  el_before_av_cell_one_third  content-align-middle'  ><div class='flex_cell_inner'>\n<style type=\"text\/css\" data-created_by=\"avia_inline_auto\" id=\"style-css-av-lfi3k4jx-16c57995eb6ca1148644caab8b5f6f0b\">\n#top .av_textblock_section.av-lfi3k4jx-16c57995eb6ca1148644caab8b5f6f0b .avia_textblock{\nfont-size:19px;\n}\n<\/style>\n<section  class='av_textblock_section av-lfi3k4jx-16c57995eb6ca1148644caab8b5f6f0b'  ><div class='avia_textblock' ><p>Le Swiss Data Clearing Center (SDCC) est le premier hub de donn\u00e9es suisse bas\u00e9 sur le cloud, qui relie facilement les fabricants, les fournisseurs et les commer\u00e7ants et permet l'\u00e9change de donn\u00e9es sur les produits. Il est donc consid\u00e9r\u00e9 comme une gestion moderne des donn\u00e9es pour les produits commerciaux.<\/p>\n<\/div><\/section>\n<\/div><\/div>\n<style type=\"text\/css\" data-created_by=\"avia_inline_auto\" id=\"style-css-av-lfi3n0bx-05a2db1cc6313288ba1d5d70b285d079\">\n.flex_cell.av-lfi3n0bx-05a2db1cc6313288ba1d5d70b285d079{\nvertical-align:top;\nheight:400px;\nmin-height:400px;\nbackground:url(https:\/\/swissavant.ch\/mediathek\/2023\/06\/476-SDCC-714x401.jpg) 50% 0% no-repeat scroll ;\n}\n<\/style>\n<div class='flex_cell av-lfi3n0bx-05a2db1cc6313288ba1d5d70b285d079 av-gridrow-cell av_one_third no_margin  avia-builder-el-5  el_after_av_cell_one_third  avia-builder-el-last  content-align-top avia-full-stretch'  ><div class='flex_cell_inner'><\/div><\/div><\/div><div id='stretch_width2'  class='avia-section av-1z1ghy-253afba3c530272222e90bb08835c993 alternate_color avia-section-huge avia-no-border-styling  avia-builder-el-6  el_after_av_layout_row  el_before_av_section  avia-bg-style-scroll container_wrap fullsize'  ><div class='container av-section-cont-open' ><div class='template-page content  av-content-full alpha units'><div class='post-entry post-entry-type-page post-entry-11394'><div class='entry-content-wrapper clearfix'>\n<div class='flex_column_table av-6cwke-361a14babc8e6b2e1842d33f6501fdf8 sc-av_one_half av-equal-height-column-flextable'>\n<style type=\"text\/css\" data-created_by=\"avia_inline_auto\" id=\"style-css-av-6cwke-361a14babc8e6b2e1842d33f6501fdf8\">\n@keyframes av_boxShadowEffect_av-6cwke-361a14babc8e6b2e1842d33f6501fdf8-column {\n0%   { box-shadow:  0 0 0 0 #dbdbdb; opacity: 1; }\n100% { box-shadow:  0 0 20px 0 #dbdbdb; opacity: 1; }\n}\n.flex_column.av-6cwke-361a14babc8e6b2e1842d33f6501fdf8{\nwidth:48%;\nmargin-left:0;\nbox-shadow: 0 0 20px 0 #dbdbdb;\npadding:30px 30px 30px 30px;\nbackground-color:#ffffff;\n}\n#top .flex_column_table.av-equal-height-column-flextable.av-6cwke-361a14babc8e6b2e1842d33f6501fdf8 .av-flex-placeholder{\nwidth:4%;\n}\n<\/style>\n<div  class='flex_column av-6cwke-361a14babc8e6b2e1842d33f6501fdf8 av_one_half  avia-builder-el-7  el_before_av_one_half  avia-builder-el-first  first flex_column_table_cell av-equal-height-column av-align-top shadow-not-animated'     ><p>\n<style type=\"text\/css\" data-created_by=\"avia_inline_auto\" id=\"style-css-av-l8wthr0u-c6762c9506a31809d62da51b2de45670\">\n.av_font_icon.av-l8wthr0u-c6762c9506a31809d62da51b2de45670 .av-icon-char{\nfont-size:60px;\nline-height:60px;\n}\n<\/style>\n<span  class='av_font_icon av-l8wthr0u-c6762c9506a31809d62da51b2de45670 avia_animate_when_visible av-icon-style- avia-icon-pos-center avia-iconfont avia-font-fontello av-no-color avia-icon-animate'><span class='av-icon-char' data-av_icon='\ue801' data-av_iconfont='fontello' aria-hidden=\"true\" ><\/span><\/span><br \/>\n\n<style type=\"text\/css\" data-created_by=\"avia_inline_auto\" id=\"style-css-av-l8wth487-c4e38272488ba2812935aba9e5cca190\">\n#top .av-special-heading.av-l8wth487-c4e38272488ba2812935aba9e5cca190{\npadding-bottom:10px;\n}\nbody .av-special-heading.av-l8wth487-c4e38272488ba2812935aba9e5cca190 .av-special-heading-tag .heading-char{\nfont-size:25px;\n}\n.av-special-heading.av-l8wth487-c4e38272488ba2812935aba9e5cca190 .av-subheading{\nfont-size:15px;\n}\n<\/style>\n<div  class='av-special-heading av-l8wth487-c4e38272488ba2812935aba9e5cca190 av-special-heading-h4 blockquote modern-quote  avia-builder-el-9  el_after_av_font_icon  el_before_av_textblock'><h4 class='av-special-heading-tag'  >SDCC pour les fabricants et les distributeurs: la solution pour la gestion des donn\u00e9es<\/h4><div class=\"special-heading-border\"><div class=\"special-heading-inner-border\"><\/div><\/div><\/div><br \/>\n<section  class='av_textblock_section av-l8wthagq-19c69506a5f8458007e7eca46b1ab716'  ><div class='avia_textblock' ><p>Avec le Swiss Data Clearing Center (SDCC), nous avons la solution professionnelle et librement accessible: une gestion des donn\u00e9es bas\u00e9e sur le cloud! Il relie les fabricants et les commer\u00e7ants sans rupture de m\u00e9dia. Il est possible d'acc\u00e9der \u00e0 une base de donn\u00e9es produits identique en ligne et hors ligne.<\/p>\n<\/div><\/section><\/p><\/div><div class='av-flex-placeholder'><\/div>\n<style type=\"text\/css\" data-created_by=\"avia_inline_auto\" id=\"style-css-av-1j5b9y-dd61a10e15f7f7ac5a928cc2a3bd548a\">\n@keyframes av_boxShadowEffect_av-1j5b9y-dd61a10e15f7f7ac5a928cc2a3bd548a-column {\n0%   { box-shadow:  0 0 0 0 #dbdbdb; opacity: 1; }\n100% { box-shadow:  0 0 20px 0 #dbdbdb; opacity: 1; }\n}\n.flex_column.av-1j5b9y-dd61a10e15f7f7ac5a928cc2a3bd548a{\nwidth:48%;\nmargin-left:0;\nbox-shadow: 0 0 20px 0 #dbdbdb;\npadding:30px 30px 30px 30px;\nbackground-color:#ffffff;\n}\n#top .flex_column_table.av-equal-height-column-flextable.av-1j5b9y-dd61a10e15f7f7ac5a928cc2a3bd548a .av-flex-placeholder{\nwidth:4%;\n}\n<\/style>\n<div  class='flex_column av-1j5b9y-dd61a10e15f7f7ac5a928cc2a3bd548a av_one_half  avia-builder-el-11  el_after_av_one_half  avia-builder-el-last  flex_column_table_cell av-equal-height-column av-align-top shadow-not-animated'     ><p>\n<style type=\"text\/css\" data-created_by=\"avia_inline_auto\" id=\"style-css-av-l8wtijpx-ac4d10ab4301bee51441884a2669e658\">\n.av_font_icon.av-l8wtijpx-ac4d10ab4301bee51441884a2669e658 .av-icon-char{\nfont-size:60px;\nline-height:60px;\n}\n<\/style>\n<span  class='av_font_icon av-l8wtijpx-ac4d10ab4301bee51441884a2669e658 avia_animate_when_visible av-icon-style- avia-icon-pos-center avia-iconfont avia-font-entypo-fontello av-no-color avia-icon-animate'><span class='av-icon-char' data-av_icon='\ue82f' data-av_iconfont='entypo-fontello' aria-hidden=\"true\" ><\/span><\/span><br \/>\n\n<style type=\"text\/css\" data-created_by=\"avia_inline_auto\" id=\"style-css-av-l8wthxfj-c0fbe747f644a7b99c004746d614d932\">\n#top .av-special-heading.av-l8wthxfj-c0fbe747f644a7b99c004746d614d932{\npadding-bottom:10px;\n}\nbody .av-special-heading.av-l8wthxfj-c0fbe747f644a7b99c004746d614d932 .av-special-heading-tag .heading-char{\nfont-size:25px;\n}\n.av-special-heading.av-l8wthxfj-c0fbe747f644a7b99c004746d614d932 .av-subheading{\nfont-size:15px;\n}\n<\/style>\n<div  class='av-special-heading av-l8wthxfj-c0fbe747f644a7b99c004746d614d932 av-special-heading-h4 blockquote modern-quote  avia-builder-el-13  el_after_av_font_icon  el_before_av_textblock'><h4 class='av-special-heading-tag'  >Desservir rapidement les canaux de vente<\/h4><div class=\"special-heading-border\"><div class=\"special-heading-inner-border\"><\/div><\/div><\/div><br \/>\n<section  class='av_textblock_section av-l8wti63v-19e71dab5a951eed9445e84cba5c514f'  ><div class='avia_textblock' ><p>Gr\u00e2ce au hub de donn\u00e9es SDCC, les fabricants et les commer\u00e7ants peuvent se coordonner entre eux pour desservir rapidement leurs canaux de vente. Et mettre en \u0153uvre une strat\u00e9gie multicanale moderne, num\u00e9rique et stationnaire. Le moteur de donn\u00e9es SDCC acc\u00e9l\u00e8re les processus. Et permet d'\u00e9conomiser du temps et de l'argent.<\/p>\n<\/div><\/section><\/p><\/div><\/div><!--close column table wrapper. Autoclose: 1 -->\n<\/p>\n<\/div><\/div><\/div><!-- close content main div --><\/div><\/div>\n<style type=\"text\/css\" data-created_by=\"avia_inline_auto\" id=\"style-css-av-2f3jm76-828a28dfcdba74e384dfc32d0f086d5b\">\n.avia-section.av-2f3jm76-828a28dfcdba74e384dfc32d0f086d5b{\nbackground-color:#4c748e;\nbackground-image:unset;\n}\n<\/style>\n<div id='av_section_2'  class='avia-section av-2f3jm76-828a28dfcdba74e384dfc32d0f086d5b alternate_color avia-section-large avia-shadow  avia-builder-el-15  el_after_av_section  avia-builder-el-last  avia-bg-style-parallax container_wrap fullsize'  ><div class='container av-section-cont-open' ><div class='template-page content  av-content-full alpha units'><div class='post-entry post-entry-type-page post-entry-11394'><div class='entry-content-wrapper clearfix'>\n<div class='flex_column_table av-28t06iq-3b8cbe92c9d12bc7eb4bbd5af80d52f1 sc-av_three_fourth av-equal-height-column-flextable'>\n<style type=\"text\/css\" data-created_by=\"avia_inline_auto\" id=\"style-css-av-28t06iq-3b8cbe92c9d12bc7eb4bbd5af80d52f1\">\n.flex_column.av-28t06iq-3b8cbe92c9d12bc7eb4bbd5af80d52f1{\nborder-radius:0px 0px 0px 0px;\npadding:0px 0px 0px 0px;\n}\n<\/style>\n<div  class='flex_column av-28t06iq-3b8cbe92c9d12bc7eb4bbd5af80d52f1 av_three_fourth  avia-builder-el-16  el_before_av_one_fourth  avia-builder-el-first  first flex_column_table_cell av-equal-height-column av-align-middle av-zero-column-padding'     ><p>\n<style type=\"text\/css\" data-created_by=\"avia_inline_auto\" id=\"style-css-av-limue017-284725c5782043ae69e93f94401d2857\">\n#top .av-special-heading.av-limue017-284725c5782043ae69e93f94401d2857{\npadding-bottom:10px;\ncolor:#ffffff;\nfont-size:28px;\n}\nbody .av-special-heading.av-limue017-284725c5782043ae69e93f94401d2857 .av-special-heading-tag .heading-char{\nfont-size:25px;\n}\n#top #wrap_all .av-special-heading.av-limue017-284725c5782043ae69e93f94401d2857 .av-special-heading-tag{\nfont-size:28px;\n}\n.av-special-heading.av-limue017-284725c5782043ae69e93f94401d2857 .special-heading-inner-border{\nborder-color:#ffffff;\n}\n.av-special-heading.av-limue017-284725c5782043ae69e93f94401d2857 .av-subheading{\nfont-size:17px;\n}\n\n@media only screen and (min-width: 480px) and (max-width: 767px){ \n#top #wrap_all .av-special-heading.av-limue017-284725c5782043ae69e93f94401d2857 .av-special-heading-tag{\nfont-size:0.8em;\n}\n}\n\n@media only screen and (max-width: 479px){ \n#top #wrap_all .av-special-heading.av-limue017-284725c5782043ae69e93f94401d2857 .av-special-heading-tag{\nfont-size:0.8em;\n}\n}\n<\/style>\n<div  class='av-special-heading av-limue017-284725c5782043ae69e93f94401d2857 av-special-heading-h2 custom-color-heading blockquote modern-quote  avia-builder-el-17  el_before_av_textblock  avia-builder-el-first  av-inherit-size'><h2 class='av-special-heading-tag'  >Le hub de donn\u00e9es moderne pour les fabricants et les distributeurs<\/h2><div class=\"special-heading-border\"><div class=\"special-heading-inner-border\"><\/div><\/div><\/div><br \/>\n\n<style type=\"text\/css\" data-created_by=\"avia_inline_auto\" id=\"style-css-av-limudfu2-3f16ee308f5f5a3f1309b3dba8dfe909\">\n#top .av_textblock_section.av-limudfu2-3f16ee308f5f5a3f1309b3dba8dfe909 .avia_textblock{\nfont-size:20px;\ncolor:#ffffff;\n}\n<\/style>\n<section  class='av_textblock_section av-limudfu2-3f16ee308f5f5a3f1309b3dba8dfe909'  ><div class='avia_textblock av_inherit_color' ><p>Gestion moderne des donn\u00e9es produits: les fournisseurs t\u00e9l\u00e9chargent leurs donn\u00e9es produits de mani\u00e8re automatis\u00e9e et les mettent \u00e0 la disposition des commer\u00e7ants sous une forme coh\u00e9rente.<\/p>\n<\/div><\/section><br \/>\n\n<style type=\"text\/css\" data-created_by=\"avia_inline_auto\" id=\"style-css-av-1q5jigy-b7c443409ddda548a8ab3f2dc35ef989\">\n#top .hr.hr-invisible.av-1q5jigy-b7c443409ddda548a8ab3f2dc35ef989{\nheight:10px;\n}\n<\/style>\n<div  class='hr av-1q5jigy-b7c443409ddda548a8ab3f2dc35ef989 hr-invisible  avia-builder-el-19  el_after_av_textblock  el_before_av_button'><span class='hr-inner'><span class=\"hr-inner-style\"><\/span><\/span><\/div><br \/>\n<div  class='avia-button-wrap av-limueuba-c8333ead1538531cb1edf5c859bde227-wrap avia-button-left  avia-builder-el-20  el_after_av_hr  avia-builder-el-last'><a href='https:\/\/sdcc.ch\/'  class='avia-button av-limueuba-c8333ead1538531cb1edf5c859bde227 av-link-btn avia-icon_select-yes-left-icon avia-size-medium avia-position-left avia-color-light'  target=\"_blank\"  rel=\"noopener noreferrer\"  aria-label=\"Vers le site web du SDCC\"><span class='avia_button_icon avia_button_icon_left avia-iconfont avia-font-entypo-fontello' data-av_icon='\ue832' data-av_iconfont='entypo-fontello' ><\/span><span class='avia_iconbox_title' >Vers le site web du SDCC<\/span><\/a><\/div><\/p><\/div><div class='av-flex-placeholder'><\/div>\n<style type=\"text\/css\" data-created_by=\"avia_inline_auto\" id=\"style-css-av-1asqjaa-6bdb39e3fcfbc2cdc227e458627557fa\">\n.flex_column.av-1asqjaa-6bdb39e3fcfbc2cdc227e458627557fa{\nborder-radius:0px 0px 0px 0px;\npadding:0px 0px 0px 0px;\n}\n<\/style>\n<div  class='flex_column av-1asqjaa-6bdb39e3fcfbc2cdc227e458627557fa av_one_fourth  avia-builder-el-21  el_after_av_three_fourth  avia-builder-el-last  flex_column_table_cell av-equal-height-column av-align-middle av-zero-column-padding'     ><style type=\"text\/css\" data-created_by=\"avia_inline_auto\" id=\"style-css-av-245l2a-fa99f7294b85e276f0213ffacd8591d9\">\n.av_font_icon.av-245l2a-fa99f7294b85e276f0213ffacd8591d9{\ncolor:#ffffff;\nborder-color:#ffffff;\n}\n.avia-svg-icon.av-245l2a-fa99f7294b85e276f0213ffacd8591d9 svg:first-child{\nstroke:#ffffff;\nfill:#ffffff;\n}\n.av_font_icon.av-245l2a-fa99f7294b85e276f0213ffacd8591d9 .av-icon-char{\nfont-size:50px;\nline-height:50px;\nwidth:50px;\n}\n<\/style>\n<span  class='av_font_icon av-245l2a-fa99f7294b85e276f0213ffacd8591d9 avia_animate_when_visible av-icon-style-border avia-icon-pos-center avia-iconfont avia-font-entypo-fontello avia-icon-animate'><span class='av-icon-char' data-av_icon='\ue81f' data-av_iconfont='entypo-fontello' aria-hidden=\"true\" ><\/span><\/span><\/div><\/div><!--close column table wrapper. Autoclose: 1 -->","protected":false},"excerpt":{"rendered":"<p>La caisse de pension Merlion propose \u00e0 tous les membres de Swissavant des solutions de pr\u00e9voyance individuelles dans le cadre de la LPP - et ce \u00e0 des conditions tr\u00e8s attrayantes et avec des services en ligne ultramodernes.<\/p>","protected":false},"author":13,"featured_media":0,"parent":3792,"menu_order":3,"comment_status":"closed","ping_status":"closed","template":"","meta":{"_acf_changed":false,"_monsterinsights_skip_tracking":false,"_monsterinsights_sitenote_active":false,"_monsterinsights_sitenote_note":"","_monsterinsights_sitenote_category":0,"footnotes":""},"folder":[],"class_list":["post-11394","page","type-page","status-publish","hentry"],"acf":[],"yoast_head":"<!-- This site is optimized with the Yoast SEO plugin v26.8 - https:\/\/yoast.com\/product\/yoast-seo-wordpress\/ -->\n<title>Pensionskasse Merlion - moderne Vorsorge zu attraktiven Konditionen<\/title>\n<meta name=\"description\" content=\"Die Pensionskasse Merlion bietet f\u00fcr alle Mitglieder von Swissavant individuelle Vorsorgel\u00f6sungen im Rahmen des BVG an zu attraktiven Konditionen.\" \/>\n<meta name=\"robots\" content=\"index, follow, max-snippet:-1, max-image-preview:large, max-video-preview:-1\" \/>\n<link rel=\"canonical\" href=\"https:\/\/swissavant.ch\/fr\/reseau\/centre-de-clearing-de-donnees-suisse\/\" \/>\n<meta property=\"og:locale\" content=\"fr_FR\" \/>\n<meta property=\"og:type\" content=\"article\" \/>\n<meta property=\"og:title\" content=\"Pensionskasse Merlion - moderne Vorsorge zu attraktiven Konditionen\" \/>\n<meta property=\"og:description\" content=\"Die Pensionskasse Merlion bietet f\u00fcr alle Mitglieder von Swissavant individuelle Vorsorgel\u00f6sungen im Rahmen des BVG an zu attraktiven Konditionen.\" \/>\n<meta property=\"og:url\" content=\"https:\/\/swissavant.ch\/fr\/reseau\/centre-de-clearing-de-donnees-suisse\/\" \/>\n<meta property=\"og:site_name\" content=\"Swissavant\" \/>\n<meta property=\"article:modified_time\" content=\"2023-06-08T08:07:24+00:00\" \/>\n<meta name=\"twitter:label1\" content=\"Dur\u00e9e de lecture estim\u00e9e\" \/>\n\t<meta name=\"twitter:data1\" content=\"7 minutes\" \/>\n<script type=\"application\/ld+json\" class=\"yoast-schema-graph\">{\"@context\":\"https:\/\/schema.org\",\"@graph\":[{\"@type\":\"WebPage\",\"@id\":\"https:\/\/swissavant.ch\/netzwerk\/swiss-data-clearing-center\/\",\"url\":\"https:\/\/swissavant.ch\/netzwerk\/swiss-data-clearing-center\/\",\"name\":\"Pensionskasse Merlion - moderne Vorsorge zu attraktiven Konditionen\",\"isPartOf\":{\"@id\":\"https:\/\/swissavant.ch\/#website\"},\"datePublished\":\"2023-06-08T07:29:36+00:00\",\"dateModified\":\"2023-06-08T08:07:24+00:00\",\"description\":\"Die Pensionskasse Merlion bietet f\u00fcr alle Mitglieder von Swissavant individuelle Vorsorgel\u00f6sungen im Rahmen des BVG an zu attraktiven Konditionen.\",\"breadcrumb\":{\"@id\":\"https:\/\/swissavant.ch\/netzwerk\/swiss-data-clearing-center\/#breadcrumb\"},\"inLanguage\":\"fr-FR\",\"potentialAction\":[{\"@type\":\"ReadAction\",\"target\":[\"https:\/\/swissavant.ch\/netzwerk\/swiss-data-clearing-center\/\"]}]},{\"@type\":\"BreadcrumbList\",\"@id\":\"https:\/\/swissavant.ch\/netzwerk\/swiss-data-clearing-center\/#breadcrumb\",\"itemListElement\":[{\"@type\":\"ListItem\",\"position\":1,\"name\":\"Home\",\"item\":\"https:\/\/swissavant.ch\/home\/\"},{\"@type\":\"ListItem\",\"position\":2,\"name\":\"Netzwerk\",\"item\":\"https:\/\/swissavant.ch\/netzwerk\/\"},{\"@type\":\"ListItem\",\"position\":3,\"name\":\"Swiss Data Clearing Center\"}]},{\"@type\":\"WebSite\",\"@id\":\"https:\/\/swissavant.ch\/#website\",\"url\":\"https:\/\/swissavant.ch\/\",\"name\":\"Swissavant\",\"description\":\"Swissavant\",\"potentialAction\":[{\"@type\":\"SearchAction\",\"target\":{\"@type\":\"EntryPoint\",\"urlTemplate\":\"https:\/\/swissavant.ch\/?s={search_term_string}\"},\"query-input\":{\"@type\":\"PropertyValueSpecification\",\"valueRequired\":true,\"valueName\":\"search_term_string\"}}],\"inLanguage\":\"fr-FR\"}]}<\/script>\n<!-- \/ Yoast SEO plugin. -->","yoast_head_json":{"title":"Caisse de pension Merlion - une pr\u00e9voyance moderne \u00e0 des conditions attrayantes","description":"La caisse de pension Merlion propose \u00e0 tous les membres de Swissavant des solutions de pr\u00e9voyance individuelles dans le cadre de la LPP \u00e0 des conditions attrayantes.","robots":{"index":"index","follow":"follow","max-snippet":"max-snippet:-1","max-image-preview":"max-image-preview:large","max-video-preview":"max-video-preview:-1"},"canonical":"https:\/\/swissavant.ch\/fr\/reseau\/centre-de-clearing-de-donnees-suisse\/","og_locale":"fr_FR","og_type":"article","og_title":"Pensionskasse Merlion - moderne Vorsorge zu attraktiven Konditionen","og_description":"Die Pensionskasse Merlion bietet f\u00fcr alle Mitglieder von Swissavant individuelle Vorsorgel\u00f6sungen im Rahmen des BVG an zu attraktiven Konditionen.","og_url":"https:\/\/swissavant.ch\/fr\/reseau\/centre-de-clearing-de-donnees-suisse\/","og_site_name":"Swissavant","article_modified_time":"2023-06-08T08:07:24+00:00","twitter_misc":{"Dur\u00e9e de lecture estim\u00e9e":"7 minutes"},"schema":{"@context":"https:\/\/schema.org","@graph":[{"@type":"WebPage","@id":"https:\/\/swissavant.ch\/netzwerk\/swiss-data-clearing-center\/","url":"https:\/\/swissavant.ch\/netzwerk\/swiss-data-clearing-center\/","name":"Caisse de pension Merlion - une pr\u00e9voyance moderne \u00e0 des conditions attrayantes","isPartOf":{"@id":"https:\/\/swissavant.ch\/#website"},"datePublished":"2023-06-08T07:29:36+00:00","dateModified":"2023-06-08T08:07:24+00:00","description":"La caisse de pension Merlion propose \u00e0 tous les membres de Swissavant des solutions de pr\u00e9voyance individuelles dans le cadre de la LPP \u00e0 des conditions attrayantes.","breadcrumb":{"@id":"https:\/\/swissavant.ch\/netzwerk\/swiss-data-clearing-center\/#breadcrumb"},"inLanguage":"fr-FR","potentialAction":[{"@type":"ReadAction","target":["https:\/\/swissavant.ch\/netzwerk\/swiss-data-clearing-center\/"]}]},{"@type":"BreadcrumbList","@id":"https:\/\/swissavant.ch\/netzwerk\/swiss-data-clearing-center\/#breadcrumb","itemListElement":[{"@type":"ListItem","position":1,"name":"Home","item":"https:\/\/swissavant.ch\/home\/"},{"@type":"ListItem","position":2,"name":"Netzwerk","item":"https:\/\/swissavant.ch\/netzwerk\/"},{"@type":"ListItem","position":3,"name":"Swiss Data Clearing Center"}]},{"@type":"WebSite","@id":"https:\/\/swissavant.ch\/#website","url":"https:\/\/swissavant.ch\/","name":"Swissavant","description":"Swissavant","potentialAction":[{"@type":"SearchAction","target":{"@type":"EntryPoint","urlTemplate":"https:\/\/swissavant.ch\/?s={search_term_string}"},"query-input":{"@type":"PropertyValueSpecification","valueRequired":true,"valueName":"search_term_string"}}],"inLanguage":"fr-FR"}]}},"_links":{"self":[{"href":"https:\/\/swissavant.ch\/fr\/wp-json\/wp\/v2\/pages\/11394","targetHints":{"allow":["GET"]}}],"collection":[{"href":"https:\/\/swissavant.ch\/fr\/wp-json\/wp\/v2\/pages"}],"about":[{"href":"https:\/\/swissavant.ch\/fr\/wp-json\/wp\/v2\/types\/page"}],"author":[{"embeddable":true,"href":"https:\/\/swissavant.ch\/fr\/wp-json\/wp\/v2\/users\/13"}],"replies":[{"embeddable":true,"href":"https:\/\/swissavant.ch\/fr\/wp-json\/wp\/v2\/comments?post=11394"}],"version-history":[{"count":5,"href":"https:\/\/swissavant.ch\/fr\/wp-json\/wp\/v2\/pages\/11394\/revisions"}],"predecessor-version":[{"id":11403,"href":"https:\/\/swissavant.ch\/fr\/wp-json\/wp\/v2\/pages\/11394\/revisions\/11403"}],"up":[{"embeddable":true,"href":"https:\/\/swissavant.ch\/fr\/wp-json\/wp\/v2\/pages\/3792"}],"wp:attachment":[{"href":"https:\/\/swissavant.ch\/fr\/wp-json\/wp\/v2\/media?parent=11394"}],"wp:term":[{"taxonomy":"folder","embeddable":true,"href":"https:\/\/swissavant.ch\/fr\/wp-json\/wp\/v2\/folder?post=11394"}],"curies":[{"name":"wp","href":"https:\/\/api.w.org\/{rel}","templated":true}]}}