{"id":12632,"date":"2025-02-20T10:33:02","date_gmt":"2025-02-20T09:33:02","guid":{"rendered":"https:\/\/swissavant.ch\/?page_id=12632"},"modified":"2025-02-20T11:07:44","modified_gmt":"2025-02-20T10:07:44","slug":"header-news","status":"publish","type":"page","link":"https:\/\/swissavant.ch\/fr\/header-news\/","title":{"rendered":"Nouvelles d'en-t\u00eate"},"content":{"rendered":"<style type=\"text\/css\" data-created_by=\"avia_inline_auto\" id=\"style-css-av-m7d5ctz6-341a3ff1fcf2a5c19bfb790a20d1b1db\">\n.avia-section.av-m7d5ctz6-341a3ff1fcf2a5c19bfb790a20d1b1db{\nbackground-repeat:no-repeat;\nbackground-image:url(https:\/\/swissavant.ch\/mediathek\/2024\/02\/Micro_2500x1500.jpg);\nbackground-position:0% 50%;\nbackground-attachment:scroll;\n}\n.avia-section.av-m7d5ctz6-341a3ff1fcf2a5c19bfb790a20d1b1db .av-section-color-overlay{\nopacity:0.4;\nbackground-color:#080003;\n}\n<\/style>\n<div id='stretch_width2'  class='avia-section av-m7d5ctz6-341a3ff1fcf2a5c19bfb790a20d1b1db main_color avia-section-huge avia-no-border-styling  avia-builder-el-0  avia-builder-el-no-sibling  avia-bg-style-scroll av-section-color-overlay-active av-minimum-height av-minimum-height-custom av-height-custom  container_wrap fullsize'  data-section-bg-repeat='no-repeat' data-av_minimum_height_px='750'><div class=\"av-section-color-overlay-wrap\"><div class=\"av-section-color-overlay\"><\/div><div class='container av-section-cont-open' style='height:750px'><main  class='template-page content  av-content-full alpha units'><div class='post-entry post-entry-type-page post-entry-12632'><div class='entry-content-wrapper clearfix'>\n<div  class='flex_column av-14util4-455dd633064118f0029046db378cfa09 av_one_half  avia-builder-el-1  el_before_av_one_half  avia-builder-el-first  first flex_column_div'     ><\/div><div  class='flex_column av-mggs3c-819408a581c4758667d0f3559c7fd147 av_one_half  avia-builder-el-2  el_after_av_one_half  avia-builder-el-last  flex_column_div'     ><p>\n<style type=\"text\/css\" data-created_by=\"avia_inline_auto\" id=\"style-css-av-m7d5svwz-e2415159025de960ea4ad14d7821d692\">\n#top .av_textblock_section.av-m7d5svwz-e2415159025de960ea4ad14d7821d692 .avia_textblock{\nfont-size:24px;\ncolor:#ffffff;\n}\n<\/style>\n<section  class='av_textblock_section av-m7d5svwz-e2415159025de960ea4ad14d7821d692'  ><div class='avia_textblock test av_inherit_color' ><p><strong>JOURN\u00c9E NATIONALE DE LA BRANCHE AG 2025<\/strong><\/p>\n<\/div><\/section><br \/>\n\n<style type=\"text\/css\" data-created_by=\"avia_inline_auto\" id=\"style-css-av-m7d6avns-370b61e1bb255b2d4c021a323bcd640d\">\n#top .hr.hr-invisible.av-m7d6avns-370b61e1bb255b2d4c021a323bcd640d{\nheight:2px;\n}\n<\/style>\n<div  class='hr av-m7d6avns-370b61e1bb255b2d4c021a323bcd640d hr-invisible  avia-builder-el-4  el_after_av_textblock  el_before_av_textblock'><span class='hr-inner'><span class=\"hr-inner-style\"><\/span><\/span><\/div><br \/>\n\n<style type=\"text\/css\" data-created_by=\"avia_inline_auto\" id=\"style-css-av-m7d5g4gk-087136dc8f05459ccfe7a93bc2108c18\">\n#top .av_textblock_section.av-m7d5g4gk-087136dc8f05459ccfe7a93bc2108c18 .avia_textblock{\nfont-size:21px;\ncolor:#ffffff;\n}\n<\/style>\n<section  class='av_textblock_section av-m7d5g4gk-087136dc8f05459ccfe7a93bc2108c18'  ><div class='avia_textblock av_inherit_color' ><p>La journ\u00e9e nationale de la branche avec assembl\u00e9e g\u00e9n\u00e9rale<br \/>\naura lieu le <strong>Lundi 7 avril 2025 \u00e0 Zurich-A\u00e9roport<\/strong> .<br \/>\nRegardez notre nouvelle vid\u00e9o \"Save the Date\".<\/p>\n<\/div><\/section><br \/>\n\n<style type=\"text\/css\" data-created_by=\"avia_inline_auto\" id=\"style-css-av-tvq9js-be2838c304a2520e45094580e2815dc9\">\n#top .hr.hr-invisible.av-tvq9js-be2838c304a2520e45094580e2815dc9{\nheight:15px;\n}\n<\/style>\n<div  class='hr av-tvq9js-be2838c304a2520e45094580e2815dc9 hr-invisible  avia-builder-el-6  el_after_av_textblock  el_before_av_button'><span class='hr-inner'><span class=\"hr-inner-style\"><\/span><\/span><\/div><br \/>\n<div  class='avia-button-wrap av-m7d5gstw-9f9f45a985946d958232d52ad65b44db-wrap avia-button-left  avia-builder-el-7  el_after_av_hr  avia-builder-el-last'>\n<style type=\"text\/css\" data-created_by=\"avia_inline_auto\" id=\"style-css-av-m7d5gstw-9f9f45a985946d958232d52ad65b44db\">\n#top #wrap_all .avia-button.av-m7d5gstw-9f9f45a985946d958232d52ad65b44db{\ncolor:#009fe3;\ntransition:all 0.4s ease-in-out;\n}\n#top #wrap_all .avia-button.av-m7d5gstw-9f9f45a985946d958232d52ad65b44db:hover{\nbackground-color:#4d748f;\ncolor:white;\ntransition:all 0.4s ease-in-out;\n}\n#top #wrap_all .avia-button.av-m7d5gstw-9f9f45a985946d958232d52ad65b44db .avia-svg-icon svg:first-child{\nfill:#009fe3;\nstroke:#009fe3;\n}\n#top #wrap_all .avia-button.av-m7d5gstw-9f9f45a985946d958232d52ad65b44db:hover .avia-svg-icon svg:first-child{\nfill:white;\nstroke:white;\n}\n<\/style>\n<a href=''  class='avia-button av-m7d5gstw-9f9f45a985946d958232d52ad65b44db av-link-btn avia-icon_select-yes-left-icon avia-size-x-large avia-position-left avia-color-white'   aria-label=\"voir la vid\u00e9o\"><span class='avia_button_icon avia_button_icon_left avia-iconfont avia-font-entypo-fontello' data-av_icon='\ue832' data-av_iconfont='entypo-fontello' ><\/span><span class='avia_iconbox_title' >voir la vid\u00e9o<\/span><\/a><\/div><\/p><\/div>","protected":false},"excerpt":{"rendered":"","protected":false},"author":12,"featured_media":0,"parent":0,"menu_order":0,"comment_status":"closed","ping_status":"closed","template":"","meta":{"_acf_changed":false,"_monsterinsights_skip_tracking":false,"_monsterinsights_sitenote_active":false,"_monsterinsights_sitenote_note":"","_monsterinsights_sitenote_category":0,"footnotes":""},"folder":[],"class_list":["post-12632","page","type-page","status-publish","hentry"],"acf":[],"yoast_head":"<!-- This site is optimized with the Yoast SEO plugin v26.8 - https:\/\/yoast.com\/product\/yoast-seo-wordpress\/ -->\n<title>Header News - Swissavant<\/title>\n<meta name=\"robots\" content=\"index, follow, max-snippet:-1, max-image-preview:large, max-video-preview:-1\" \/>\n<link rel=\"canonical\" href=\"https:\/\/swissavant.ch\/fr\/header-news\/\" \/>\n<meta property=\"og:locale\" content=\"fr_FR\" \/>\n<meta property=\"og:type\" content=\"article\" \/>\n<meta property=\"og:title\" content=\"Header News - Swissavant\" \/>\n<meta property=\"og:url\" content=\"https:\/\/swissavant.ch\/fr\/header-news\/\" \/>\n<meta property=\"og:site_name\" content=\"Swissavant\" \/>\n<meta property=\"article:modified_time\" content=\"2025-02-20T10:07:44+00:00\" \/>\n<meta name=\"twitter:label1\" content=\"Dur\u00e9e de lecture estim\u00e9e\" \/>\n\t<meta name=\"twitter:data1\" content=\"1 minute\" \/>\n<script type=\"application\/ld+json\" class=\"yoast-schema-graph\">{\"@context\":\"https:\/\/schema.org\",\"@graph\":[{\"@type\":\"WebPage\",\"@id\":\"https:\/\/swissavant.ch\/header-news\/\",\"url\":\"https:\/\/swissavant.ch\/header-news\/\",\"name\":\"Header News - Swissavant\",\"isPartOf\":{\"@id\":\"https:\/\/swissavant.ch\/#website\"},\"datePublished\":\"2025-02-20T09:33:02+00:00\",\"dateModified\":\"2025-02-20T10:07:44+00:00\",\"breadcrumb\":{\"@id\":\"https:\/\/swissavant.ch\/header-news\/#breadcrumb\"},\"inLanguage\":\"fr-FR\",\"potentialAction\":[{\"@type\":\"ReadAction\",\"target\":[\"https:\/\/swissavant.ch\/header-news\/\"]}]},{\"@type\":\"BreadcrumbList\",\"@id\":\"https:\/\/swissavant.ch\/header-news\/#breadcrumb\",\"itemListElement\":[{\"@type\":\"ListItem\",\"position\":1,\"name\":\"Home\",\"item\":\"https:\/\/swissavant.ch\/home\/\"},{\"@type\":\"ListItem\",\"position\":2,\"name\":\"Header News\"}]},{\"@type\":\"WebSite\",\"@id\":\"https:\/\/swissavant.ch\/#website\",\"url\":\"https:\/\/swissavant.ch\/\",\"name\":\"Swissavant\",\"description\":\"Swissavant\",\"potentialAction\":[{\"@type\":\"SearchAction\",\"target\":{\"@type\":\"EntryPoint\",\"urlTemplate\":\"https:\/\/swissavant.ch\/?s={search_term_string}\"},\"query-input\":{\"@type\":\"PropertyValueSpecification\",\"valueRequired\":true,\"valueName\":\"search_term_string\"}}],\"inLanguage\":\"fr-FR\"}]}<\/script>\n<!-- \/ Yoast SEO plugin. -->","yoast_head_json":{"title":"Nouvelles d'en-t\u00eate - Swissavant","robots":{"index":"index","follow":"follow","max-snippet":"max-snippet:-1","max-image-preview":"max-image-preview:large","max-video-preview":"max-video-preview:-1"},"canonical":"https:\/\/swissavant.ch\/fr\/header-news\/","og_locale":"fr_FR","og_type":"article","og_title":"Header News - Swissavant","og_url":"https:\/\/swissavant.ch\/fr\/header-news\/","og_site_name":"Swissavant","article_modified_time":"2025-02-20T10:07:44+00:00","twitter_misc":{"Dur\u00e9e de lecture estim\u00e9e":"1 minute"},"schema":{"@context":"https:\/\/schema.org","@graph":[{"@type":"WebPage","@id":"https:\/\/swissavant.ch\/header-news\/","url":"https:\/\/swissavant.ch\/header-news\/","name":"Nouvelles d'en-t\u00eate - Swissavant","isPartOf":{"@id":"https:\/\/swissavant.ch\/#website"},"datePublished":"2025-02-20T09:33:02+00:00","dateModified":"2025-02-20T10:07:44+00:00","breadcrumb":{"@id":"https:\/\/swissavant.ch\/header-news\/#breadcrumb"},"inLanguage":"fr-FR","potentialAction":[{"@type":"ReadAction","target":["https:\/\/swissavant.ch\/header-news\/"]}]},{"@type":"BreadcrumbList","@id":"https:\/\/swissavant.ch\/header-news\/#breadcrumb","itemListElement":[{"@type":"ListItem","position":1,"name":"Home","item":"https:\/\/swissavant.ch\/home\/"},{"@type":"ListItem","position":2,"name":"Header News"}]},{"@type":"WebSite","@id":"https:\/\/swissavant.ch\/#website","url":"https:\/\/swissavant.ch\/","name":"Swissavant","description":"Swissavant","potentialAction":[{"@type":"SearchAction","target":{"@type":"EntryPoint","urlTemplate":"https:\/\/swissavant.ch\/?s={search_term_string}"},"query-input":{"@type":"PropertyValueSpecification","valueRequired":true,"valueName":"search_term_string"}}],"inLanguage":"fr-FR"}]}},"_links":{"self":[{"href":"https:\/\/swissavant.ch\/fr\/wp-json\/wp\/v2\/pages\/12632","targetHints":{"allow":["GET"]}}],"collection":[{"href":"https:\/\/swissavant.ch\/fr\/wp-json\/wp\/v2\/pages"}],"about":[{"href":"https:\/\/swissavant.ch\/fr\/wp-json\/wp\/v2\/types\/page"}],"author":[{"embeddable":true,"href":"https:\/\/swissavant.ch\/fr\/wp-json\/wp\/v2\/users\/12"}],"replies":[{"embeddable":true,"href":"https:\/\/swissavant.ch\/fr\/wp-json\/wp\/v2\/comments?post=12632"}],"version-history":[{"count":11,"href":"https:\/\/swissavant.ch\/fr\/wp-json\/wp\/v2\/pages\/12632\/revisions"}],"predecessor-version":[{"id":12662,"href":"https:\/\/swissavant.ch\/fr\/wp-json\/wp\/v2\/pages\/12632\/revisions\/12662"}],"wp:attachment":[{"href":"https:\/\/swissavant.ch\/fr\/wp-json\/wp\/v2\/media?parent=12632"}],"wp:term":[{"taxonomy":"folder","embeddable":true,"href":"https:\/\/swissavant.ch\/fr\/wp-json\/wp\/v2\/folder?post=12632"}],"curies":[{"name":"wp","href":"https:\/\/api.w.org\/{rel}","templated":true}]}}