{"id":13317,"date":"2025-06-26T11:41:12","date_gmt":"2025-06-26T09:41:12","guid":{"rendered":"https:\/\/swissavant.ch\/?page_id=13317"},"modified":"2025-09-22T09:29:28","modified_gmt":"2025-09-22T07:29:28","slug":"fusion-avec-lassociation-professionnelle-de-la-peinture-vsf","status":"publish","type":"page","link":"https:\/\/swissavant.ch\/fr\/reseau\/fusion-avec-lassociation-professionnelle-de-la-peinture-vsf\/","title":{"rendered":"Fusion avec l'association professionnelle des peintures VSF"},"content":{"rendered":"<div id='av-layout-grid-1'  class='av-layout-grid-container av-2axxq-408db3fd75a9e3d7a049394c1b5b6acd entry-content-wrapper main_color av-flex-cells  avia-builder-el-0  el_before_av_section  avia-builder-el-first   container_wrap fullsize'  >\n\n<style type=\"text\/css\" data-created_by=\"avia_inline_auto\" id=\"style-css-av-hsk0e-c1ba334b8dad012945360e5bf80bef9c\">\n.flex_cell.av-hsk0e-c1ba334b8dad012945360e5bf80bef9c{\nvertical-align:middle;\nheight:400px;\nmin-height:400px;\nbackground-color:#009fe4;\n}\n.responsive #top #wrap_all .flex_cell.av-hsk0e-c1ba334b8dad012945360e5bf80bef9c{\npadding:40px 60px 40px 60px !important;\n}\n<\/style>\n<div class='flex_cell av-hsk0e-c1ba334b8dad012945360e5bf80bef9c av-gridrow-cell av_one_third no_margin  avia-builder-el-1  el_before_av_cell_one_third  avia-builder-el-first  content-align-middle'  ><div class='flex_cell_inner'>\n<style type=\"text\/css\" data-created_by=\"avia_inline_auto\" id=\"style-css-av-l8wtg7io-b348ca0ede91332cd644b5da4d62805f\">\n#top .av-special-heading.av-l8wtg7io-b348ca0ede91332cd644b5da4d62805f{\npadding-bottom:10px;\ncolor:#ffffff;\n}\nbody .av-special-heading.av-l8wtg7io-b348ca0ede91332cd644b5da4d62805f .av-special-heading-tag .heading-char{\nfont-size:25px;\n}\n.av-special-heading.av-l8wtg7io-b348ca0ede91332cd644b5da4d62805f .special-heading-inner-border{\nborder-color:#ffffff;\n}\n.av-special-heading.av-l8wtg7io-b348ca0ede91332cd644b5da4d62805f .av-subheading{\nfont-size:15px;\n}\n<\/style>\n<div  class='av-special-heading av-l8wtg7io-b348ca0ede91332cd644b5da4d62805f av-special-heading-h1 custom-color-heading blockquote modern-quote  avia-builder-el-2  avia-builder-el-no-sibling'><h1 class='av-special-heading-tag'  >Fusion Swissavant - VSF<\/h1><div class='av_custom_color av-subheading av-subheading_below'><p>Partenariat de la logique - Maintien de la formation professionnelle en ligne de mire<\/p>\n<\/div><div class=\"special-heading-border\"><div class=\"special-heading-inner-border\"><\/div><\/div><\/div>\n<\/div><\/div>\n<style type=\"text\/css\" data-created_by=\"avia_inline_auto\" id=\"style-css-av-bc36m-c026bd5f92b9c2faad05b9dafcb2129f\">\n.flex_cell.av-bc36m-c026bd5f92b9c2faad05b9dafcb2129f{\nvertical-align:middle;\nheight:400px;\nmin-height:400px;\nbackground-color:#e5e8eb;\n}\n.responsive #top #wrap_all .flex_cell.av-bc36m-c026bd5f92b9c2faad05b9dafcb2129f{\npadding:40px 60px 40px 60px !important;\n}\n<\/style>\n<div class='flex_cell av-bc36m-c026bd5f92b9c2faad05b9dafcb2129f av-gridrow-cell av_one_third no_margin  avia-builder-el-3  el_after_av_cell_one_third  el_before_av_cell_one_third  content-align-middle'  ><div class='flex_cell_inner'>\n<style type=\"text\/css\" data-created_by=\"avia_inline_auto\" id=\"style-css-av-l8wtgfzh-da9fc4a59027708cf8faf859ca692e3d\">\n#top .av_textblock_section.av-l8wtgfzh-da9fc4a59027708cf8faf859ca692e3d .avia_textblock{\nfont-size:19px;\n}\n<\/style>\n<section  class='av_textblock_section av-l8wtgfzh-da9fc4a59027708cf8faf859ca692e3d'  ><div class='avia_textblock' ><p>La fusion \"VSF-Swissavant\", qui doit encore \u00eatre r\u00e9alis\u00e9e au 1er janvier 2025, continuera \u00e0 garantir la performance et la comp\u00e9titivit\u00e9 des membres de la VSF, car la formation professionnelle obligatoire sera poursuivie de mani\u00e8re professionnelle et conforme \u00e0 la loi. La rel\u00e8ve professionnelle VSF, dont l'importance ne cesse de cro\u00eetre, b\u00e9n\u00e9ficie ainsi, dans le cadre d'une branche A+P autonome, d'une possibilit\u00e9 d'entr\u00e9e dans le monde professionnel adapt\u00e9e au march\u00e9. La branche suisse des peintures assure ainsi la base n\u00e9cessaire en mati\u00e8re de politique de formation et lutte activement contre la p\u00e9nurie de personnel qualifi\u00e9.<\/p>\n<\/div><\/section>\n<\/div><\/div>\n<style type=\"text\/css\" data-created_by=\"avia_inline_auto\" id=\"style-css-av-lac7ydjb-1a328ec6ccbcb96b56290813659c188d\">\n.flex_cell.av-lac7ydjb-1a328ec6ccbcb96b56290813659c188d{\nvertical-align:top;\nheight:400px;\nmin-height:400px;\nbackground:url(https:\/\/swissavant.ch\/mediathek\/2025\/05\/4-er_Puzzle_Fusion_VSF-845x321.png) 50% 0% no-repeat scroll ;\n}\n<\/style>\n<div class='flex_cell av-lac7ydjb-1a328ec6ccbcb96b56290813659c188d av-gridrow-cell av_one_third no_margin  avia-builder-el-5  el_after_av_cell_one_third  avia-builder-el-last  content-align-top avia-full-stretch'  ><div class='flex_cell_inner'><\/div><\/div>\n<\/div>\n<div id='stretch_width2'  class='avia-section av-1z1ghy-253afba3c530272222e90bb08835c993 alternate_color avia-section-huge avia-no-border-styling  avia-builder-el-6  el_after_av_layout_row  el_before_av_font_icon  avia-bg-style-scroll container_wrap fullsize'  ><div class='container av-section-cont-open' ><div class='template-page content  av-content-full alpha units'><div class='post-entry post-entry-type-page post-entry-13317'><div class='entry-content-wrapper clearfix'>\n<div class='flex_column_table av-6cwke-361a14babc8e6b2e1842d33f6501fdf8 sc-av_one_half av-equal-height-column-flextable'>\n<style type=\"text\/css\" data-created_by=\"avia_inline_auto\" id=\"style-css-av-6cwke-361a14babc8e6b2e1842d33f6501fdf8\">\n@keyframes av_boxShadowEffect_av-6cwke-361a14babc8e6b2e1842d33f6501fdf8-column {\n0%   { box-shadow:  0 0 0 0 #dbdbdb; opacity: 1; }\n100% { box-shadow:  0 0 20px 0 #dbdbdb; opacity: 1; }\n}\n.flex_column.av-6cwke-361a14babc8e6b2e1842d33f6501fdf8{\nwidth:48%;\nmargin-left:0;\nbox-shadow: 0 0 20px 0 #dbdbdb;\npadding:30px 30px 30px 30px;\nbackground-color:#ffffff;\n}\n#top .flex_column_table.av-equal-height-column-flextable.av-6cwke-361a14babc8e6b2e1842d33f6501fdf8 .av-flex-placeholder{\nwidth:4%;\n}\n<\/style>\n<div  class='flex_column av-6cwke-361a14babc8e6b2e1842d33f6501fdf8 av_one_half  avia-builder-el-7  el_before_av_one_half  avia-builder-el-first  first flex_column_table_cell av-equal-height-column av-align-top shadow-not-animated'     ><p>\n<style type=\"text\/css\" data-created_by=\"avia_inline_auto\" id=\"style-css-av-l8wthr0u-c29326ac779865e37810d987bdf7a62c\">\n.av_font_icon.av-l8wthr0u-c29326ac779865e37810d987bdf7a62c .av-icon-char{\nfont-size:60px;\nline-height:60px;\n}\n<\/style>\n<span  class='av_font_icon av-l8wthr0u-c29326ac779865e37810d987bdf7a62c avia_animate_when_visible av-icon-style- avia-icon-pos-center avia-iconfont avia-font-entypo-fontello av-no-color avia-icon-animate'><span class='av-icon-char' data-av_icon='\ue80c' data-av_iconfont='entypo-fontello' aria-hidden=\"true\" ><\/span><\/span><br \/>\n\n<style type=\"text\/css\" data-created_by=\"avia_inline_auto\" id=\"style-css-av-l8wth487-3061925a0b7967f0926944e8950f0306\">\n#top .av-special-heading.av-l8wth487-3061925a0b7967f0926944e8950f0306{\npadding-bottom:10px;\n}\nbody .av-special-heading.av-l8wth487-3061925a0b7967f0926944e8950f0306 .av-special-heading-tag .heading-char{\nfont-size:25px;\n}\n.av-special-heading.av-l8wth487-3061925a0b7967f0926944e8950f0306 .av-subheading{\nfont-size:15px;\n}\n<\/style>\n<div  class='av-special-heading av-l8wth487-3061925a0b7967f0926944e8950f0306 av-special-heading-h4 blockquote modern-quote  avia-builder-el-9  el_after_av_font_icon  el_before_av_textblock'><h4 class='av-special-heading-tag'  >Valeurs ajout\u00e9es pour les membres<\/h4><div class=\"special-heading-border\"><div class=\"special-heading-inner-border\"><\/div><\/div><\/div><br \/>\n<section  class='av_textblock_section av-l8wthagq-19c69506a5f8458007e7eca46b1ab716'  ><div class='avia_textblock' ><p>La fusion entre l'Union suisse des marchands de couleurs (VSF) et Swissavant - Association \u00e9conomique de l'artisanat et du m\u00e9nage sera probablement r\u00e9alis\u00e9e avec effet r\u00e9troactif au 1er janvier 2025. Les deux assembl\u00e9es g\u00e9n\u00e9rales des associations se sont prononc\u00e9es en faveur de cette fusion et donc du maintien de la formation professionnelle dans la branche \"peintures\". Il en r\u00e9sulte de nouvelles perspectives, en particulier pour les nombreuses entreprises formatrices de la branche \"Couleurs\", et surtout une offre de soutien fortement \u00e9largie - de la formation (professionnelle) aux services sp\u00e9cifiques \u00e0 la branche, en passant par la s\u00e9curit\u00e9 (CFST) et les conseils en gestion d'entreprise.<\/p>\n<\/div><\/section><\/p><\/div><div class='av-flex-placeholder'><\/div>\n<style type=\"text\/css\" data-created_by=\"avia_inline_auto\" id=\"style-css-av-1j5b9y-dd61a10e15f7f7ac5a928cc2a3bd548a\">\n@keyframes av_boxShadowEffect_av-1j5b9y-dd61a10e15f7f7ac5a928cc2a3bd548a-column {\n0%   { box-shadow:  0 0 0 0 #dbdbdb; opacity: 1; }\n100% { box-shadow:  0 0 20px 0 #dbdbdb; opacity: 1; }\n}\n.flex_column.av-1j5b9y-dd61a10e15f7f7ac5a928cc2a3bd548a{\nwidth:48%;\nmargin-left:0;\nbox-shadow: 0 0 20px 0 #dbdbdb;\npadding:30px 30px 30px 30px;\nbackground-color:#ffffff;\n}\n#top .flex_column_table.av-equal-height-column-flextable.av-1j5b9y-dd61a10e15f7f7ac5a928cc2a3bd548a .av-flex-placeholder{\nwidth:4%;\n}\n<\/style>\n<div  class='flex_column av-1j5b9y-dd61a10e15f7f7ac5a928cc2a3bd548a av_one_half  avia-builder-el-11  el_after_av_one_half  el_before_av_one_third  flex_column_table_cell av-equal-height-column av-align-top shadow-not-animated'     ><p>\n<style type=\"text\/css\" data-created_by=\"avia_inline_auto\" id=\"style-css-av-l8wtijpx-071a2e614375915e477572ede93f2729\">\n.av_font_icon.av-l8wtijpx-071a2e614375915e477572ede93f2729 .av-icon-char{\nfont-size:60px;\n}\n<\/style>\n<span  class='av_font_icon av-l8wtijpx-071a2e614375915e477572ede93f2729 avia_animate_when_visible av-icon-style- avia-icon-pos-center avia-svg-icon avia-font-svg_entypo-fontello av-no-color avia-icon-animate'><span class='av-icon-char' data-av_svg_icon='thumbs-up' data-av_iconset='svg_entypo-fontello' ><svg version=\"1.1\" xmlns=\"http:\/\/www.w3.org\/2000\/svg\" width=\"26\" height=\"32\" viewbox=\"0 0 26 32\" preserveaspectratio=\"xMidYMid meet\" aria-labelledby='av-svg-title-1' aria-describedby='av-svg-desc-1' role=\"graphics-symbol\" aria-hidden=\"true\">\n<title id='av-svg-title-1'>Thumbs-up<\/title>\n<desc id='av-svg-desc-1'>Thumbs-up<\/desc>\n<path d=\"M18.624 11.84q0.064 0.192 1.856 0.416t3.456 0.768 1.664 1.504q0 2.304-1.952 9.088t-3.424 6.784q-4.608 0-9.216-1.344t-4.608-2.816v-10.944q0-0.448 0.48-1.088t1.472-1.44 1.696-1.312 1.984-1.376 1.472-0.992q1.6-1.088 3.328-3.2t2.72-3.328 1.312-0.832q1.536 2.432 0.928 4.384t-1.888 3.808-1.28 1.92zM4.8 11.968q0.448 0 0 0.448-1.6 1.6-1.6 3.328v10.176q0 1.6 1.664 3.328 0.32 0.32-0.064 0.32-0.832 0-1.76-0.256t-1.984-1.44-1.056-3.168v-7.744q0-1.984 1.056-3.2t2.016-1.504 1.728-0.288z\"><\/path>\n<\/svg><\/span><\/span><br \/>\n\n<style type=\"text\/css\" data-created_by=\"avia_inline_auto\" id=\"style-css-av-l8wthxfj-10d262de4c560707c886c622f82ef9e2\">\n#top .av-special-heading.av-l8wthxfj-10d262de4c560707c886c622f82ef9e2{\npadding-bottom:10px;\n}\nbody .av-special-heading.av-l8wthxfj-10d262de4c560707c886c622f82ef9e2 .av-special-heading-tag .heading-char{\nfont-size:25px;\n}\n.av-special-heading.av-l8wthxfj-10d262de4c560707c886c622f82ef9e2 .av-subheading{\nfont-size:15px;\n}\n<\/style>\n<div  class='av-special-heading av-l8wthxfj-10d262de4c560707c886c622f82ef9e2 av-special-heading-h4 blockquote modern-quote  avia-builder-el-13  el_after_av_font_icon  el_before_av_textblock'><h4 class='av-special-heading-tag'  >Prestations sociales d'un seul tenant<\/h4><div class=\"special-heading-border\"><div class=\"special-heading-inner-border\"><\/div><\/div><\/div><br \/>\n<section  class='av_textblock_section av-l8wti63v-19e71dab5a951eed9445e84cba5c514f'  ><div class='avia_textblock' ><p>L'acc\u00e8s \u00e0 la caisse de compensation AVS \"AK Forte\", propre \u00e0 l'association et offrant un service int\u00e9gral, constitue \u00e9galement un atout. Qu'il s'agisse de l'AVS, de la CAF ou de l'assurance perte de salaire, la CC Forte est un centre de services moderne dot\u00e9 de structures efficaces et d'un grand savoir-faire en mati\u00e8re de politique sociale. La CAF Forte est repr\u00e9sent\u00e9e dans les 26 cantons et facilite ainsi sensiblement les t\u00e2ches administratives des entreprises. Cela permet d'\u00e9conomiser du temps et de l'argent.<\/p>\n<\/div><\/section><\/p><\/div><\/div><!--close column table wrapper. Autoclose: 1 --><div  class='flex_column av-av_one_third-a2cef933b0a555f25d1e39b22a8e9dae av_one_third  avia-builder-el-15  el_after_av_one_half  el_before_av_one_third  first flex_column_div  column-top-margin'     ><\/div><div  class='flex_column av-av_one_third-538dd737667e19053994a94b9156413b av_one_third  avia-builder-el-16  el_after_av_one_third  el_before_av_one_third  flex_column_div  column-top-margin'     ><div  class='avia-video av-mfut18b6-7f2034cf00e4be24e46a962f634337ae avia-video-16-9 av-no-preview-image avia-video-load-always av-lazyload-immediate av-lazyload-video-embed'  data-original_url='https:\/\/youtu.be\/jm9M19wf-pY'><script type='text\/html' class='av-video-tmpl'><div class='avia-iframe-wrap'><iframe loading=\"lazy\" title=\"Fusion von Swissavant und VSF deutsch\" width=\"1500\" height=\"844\" src=\"https:\/\/www.youtube.com\/embed\/jm9M19wf-pY?feature=oembed&autoplay=0&loop=0&controls=1&mute=0\" frameborder=\"0\" allow=\"accelerometer; autoplay; clipboard-write; encrypted-media; gyroscope; picture-in-picture; web-share\" referrerpolicy=\"strict-origin-when-cross-origin\" allowfullscreen><\/iframe><\/div><\/script><div class='av-click-to-play-overlay'><div class=\"avia_playpause_icon\"><\/div><\/div><\/div><\/div><div  class='flex_column av-av_one_third-538dd737667e19053994a94b9156413b av_one_third  avia-builder-el-18  el_after_av_one_third  avia-builder-el-last  flex_column_div  column-top-margin'     ><\/div><\/div><\/div><\/div><!-- close content main div --><\/div><\/div><div id='after_section_1'  class='main_color av_default_container_wrap container_wrap fullsize'  ><div class='container av-section-cont-open' ><div class='template-page content  av-content-full alpha units'><div class='post-entry post-entry-type-page post-entry-13317'><div class='entry-content-wrapper clearfix'>\n<style type=\"text\/css\" data-created_by=\"avia_inline_auto\" id=\"style-css-av-lfdtxjbo-4232982663693d02f17f9449c8fb6316\">\n.av_font_icon.av-lfdtxjbo-4232982663693d02f17f9449c8fb6316 .av-icon-char{\nfont-size:60px;\nline-height:60px;\nwidth:60px;\n}\n<\/style>\n<span  class='av_font_icon av-lfdtxjbo-4232982663693d02f17f9449c8fb6316 avia_animate_when_visible av-icon-style-border avia-icon-pos-center avia-iconfont avia-font-entypo-fontello av-no-color avia-icon-animate'><a href='https:\/\/swissavant.ch\/fr\/fusion-avec-vsf\/'  target=\"_blank\"  rel=\"noopener noreferrer\"  class='av-icon-char' data-av_icon='\ue841' data-av_iconfont='entypo-fontello' aria-hidden=\"false\" ><\/a><span class='av_icon_caption av-special-font'>Cliquez ici pour lire les d\u00e9clarations des membres du comit\u00e9 directeur. <\/span><\/span><\/p>","protected":false},"excerpt":{"rendered":"<p>La caisse de pension Merlion propose \u00e0 tous les membres de Swissavant des solutions de pr\u00e9voyance individuelles dans le cadre de la LPP - et ce \u00e0 des conditions tr\u00e8s attrayantes et avec des services en ligne ultramodernes.<\/p>","protected":false},"author":13,"featured_media":0,"parent":3792,"menu_order":3,"comment_status":"closed","ping_status":"closed","template":"","meta":{"_acf_changed":false,"_monsterinsights_skip_tracking":false,"_monsterinsights_sitenote_active":false,"_monsterinsights_sitenote_note":"","_monsterinsights_sitenote_category":0,"footnotes":""},"folder":[],"class_list":["post-13317","page","type-page","status-publish","hentry"],"acf":[],"yoast_head":"<!-- This site is optimized with the Yoast SEO plugin v26.8 - https:\/\/yoast.com\/product\/yoast-seo-wordpress\/ -->\n<title>AHV-Ausgleichskasse Forte - soziales Kompetenzzentrum mit Mehrwert<\/title>\n<meta name=\"description\" content=\"Die Ausgleichkasse \u00abAK Forte\u00bb wird von 11 Gr\u00fcnderverb\u00e4nden getragen und offeriert f\u00fcr \u00fcber 4 500 Unternehmnungen Sozialversicherungs-L\u00f6sungen.\" \/>\n<meta name=\"robots\" content=\"index, follow, max-snippet:-1, max-image-preview:large, max-video-preview:-1\" \/>\n<link rel=\"canonical\" href=\"https:\/\/swissavant.ch\/fr\/reseau\/fusion-avec-lassociation-professionnelle-de-la-peinture-vsf\/\" \/>\n<meta property=\"og:locale\" content=\"fr_FR\" \/>\n<meta property=\"og:type\" content=\"article\" \/>\n<meta property=\"og:title\" content=\"AHV-Ausgleichskasse Forte - soziales Kompetenzzentrum mit Mehrwert\" \/>\n<meta property=\"og:description\" content=\"Die Ausgleichkasse \u00abAK Forte\u00bb wird von 11 Gr\u00fcnderverb\u00e4nden getragen und offeriert f\u00fcr \u00fcber 4 500 Unternehmnungen Sozialversicherungs-L\u00f6sungen.\" \/>\n<meta property=\"og:url\" content=\"https:\/\/swissavant.ch\/fr\/reseau\/fusion-avec-lassociation-professionnelle-de-la-peinture-vsf\/\" \/>\n<meta property=\"og:site_name\" content=\"Swissavant\" \/>\n<meta property=\"article:modified_time\" content=\"2025-09-22T07:29:28+00:00\" \/>\n<meta name=\"twitter:label1\" content=\"Dur\u00e9e de lecture estim\u00e9e\" \/>\n\t<meta name=\"twitter:data1\" content=\"2 minutes\" \/>\n<script type=\"application\/ld+json\" class=\"yoast-schema-graph\">{\"@context\":\"https:\/\/schema.org\",\"@graph\":[{\"@type\":\"WebPage\",\"@id\":\"https:\/\/swissavant.ch\/netzwerk\/fusion-mit-farbenfachverband-vsf\/\",\"url\":\"https:\/\/swissavant.ch\/netzwerk\/fusion-mit-farbenfachverband-vsf\/\",\"name\":\"AHV-Ausgleichskasse Forte - soziales Kompetenzzentrum mit Mehrwert\",\"isPartOf\":{\"@id\":\"https:\/\/swissavant.ch\/#website\"},\"datePublished\":\"2025-06-26T09:41:12+00:00\",\"dateModified\":\"2025-09-22T07:29:28+00:00\",\"description\":\"Die Ausgleichkasse \u00abAK Forte\u00bb wird von 11 Gr\u00fcnderverb\u00e4nden getragen und offeriert f\u00fcr \u00fcber 4 500 Unternehmnungen Sozialversicherungs-L\u00f6sungen.\",\"breadcrumb\":{\"@id\":\"https:\/\/swissavant.ch\/netzwerk\/fusion-mit-farbenfachverband-vsf\/#breadcrumb\"},\"inLanguage\":\"fr-FR\",\"potentialAction\":[{\"@type\":\"ReadAction\",\"target\":[\"https:\/\/swissavant.ch\/netzwerk\/fusion-mit-farbenfachverband-vsf\/\"]}]},{\"@type\":\"BreadcrumbList\",\"@id\":\"https:\/\/swissavant.ch\/netzwerk\/fusion-mit-farbenfachverband-vsf\/#breadcrumb\",\"itemListElement\":[{\"@type\":\"ListItem\",\"position\":1,\"name\":\"Home\",\"item\":\"https:\/\/swissavant.ch\/home\/\"},{\"@type\":\"ListItem\",\"position\":2,\"name\":\"Netzwerk\",\"item\":\"https:\/\/swissavant.ch\/netzwerk\/\"},{\"@type\":\"ListItem\",\"position\":3,\"name\":\"Fusion mit Farbenfachverband VSF\"}]},{\"@type\":\"WebSite\",\"@id\":\"https:\/\/swissavant.ch\/#website\",\"url\":\"https:\/\/swissavant.ch\/\",\"name\":\"Swissavant\",\"description\":\"Swissavant\",\"potentialAction\":[{\"@type\":\"SearchAction\",\"target\":{\"@type\":\"EntryPoint\",\"urlTemplate\":\"https:\/\/swissavant.ch\/?s={search_term_string}\"},\"query-input\":{\"@type\":\"PropertyValueSpecification\",\"valueRequired\":true,\"valueName\":\"search_term_string\"}}],\"inLanguage\":\"fr-FR\"}]}<\/script>\n<!-- \/ Yoast SEO plugin. -->","yoast_head_json":{"title":"Caisse de compensation AVS Forte - un centre de comp\u00e9tences sociales \u00e0 valeur ajout\u00e9e","description":"La caisse de compensation \"AK Forte\" est soutenue par 11 associations fondatrices et propose des solutions d'assurance sociale \u00e0 plus de 4 500 entreprises.","robots":{"index":"index","follow":"follow","max-snippet":"max-snippet:-1","max-image-preview":"max-image-preview:large","max-video-preview":"max-video-preview:-1"},"canonical":"https:\/\/swissavant.ch\/fr\/reseau\/fusion-avec-lassociation-professionnelle-de-la-peinture-vsf\/","og_locale":"fr_FR","og_type":"article","og_title":"AHV-Ausgleichskasse Forte - soziales Kompetenzzentrum mit Mehrwert","og_description":"Die Ausgleichkasse \u00abAK Forte\u00bb wird von 11 Gr\u00fcnderverb\u00e4nden getragen und offeriert f\u00fcr \u00fcber 4 500 Unternehmnungen Sozialversicherungs-L\u00f6sungen.","og_url":"https:\/\/swissavant.ch\/fr\/reseau\/fusion-avec-lassociation-professionnelle-de-la-peinture-vsf\/","og_site_name":"Swissavant","article_modified_time":"2025-09-22T07:29:28+00:00","twitter_misc":{"Dur\u00e9e de lecture estim\u00e9e":"2 minutes"},"schema":{"@context":"https:\/\/schema.org","@graph":[{"@type":"WebPage","@id":"https:\/\/swissavant.ch\/netzwerk\/fusion-mit-farbenfachverband-vsf\/","url":"https:\/\/swissavant.ch\/netzwerk\/fusion-mit-farbenfachverband-vsf\/","name":"Caisse de compensation AVS Forte - un centre de comp\u00e9tences sociales \u00e0 valeur ajout\u00e9e","isPartOf":{"@id":"https:\/\/swissavant.ch\/#website"},"datePublished":"2025-06-26T09:41:12+00:00","dateModified":"2025-09-22T07:29:28+00:00","description":"La caisse de compensation \"AK Forte\" est soutenue par 11 associations fondatrices et propose des solutions d'assurance sociale \u00e0 plus de 4 500 entreprises.","breadcrumb":{"@id":"https:\/\/swissavant.ch\/netzwerk\/fusion-mit-farbenfachverband-vsf\/#breadcrumb"},"inLanguage":"fr-FR","potentialAction":[{"@type":"ReadAction","target":["https:\/\/swissavant.ch\/netzwerk\/fusion-mit-farbenfachverband-vsf\/"]}]},{"@type":"BreadcrumbList","@id":"https:\/\/swissavant.ch\/netzwerk\/fusion-mit-farbenfachverband-vsf\/#breadcrumb","itemListElement":[{"@type":"ListItem","position":1,"name":"Home","item":"https:\/\/swissavant.ch\/home\/"},{"@type":"ListItem","position":2,"name":"Netzwerk","item":"https:\/\/swissavant.ch\/netzwerk\/"},{"@type":"ListItem","position":3,"name":"Fusion mit Farbenfachverband VSF"}]},{"@type":"WebSite","@id":"https:\/\/swissavant.ch\/#website","url":"https:\/\/swissavant.ch\/","name":"Swissavant","description":"Swissavant","potentialAction":[{"@type":"SearchAction","target":{"@type":"EntryPoint","urlTemplate":"https:\/\/swissavant.ch\/?s={search_term_string}"},"query-input":{"@type":"PropertyValueSpecification","valueRequired":true,"valueName":"search_term_string"}}],"inLanguage":"fr-FR"}]}},"_links":{"self":[{"href":"https:\/\/swissavant.ch\/fr\/wp-json\/wp\/v2\/pages\/13317","targetHints":{"allow":["GET"]}}],"collection":[{"href":"https:\/\/swissavant.ch\/fr\/wp-json\/wp\/v2\/pages"}],"about":[{"href":"https:\/\/swissavant.ch\/fr\/wp-json\/wp\/v2\/types\/page"}],"author":[{"embeddable":true,"href":"https:\/\/swissavant.ch\/fr\/wp-json\/wp\/v2\/users\/13"}],"replies":[{"embeddable":true,"href":"https:\/\/swissavant.ch\/fr\/wp-json\/wp\/v2\/comments?post=13317"}],"version-history":[{"count":8,"href":"https:\/\/swissavant.ch\/fr\/wp-json\/wp\/v2\/pages\/13317\/revisions"}],"predecessor-version":[{"id":13468,"href":"https:\/\/swissavant.ch\/fr\/wp-json\/wp\/v2\/pages\/13317\/revisions\/13468"}],"up":[{"embeddable":true,"href":"https:\/\/swissavant.ch\/fr\/wp-json\/wp\/v2\/pages\/3792"}],"wp:attachment":[{"href":"https:\/\/swissavant.ch\/fr\/wp-json\/wp\/v2\/media?parent=13317"}],"wp:term":[{"taxonomy":"folder","embeddable":true,"href":"https:\/\/swissavant.ch\/fr\/wp-json\/wp\/v2\/folder?post=13317"}],"curies":[{"name":"wp","href":"https:\/\/api.w.org\/{rel}","templated":true}]}}