{"id":218,"date":"2014-08-28T14:27:53","date_gmt":"2014-08-28T12:27:53","guid":{"rendered":"https:\/\/swissavant.aretiswebseiten.ch\/?page_id=218"},"modified":"2025-11-05T09:07:04","modified_gmt":"2025-11-05T08:07:04","slug":"jobs","status":"publish","type":"page","link":"https:\/\/swissavant.ch\/fr\/jobs\/","title":{"rendered":"Emplois"},"content":{"rendered":"<div id='av-layout-grid-1'  class='av-layout-grid-container av-veqyi-4d74e6c34a5ebba2058b017eb140b485 entry-content-wrapper main_color av-flex-cells  avia-builder-el-0  el_before_av_section  avia-builder-el-first   container_wrap fullsize'  >\n\n<style type=\"text\/css\" data-created_by=\"avia_inline_auto\" id=\"style-css-av-8lg0ai-ddb4d7dac254c74dce4a53f5c1716cd2\">\n.flex_cell.av-8lg0ai-ddb4d7dac254c74dce4a53f5c1716cd2{\nvertical-align:middle;\nheight:350px;\nmin-height:350px;\nbackground-color:#009fe4;\n}\n.responsive #top #wrap_all .flex_cell.av-8lg0ai-ddb4d7dac254c74dce4a53f5c1716cd2{\npadding:40px 40px 40px 40px !important;\n}\n<\/style>\n<div class='flex_cell av-8lg0ai-ddb4d7dac254c74dce4a53f5c1716cd2 av-gridrow-cell av_one_third no_margin  avia-builder-el-1  el_before_av_cell_one_third  avia-builder-el-first  content-align-middle'  ><div class='flex_cell_inner'>\n<style type=\"text\/css\" data-created_by=\"avia_inline_auto\" id=\"style-css-av-l8ybs3iz-76f155f6fdbc83b5c532b92f11a555d5\">\n#top .av-special-heading.av-l8ybs3iz-76f155f6fdbc83b5c532b92f11a555d5{\npadding-bottom:10px;\ncolor:#ffffff;\n}\nbody .av-special-heading.av-l8ybs3iz-76f155f6fdbc83b5c532b92f11a555d5 .av-special-heading-tag .heading-char{\nfont-size:25px;\n}\n.av-special-heading.av-l8ybs3iz-76f155f6fdbc83b5c532b92f11a555d5 .special-heading-inner-border{\nborder-color:#ffffff;\n}\n.av-special-heading.av-l8ybs3iz-76f155f6fdbc83b5c532b92f11a555d5 .av-subheading{\nfont-size:15px;\n}\n<\/style>\n<div  class='av-special-heading av-l8ybs3iz-76f155f6fdbc83b5c532b92f11a555d5 av-special-heading-h2 custom-color-heading blockquote modern-quote  avia-builder-el-2  avia-builder-el-no-sibling'><h2 class='av-special-heading-tag'  >Emplois <\/h2><div class='av_custom_color av-subheading av-subheading_below'><p>Plan de carri\u00e8re<\/p>\n<\/div><div class=\"special-heading-border\"><div class=\"special-heading-inner-border\"><\/div><\/div><\/div>\n<\/div><\/div>\n<style type=\"text\/css\" data-created_by=\"avia_inline_auto\" id=\"style-css-av-8bb1ei-a6532b13ff396b22e5245c6d61c1bfa3\">\n.flex_cell.av-8bb1ei-a6532b13ff396b22e5245c6d61c1bfa3{\nvertical-align:middle;\nheight:350px;\nmin-height:350px;\nbackground-color:#e5e8eb;\n}\n.responsive #top #wrap_all .flex_cell.av-8bb1ei-a6532b13ff396b22e5245c6d61c1bfa3{\npadding:40px 40px 40px 40px !important;\n}\n<\/style>\n<div class='flex_cell av-8bb1ei-a6532b13ff396b22e5245c6d61c1bfa3 av-gridrow-cell av_one_third no_margin  avia-builder-el-3  el_after_av_cell_one_third  el_before_av_cell_one_third  content-align-middle'  ><div class='flex_cell_inner'>\n<style type=\"text\/css\" data-created_by=\"avia_inline_auto\" id=\"style-css-av-l8ybsipx-8eb3fd8c91f9c403166cdaa0dc3217b3\">\n#top .av_textblock_section.av-l8ybsipx-8eb3fd8c91f9c403166cdaa0dc3217b3 .avia_textblock{\nfont-size:19px;\n}\n<\/style>\n<section  class='av_textblock_section av-l8ybsipx-8eb3fd8c91f9c403166cdaa0dc3217b3'  ><div class='avia_textblock' ><p>Nous sommes heureux que vous vous int\u00e9ressiez \u00e0 une activit\u00e9 au sein de l'\u00e9quipe de Swissavant - Association \u00e9conomique Artisanat et M\u00e9nage.<\/p>\n<\/div><\/section>\n<\/div><\/div>\n<style type=\"text\/css\" data-created_by=\"avia_inline_auto\" id=\"style-css-av-l8ybr4wl-c7f7a2826aaeff96f56447d70ff1b725\">\n.flex_cell.av-l8ybr4wl-c7f7a2826aaeff96f56447d70ff1b725{\nvertical-align:top;\nheight:350px;\nmin-height:350px;\nbackground:url(https:\/\/swissavant.ch\/mediathek\/2022\/11\/Job-we-want-you-verkleinert.jpg) 50% 50% no-repeat scroll ;\n}\n<\/style>\n<div class='flex_cell av-l8ybr4wl-c7f7a2826aaeff96f56447d70ff1b725 av-gridrow-cell av_one_third no_margin  avia-builder-el-5  el_after_av_cell_one_third  avia-builder-el-last  content-align-top avia-full-stretch'  ><div class='flex_cell_inner'><\/div><\/div>\n<\/div>\n<div id='stretch_width2'  class='avia-section av-2661q2-ddb915b4c2bcfcd34d21b0d9e9c94db6 alternate_color avia-section-huge avia-no-border-styling  avia-builder-el-6  el_after_av_layout_row  avia-builder-el-last  avia-bg-style-scroll container_wrap fullsize'  ><div class='container av-section-cont-open' ><div class='template-page content  av-content-full alpha units'><div class='post-entry post-entry-type-page post-entry-218'><div class='entry-content-wrapper clearfix'>\n\n<style type=\"text\/css\" data-created_by=\"avia_inline_auto\" id=\"style-css-av-815t96-d26593b3f23d96535d680f8af7c653d3\">\n#top .av-special-heading.av-815t96-d26593b3f23d96535d680f8af7c653d3{\npadding-bottom:10px;\n}\nbody .av-special-heading.av-815t96-d26593b3f23d96535d680f8af7c653d3 .av-special-heading-tag .heading-char{\nfont-size:25px;\n}\n.av-special-heading.av-815t96-d26593b3f23d96535d680f8af7c653d3 .av-subheading{\nfont-size:15px;\n}\n<\/style>\n<div  class='av-special-heading av-815t96-d26593b3f23d96535d680f8af7c653d3 av-special-heading-h2 blockquote modern-quote modern-centered  avia-builder-el-7  el_before_av_hr  avia-builder-el-first'><h2 class='av-special-heading-tag'  >Postes \u00e0 pourvoir<\/h2><div class=\"special-heading-border\"><div class=\"special-heading-inner-border\"><\/div><\/div><\/div>\n\n<style type=\"text\/css\" data-created_by=\"avia_inline_auto\" id=\"style-css-av-7ss5oq-3839a15b741639a69383e66cd08fdf69\">\n#top .hr.av-7ss5oq-3839a15b741639a69383e66cd08fdf69{\nmargin-top:30px;\nmargin-bottom:50px;\n}\n.hr.av-7ss5oq-3839a15b741639a69383e66cd08fdf69 .hr-inner{\nwidth:100px;\nborder-color:#009fe3;\n}\n<\/style>\n<div  class='hr av-7ss5oq-3839a15b741639a69383e66cd08fdf69 hr-custom  avia-builder-el-8  el_after_av_heading  el_before_av_one_fifth  hr-center hr-icon-no'><span class='hr-inner inner-border-av-border-fat'><span class=\"hr-inner-style\"><\/span><\/span><\/div>\n<div  class='flex_column av-1mc6ne-80c79f66fb5e72b0022146c0d38d3c5e av_one_fifth  avia-builder-el-9  el_after_av_hr  el_before_av_three_fifth  first flex_column_div'     ><\/div>\n<style type=\"text\/css\" data-created_by=\"avia_inline_auto\" id=\"style-css-av-w47mi-e838d193b2548a10ee07b760c0325a99\">\n@keyframes av_boxShadowEffect_av-w47mi-e838d193b2548a10ee07b760c0325a99-column {\n0%   { box-shadow:  0 0 0 0 #dbdbdb; opacity: 1; }\n100% { box-shadow:  0 0 20px 0 #dbdbdb; opacity: 1; }\n}\n.flex_column.av-w47mi-e838d193b2548a10ee07b760c0325a99{\nbox-shadow: 0 0 20px 0 #dbdbdb;\npadding:40px 40px 40px 40px;\nbackground-color:#ffffff;\n}\n<\/style>\n<div  class='flex_column av-w47mi-e838d193b2548a10ee07b760c0325a99 av_three_fifth  avia-builder-el-10  el_after_av_one_fifth  el_before_av_one_fifth  flex_column_div shadow-not-animated'     ><p>\n<style type=\"text\/css\" data-created_by=\"avia_inline_auto\" id=\"style-css-av-qfnfe-fc3844ed92ebd1147a16cf44874da140\">\n.av_font_icon.av-qfnfe-fc3844ed92ebd1147a16cf44874da140{\ncolor:#009fe3;\nborder-color:#009fe3;\n}\n.avia-svg-icon.av-qfnfe-fc3844ed92ebd1147a16cf44874da140 svg:first-child{\nstroke:#009fe3;\nfill:#009fe3;\n}\n.av_font_icon.av-qfnfe-fc3844ed92ebd1147a16cf44874da140 .av-icon-char{\nfont-size:56px;\nline-height:56px;\n}\n<\/style>\n<span  class='av_font_icon av-qfnfe-fc3844ed92ebd1147a16cf44874da140 avia_animate_when_visible av-icon-style- avia-icon-pos-left avia-iconfont avia-font-entypo-fontello avia-icon-animate'><span class='av-icon-char' data-av_icon='\ue80b' data-av_iconfont='entypo-fontello' aria-hidden=\"true\" ><\/span><\/span><br \/>\n\n<style type=\"text\/css\" data-created_by=\"avia_inline_auto\" id=\"style-css-av-mma7m-834ab574c0a8416b64017f0d05ce0a29\">\n#top .hr.hr-invisible.av-mma7m-834ab574c0a8416b64017f0d05ce0a29{\nheight:14px;\n}\n<\/style>\n<div  class='hr av-mma7m-834ab574c0a8416b64017f0d05ce0a29 hr-invisible  avia-builder-el-12  el_after_av_font_icon  el_before_av_heading'><span class='hr-inner'><span class=\"hr-inner-style\"><\/span><\/span><\/div><br \/>\n\n<style type=\"text\/css\" data-created_by=\"avia_inline_auto\" id=\"style-css-av-lx1kwevs-80ece20f0572a7ec821e932ef8fca318\">\n#top .av-special-heading.av-lx1kwevs-80ece20f0572a7ec821e932ef8fca318{\npadding-bottom:10px;\n}\nbody .av-special-heading.av-lx1kwevs-80ece20f0572a7ec821e932ef8fca318 .av-special-heading-tag .heading-char{\nfont-size:25px;\n}\n.av-special-heading.av-lx1kwevs-80ece20f0572a7ec821e932ef8fca318 .av-subheading{\nfont-size:15px;\n}\n<\/style>\n<div  class='av-special-heading av-lx1kwevs-80ece20f0572a7ec821e932ef8fca318 av-special-heading-h4  avia-builder-el-13  el_after_av_hr  el_before_av_textblock'><h4 class='av-special-heading-tag'  >Enseignant*e aux CIE pour la branche de formation et d'examen \u00abpeinture\u00bb<\/h4><div class=\"special-heading-border\"><div class=\"special-heading-inner-border\"><\/div><\/div><\/div><br \/>\n<section  class='av_textblock_section av-lx1kx134-4ad306a9e2aad487c0f11bd9d7e0996b'  ><div class='avia_textblock' ><p>Nous cherchons pour entr\u00e9e \u00e0 convenir un*e Enseignant*e aux CIE pour la branche de formation et d'examen \u00abpeinture\u00bb (18 jours de cours par an r\u00e9partis sur trois semaines et demie).<\/p>\n<\/div><\/section><br \/>\n\n<style type=\"text\/css\" data-created_by=\"avia_inline_auto\" id=\"style-css-av-ctw96-201fdf4ae0bde23cd9031e5ae2341341\">\n#top .hr.hr-invisible.av-ctw96-201fdf4ae0bde23cd9031e5ae2341341{\nheight:7px;\n}\n<\/style>\n<div  class='hr av-ctw96-201fdf4ae0bde23cd9031e5ae2341341 hr-invisible  avia-builder-el-15  el_after_av_textblock  el_before_av_button'><span class='hr-inner'><span class=\"hr-inner-style\"><\/span><\/span><\/div><br \/>\n<div  class='avia-button-wrap av-lx1kxgrc-7f73d536dec6300db08f6c30877c801b-wrap avia-button-left  avia-builder-el-16  el_after_av_hr  avia-builder-el-last'><a href='https:\/\/swissavant.ch\/mediathek\/2024\/06\/ueK-Leitende_Farben_Franz_2024.pdf'  class='avia-button av-lx1kxgrc-7f73d536dec6300db08f6c30877c801b av-link-btn avia-icon_select-yes-right-icon avia-size-large avia-position-left avia-color-theme-color'  target=\"_blank\"  rel=\"noopener noreferrer\"  aria-label=\"Informations\"><span class='avia_iconbox_title' >Informations<\/span><span class='avia_button_icon avia_button_icon_right avia-iconfont avia-font-entypo-fontello' data-av_icon='\ue832' data-av_iconfont='entypo-fontello' ><\/span><\/a><\/div><\/p><\/div><div  class='flex_column av-9remq-fedde26d733be3211017a4c0fbe22378 av_one_fifth  avia-builder-el-17  el_after_av_three_fifth  avia-builder-el-last  flex_column_div'     ><\/div>","protected":false},"excerpt":{"rendered":"<p>Nous sommes heureux que vous vous int\u00e9ressiez \u00e0 une activit\u00e9 au sein de l'\u00e9quipe de Swissavant - Association \u00e9conomique Artisanat et M\u00e9nage.<\/p>","protected":false},"author":12,"featured_media":0,"parent":0,"menu_order":11,"comment_status":"closed","ping_status":"closed","template":"","meta":{"_acf_changed":false,"_monsterinsights_skip_tracking":false,"_monsterinsights_sitenote_active":false,"_monsterinsights_sitenote_note":"","_monsterinsights_sitenote_category":0,"footnotes":""},"folder":[],"class_list":["post-218","page","type-page","status-publish","hentry"],"acf":[],"yoast_head":"<!-- This site is optimized with the Yoast SEO plugin v26.8 - https:\/\/yoast.com\/product\/yoast-seo-wordpress\/ -->\n<title>Jobs bei Swissavant - planen Sie Ihre Karriere mit unserem Verband<\/title>\n<meta name=\"description\" content=\"Wir freuen uns, dass Sie sich f\u00fcr eine T\u00e4tigkeit im Team von Swissavant \u2013 Wirtschaftsverband Handwerk und Haushalt interessieren.\" \/>\n<meta name=\"robots\" content=\"index, follow, max-snippet:-1, max-image-preview:large, max-video-preview:-1\" \/>\n<link rel=\"canonical\" href=\"https:\/\/swissavant.ch\/fr\/jobs\/\" \/>\n<meta property=\"og:locale\" content=\"fr_FR\" \/>\n<meta property=\"og:type\" content=\"article\" \/>\n<meta property=\"og:title\" content=\"Jobs bei Swissavant - planen Sie Ihre Karriere mit unserem Verband\" \/>\n<meta property=\"og:description\" content=\"Wir freuen uns, dass Sie sich f\u00fcr eine T\u00e4tigkeit im Team von Swissavant \u2013 Wirtschaftsverband Handwerk und Haushalt interessieren.\" \/>\n<meta property=\"og:url\" content=\"https:\/\/swissavant.ch\/fr\/jobs\/\" \/>\n<meta property=\"og:site_name\" content=\"Swissavant\" \/>\n<meta property=\"article:modified_time\" content=\"2025-11-05T08:07:04+00:00\" \/>\n<meta name=\"twitter:label1\" content=\"Dur\u00e9e de lecture estim\u00e9e\" \/>\n\t<meta name=\"twitter:data1\" content=\"1 minute\" \/>\n<script type=\"application\/ld+json\" class=\"yoast-schema-graph\">{\"@context\":\"https:\/\/schema.org\",\"@graph\":[{\"@type\":\"WebPage\",\"@id\":\"https:\/\/swissavant.ch\/jobs\/\",\"url\":\"https:\/\/swissavant.ch\/jobs\/\",\"name\":\"Jobs bei Swissavant - planen Sie Ihre Karriere mit unserem Verband\",\"isPartOf\":{\"@id\":\"https:\/\/swissavant.ch\/#website\"},\"datePublished\":\"2014-08-28T12:27:53+00:00\",\"dateModified\":\"2025-11-05T08:07:04+00:00\",\"description\":\"Wir freuen uns, dass Sie sich f\u00fcr eine T\u00e4tigkeit im Team von Swissavant \u2013 Wirtschaftsverband Handwerk und Haushalt interessieren.\",\"breadcrumb\":{\"@id\":\"https:\/\/swissavant.ch\/jobs\/#breadcrumb\"},\"inLanguage\":\"fr-FR\",\"potentialAction\":[{\"@type\":\"ReadAction\",\"target\":[\"https:\/\/swissavant.ch\/jobs\/\"]}]},{\"@type\":\"BreadcrumbList\",\"@id\":\"https:\/\/swissavant.ch\/jobs\/#breadcrumb\",\"itemListElement\":[{\"@type\":\"ListItem\",\"position\":1,\"name\":\"Home\",\"item\":\"https:\/\/swissavant.ch\/home\/\"},{\"@type\":\"ListItem\",\"position\":2,\"name\":\"Jobs\"}]},{\"@type\":\"WebSite\",\"@id\":\"https:\/\/swissavant.ch\/#website\",\"url\":\"https:\/\/swissavant.ch\/\",\"name\":\"Swissavant\",\"description\":\"Swissavant\",\"potentialAction\":[{\"@type\":\"SearchAction\",\"target\":{\"@type\":\"EntryPoint\",\"urlTemplate\":\"https:\/\/swissavant.ch\/?s={search_term_string}\"},\"query-input\":{\"@type\":\"PropertyValueSpecification\",\"valueRequired\":true,\"valueName\":\"search_term_string\"}}],\"inLanguage\":\"fr-FR\"}]}<\/script>\n<!-- \/ Yoast SEO plugin. -->","yoast_head_json":{"title":"Emplois chez Swissavant - planifiez votre carri\u00e8re avec notre association","description":"Nous sommes heureux que vous vous int\u00e9ressiez \u00e0 une activit\u00e9 au sein de l'\u00e9quipe de Swissavant - Association \u00e9conomique Artisanat et M\u00e9nage.","robots":{"index":"index","follow":"follow","max-snippet":"max-snippet:-1","max-image-preview":"max-image-preview:large","max-video-preview":"max-video-preview:-1"},"canonical":"https:\/\/swissavant.ch\/fr\/jobs\/","og_locale":"fr_FR","og_type":"article","og_title":"Jobs bei Swissavant - planen Sie Ihre Karriere mit unserem Verband","og_description":"Wir freuen uns, dass Sie sich f\u00fcr eine T\u00e4tigkeit im Team von Swissavant \u2013 Wirtschaftsverband Handwerk und Haushalt interessieren.","og_url":"https:\/\/swissavant.ch\/fr\/jobs\/","og_site_name":"Swissavant","article_modified_time":"2025-11-05T08:07:04+00:00","twitter_misc":{"Dur\u00e9e de lecture estim\u00e9e":"1 minute"},"schema":{"@context":"https:\/\/schema.org","@graph":[{"@type":"WebPage","@id":"https:\/\/swissavant.ch\/jobs\/","url":"https:\/\/swissavant.ch\/jobs\/","name":"Emplois chez Swissavant - planifiez votre carri\u00e8re avec notre association","isPartOf":{"@id":"https:\/\/swissavant.ch\/#website"},"datePublished":"2014-08-28T12:27:53+00:00","dateModified":"2025-11-05T08:07:04+00:00","description":"Nous sommes heureux que vous vous int\u00e9ressiez \u00e0 une activit\u00e9 au sein de l'\u00e9quipe de Swissavant - Association \u00e9conomique Artisanat et M\u00e9nage.","breadcrumb":{"@id":"https:\/\/swissavant.ch\/jobs\/#breadcrumb"},"inLanguage":"fr-FR","potentialAction":[{"@type":"ReadAction","target":["https:\/\/swissavant.ch\/jobs\/"]}]},{"@type":"BreadcrumbList","@id":"https:\/\/swissavant.ch\/jobs\/#breadcrumb","itemListElement":[{"@type":"ListItem","position":1,"name":"Home","item":"https:\/\/swissavant.ch\/home\/"},{"@type":"ListItem","position":2,"name":"Jobs"}]},{"@type":"WebSite","@id":"https:\/\/swissavant.ch\/#website","url":"https:\/\/swissavant.ch\/","name":"Swissavant","description":"Swissavant","potentialAction":[{"@type":"SearchAction","target":{"@type":"EntryPoint","urlTemplate":"https:\/\/swissavant.ch\/?s={search_term_string}"},"query-input":{"@type":"PropertyValueSpecification","valueRequired":true,"valueName":"search_term_string"}}],"inLanguage":"fr-FR"}]}},"_links":{"self":[{"href":"https:\/\/swissavant.ch\/fr\/wp-json\/wp\/v2\/pages\/218","targetHints":{"allow":["GET"]}}],"collection":[{"href":"https:\/\/swissavant.ch\/fr\/wp-json\/wp\/v2\/pages"}],"about":[{"href":"https:\/\/swissavant.ch\/fr\/wp-json\/wp\/v2\/types\/page"}],"author":[{"embeddable":true,"href":"https:\/\/swissavant.ch\/fr\/wp-json\/wp\/v2\/users\/12"}],"replies":[{"embeddable":true,"href":"https:\/\/swissavant.ch\/fr\/wp-json\/wp\/v2\/comments?post=218"}],"version-history":[{"count":10,"href":"https:\/\/swissavant.ch\/fr\/wp-json\/wp\/v2\/pages\/218\/revisions"}],"predecessor-version":[{"id":13520,"href":"https:\/\/swissavant.ch\/fr\/wp-json\/wp\/v2\/pages\/218\/revisions\/13520"}],"wp:attachment":[{"href":"https:\/\/swissavant.ch\/fr\/wp-json\/wp\/v2\/media?parent=218"}],"wp:term":[{"taxonomy":"folder","embeddable":true,"href":"https:\/\/swissavant.ch\/fr\/wp-json\/wp\/v2\/folder?post=218"}],"curies":[{"name":"wp","href":"https:\/\/api.w.org\/{rel}","templated":true}]}}