{"id":3824,"date":"2017-06-09T16:33:14","date_gmt":"2017-06-09T14:33:14","guid":{"rendered":"https:\/\/swissavant.aretiswebseiten.ch\/?page_id=3824"},"modified":"2024-07-03T15:38:33","modified_gmt":"2024-07-03T13:38:33","slug":"ekas","status":"publish","type":"page","link":"https:\/\/swissavant.ch\/fr\/reseau\/ekas\/","title":{"rendered":"CFST"},"content":{"rendered":"","protected":false},"excerpt":{"rendered":"<p>Avec la solution de branche certifi\u00e9e CFST S\u00e9curit\u00e9 au travail, Swissavant propose aux PME une solution qui leur permet de remplir toutes les obligations l\u00e9gales, de profiter de normes uniformes et de r\u00e9aliser des \u00e9conomies durables par rapport \u00e0 une solution individuelle.<\/p>","protected":false},"author":12,"featured_media":0,"parent":3792,"menu_order":0,"comment_status":"closed","ping_status":"closed","template":"","meta":{"_acf_changed":false,"_monsterinsights_skip_tracking":false,"_monsterinsights_sitenote_active":false,"_monsterinsights_sitenote_note":"","_monsterinsights_sitenote_category":0,"footnotes":""},"folder":[],"class_list":["post-3824","page","type-page","status-publish","hentry"],"acf":[],"yoast_head":"<!-- This site is optimized with the Yoast SEO plugin v26.8 - https:\/\/yoast.com\/product\/yoast-seo-wordpress\/ -->\n<title>EKAS - Swissavant<\/title>\n<meta name=\"robots\" content=\"index, follow, max-snippet:-1, max-image-preview:large, max-video-preview:-1\" \/>\n<link rel=\"canonical\" href=\"https:\/\/swissavant.ch\/fr\/reseau\/ekas\/\" \/>\n<meta property=\"og:locale\" content=\"fr_FR\" \/>\n<meta property=\"og:type\" content=\"article\" \/>\n<meta property=\"og:title\" content=\"EKAS - Swissavant\" \/>\n<meta property=\"og:description\" content=\"Mit der zertifizierten Branchenl\u00f6sung EKAS-Arbeitssicherheit bietet Swissavant eine L\u00f6sung f\u00fcr KMU an, mit der diese alle gesetzlichen Auflagen erf\u00fcllen, von einheitlichen Standards profitieren und gegen\u00fcber einer individuellen L\u00f6sung nachhaltig Kosten einsparen k\u00f6nnen.\" \/>\n<meta property=\"og:url\" content=\"https:\/\/swissavant.ch\/fr\/reseau\/ekas\/\" \/>\n<meta property=\"og:site_name\" content=\"Swissavant\" \/>\n<meta property=\"article:modified_time\" content=\"2024-07-03T13:38:33+00:00\" \/>\n<script type=\"application\/ld+json\" class=\"yoast-schema-graph\">{\"@context\":\"https:\/\/schema.org\",\"@graph\":[{\"@type\":\"WebPage\",\"@id\":\"https:\/\/swissavant.ch\/netzwerk\/ekas\/\",\"url\":\"https:\/\/swissavant.ch\/netzwerk\/ekas\/\",\"name\":\"EKAS - Swissavant\",\"isPartOf\":{\"@id\":\"https:\/\/swissavant.ch\/#website\"},\"datePublished\":\"2017-06-09T14:33:14+00:00\",\"dateModified\":\"2024-07-03T13:38:33+00:00\",\"breadcrumb\":{\"@id\":\"https:\/\/swissavant.ch\/netzwerk\/ekas\/#breadcrumb\"},\"inLanguage\":\"fr-FR\",\"potentialAction\":[{\"@type\":\"ReadAction\",\"target\":[\"https:\/\/swissavant.ch\/netzwerk\/ekas\/\"]}]},{\"@type\":\"BreadcrumbList\",\"@id\":\"https:\/\/swissavant.ch\/netzwerk\/ekas\/#breadcrumb\",\"itemListElement\":[{\"@type\":\"ListItem\",\"position\":1,\"name\":\"Home\",\"item\":\"https:\/\/swissavant.ch\/home\/\"},{\"@type\":\"ListItem\",\"position\":2,\"name\":\"Netzwerk\",\"item\":\"https:\/\/swissavant.ch\/netzwerk\/\"},{\"@type\":\"ListItem\",\"position\":3,\"name\":\"EKAS\"}]},{\"@type\":\"WebSite\",\"@id\":\"https:\/\/swissavant.ch\/#website\",\"url\":\"https:\/\/swissavant.ch\/\",\"name\":\"Swissavant\",\"description\":\"Swissavant\",\"potentialAction\":[{\"@type\":\"SearchAction\",\"target\":{\"@type\":\"EntryPoint\",\"urlTemplate\":\"https:\/\/swissavant.ch\/?s={search_term_string}\"},\"query-input\":{\"@type\":\"PropertyValueSpecification\",\"valueRequired\":true,\"valueName\":\"search_term_string\"}}],\"inLanguage\":\"fr-FR\"}]}<\/script>\n<!-- \/ Yoast SEO plugin. -->","yoast_head_json":{"title":"EKAS - Swissavant","robots":{"index":"index","follow":"follow","max-snippet":"max-snippet:-1","max-image-preview":"max-image-preview:large","max-video-preview":"max-video-preview:-1"},"canonical":"https:\/\/swissavant.ch\/fr\/reseau\/ekas\/","og_locale":"fr_FR","og_type":"article","og_title":"EKAS - Swissavant","og_description":"Mit der zertifizierten Branchenl\u00f6sung EKAS-Arbeitssicherheit bietet Swissavant eine L\u00f6sung f\u00fcr KMU an, mit der diese alle gesetzlichen Auflagen erf\u00fcllen, von einheitlichen Standards profitieren und gegen\u00fcber einer individuellen L\u00f6sung nachhaltig Kosten einsparen k\u00f6nnen.","og_url":"https:\/\/swissavant.ch\/fr\/reseau\/ekas\/","og_site_name":"Swissavant","article_modified_time":"2024-07-03T13:38:33+00:00","schema":{"@context":"https:\/\/schema.org","@graph":[{"@type":"WebPage","@id":"https:\/\/swissavant.ch\/netzwerk\/ekas\/","url":"https:\/\/swissavant.ch\/netzwerk\/ekas\/","name":"EKAS - Swissavant","isPartOf":{"@id":"https:\/\/swissavant.ch\/#website"},"datePublished":"2017-06-09T14:33:14+00:00","dateModified":"2024-07-03T13:38:33+00:00","breadcrumb":{"@id":"https:\/\/swissavant.ch\/netzwerk\/ekas\/#breadcrumb"},"inLanguage":"fr-FR","potentialAction":[{"@type":"ReadAction","target":["https:\/\/swissavant.ch\/netzwerk\/ekas\/"]}]},{"@type":"BreadcrumbList","@id":"https:\/\/swissavant.ch\/netzwerk\/ekas\/#breadcrumb","itemListElement":[{"@type":"ListItem","position":1,"name":"Home","item":"https:\/\/swissavant.ch\/home\/"},{"@type":"ListItem","position":2,"name":"Netzwerk","item":"https:\/\/swissavant.ch\/netzwerk\/"},{"@type":"ListItem","position":3,"name":"EKAS"}]},{"@type":"WebSite","@id":"https:\/\/swissavant.ch\/#website","url":"https:\/\/swissavant.ch\/","name":"Swissavant","description":"Swissavant","potentialAction":[{"@type":"SearchAction","target":{"@type":"EntryPoint","urlTemplate":"https:\/\/swissavant.ch\/?s={search_term_string}"},"query-input":{"@type":"PropertyValueSpecification","valueRequired":true,"valueName":"search_term_string"}}],"inLanguage":"fr-FR"}]}},"_links":{"self":[{"href":"https:\/\/swissavant.ch\/fr\/wp-json\/wp\/v2\/pages\/3824","targetHints":{"allow":["GET"]}}],"collection":[{"href":"https:\/\/swissavant.ch\/fr\/wp-json\/wp\/v2\/pages"}],"about":[{"href":"https:\/\/swissavant.ch\/fr\/wp-json\/wp\/v2\/types\/page"}],"author":[{"embeddable":true,"href":"https:\/\/swissavant.ch\/fr\/wp-json\/wp\/v2\/users\/12"}],"replies":[{"embeddable":true,"href":"https:\/\/swissavant.ch\/fr\/wp-json\/wp\/v2\/comments?post=3824"}],"version-history":[{"count":5,"href":"https:\/\/swissavant.ch\/fr\/wp-json\/wp\/v2\/pages\/3824\/revisions"}],"predecessor-version":[{"id":9024,"href":"https:\/\/swissavant.ch\/fr\/wp-json\/wp\/v2\/pages\/3824\/revisions\/9024"}],"up":[{"embeddable":true,"href":"https:\/\/swissavant.ch\/fr\/wp-json\/wp\/v2\/pages\/3792"}],"wp:attachment":[{"href":"https:\/\/swissavant.ch\/fr\/wp-json\/wp\/v2\/media?parent=3824"}],"wp:term":[{"taxonomy":"folder","embeddable":true,"href":"https:\/\/swissavant.ch\/fr\/wp-json\/wp\/v2\/folder?post=3824"}],"curies":[{"name":"wp","href":"https:\/\/api.w.org\/{rel}","templated":true}]}}