{"id":3919,"date":"2017-06-15T18:24:09","date_gmt":"2017-06-15T16:24:09","guid":{"rendered":"https:\/\/swissavant.aretiswebseiten.ch\/?page_id=3919"},"modified":"2025-04-04T13:09:27","modified_gmt":"2025-04-04T11:09:27","slug":"a-gauche","status":"publish","type":"page","link":"https:\/\/swissavant.ch\/fr\/a-gauche\/","title":{"rendered":"Liens"},"content":{"rendered":"<div id='av-layout-grid-1'  class='av-layout-grid-container av-5aj81b-35d15bebdac07f1bc6f643799032d99d entry-content-wrapper main_color av-flex-cells  avia-builder-el-0  el_before_av_section  avia-builder-el-first   container_wrap fullsize'  >\n\n<style type=\"text\/css\" data-created_by=\"avia_inline_auto\" id=\"style-css-av-3qlc1b-99a639a49db50735b26fb6f91c1a9f23\">\n.flex_cell.av-3qlc1b-99a639a49db50735b26fb6f91c1a9f23{\nvertical-align:middle;\nheight:400px;\nmin-height:400px;\nbackground-color:#009fe4;\n}\n.responsive #top #wrap_all .flex_cell.av-3qlc1b-99a639a49db50735b26fb6f91c1a9f23{\npadding:40px 60px 40px 60px !important;\n}\n<\/style>\n<div class='flex_cell av-3qlc1b-99a639a49db50735b26fb6f91c1a9f23 av-gridrow-cell av_one_third no_margin  avia-builder-el-1  el_before_av_cell_one_third  avia-builder-el-first  content-align-middle'  ><div class='flex_cell_inner'>\n<style type=\"text\/css\" data-created_by=\"avia_inline_auto\" id=\"style-css-av-l8yebthg-b053ade0fa1a9ca5a95be9ba5f71fb0f\">\n#top .av-special-heading.av-l8yebthg-b053ade0fa1a9ca5a95be9ba5f71fb0f{\npadding-bottom:10px;\ncolor:#ffffff;\n}\nbody .av-special-heading.av-l8yebthg-b053ade0fa1a9ca5a95be9ba5f71fb0f .av-special-heading-tag .heading-char{\nfont-size:25px;\n}\n.av-special-heading.av-l8yebthg-b053ade0fa1a9ca5a95be9ba5f71fb0f .special-heading-inner-border{\nborder-color:#ffffff;\n}\n.av-special-heading.av-l8yebthg-b053ade0fa1a9ca5a95be9ba5f71fb0f .av-subheading{\nfont-size:15px;\n}\n<\/style>\n<div  class='av-special-heading av-l8yebthg-b053ade0fa1a9ca5a95be9ba5f71fb0f av-special-heading-h1 custom-color-heading blockquote modern-quote  avia-builder-el-2  avia-builder-el-no-sibling'><h1 class='av-special-heading-tag'  >Liens<\/h1><div class='av_custom_color av-subheading av-subheading_below'><p>Informations compl\u00e9mentaires<\/p>\n<\/div><div class=\"special-heading-border\"><div class=\"special-heading-inner-border\"><\/div><\/div><\/div>\n<\/div><\/div>\n<style type=\"text\/css\" data-created_by=\"avia_inline_auto\" id=\"style-css-av-226ozz-6ba14ae27a4c48e992e69416ede34673\">\n.flex_cell.av-226ozz-6ba14ae27a4c48e992e69416ede34673{\nvertical-align:middle;\nheight:400px;\nmin-height:400px;\nbackground-color:#e5e8eb;\n}\n.responsive #top #wrap_all .flex_cell.av-226ozz-6ba14ae27a4c48e992e69416ede34673{\npadding:40px 60px 40px 60px !important;\n}\n<\/style>\n<div class='flex_cell av-226ozz-6ba14ae27a4c48e992e69416ede34673 av-gridrow-cell av_one_third no_margin  avia-builder-el-3  el_after_av_cell_one_third  el_before_av_cell_one_third  content-align-middle'  ><div class='flex_cell_inner'><p>\n<style type=\"text\/css\" data-created_by=\"avia_inline_auto\" id=\"style-css-av-g648bj-2cdfba4c1f5fa780f614ee2f57ef5a7a\">\n.av_font_icon.av-g648bj-2cdfba4c1f5fa780f614ee2f57ef5a7a{\ncolor:#009fe3;\nborder-color:#009fe3;\n}\n.avia-svg-icon.av-g648bj-2cdfba4c1f5fa780f614ee2f57ef5a7a svg:first-child{\nstroke:#009fe3;\nfill:#009fe3;\n}\n.av_font_icon.av-g648bj-2cdfba4c1f5fa780f614ee2f57ef5a7a .av-icon-char{\nfont-size:40px;\nline-height:40px;\n}\n<\/style>\n<span  class='av_font_icon av-g648bj-2cdfba4c1f5fa780f614ee2f57ef5a7a avia_animate_when_visible av-icon-style- avia-icon-pos-left avia-iconfont avia-font-entypo-fontello avia-icon-animate'><span class='av-icon-char' data-av_icon='\ue87f' data-av_iconfont='entypo-fontello' aria-hidden=\"true\" ><\/span><\/span><br \/>\n\n<style type=\"text\/css\" data-created_by=\"avia_inline_auto\" id=\"style-css-av-l8yebzf6-cf6ae793bf0aedf7d35b867c46f5243d\">\n#top .av_textblock_section.av-l8yebzf6-cf6ae793bf0aedf7d35b867c46f5243d .avia_textblock{\nfont-size:19px;\n}\n<\/style>\n<section  class='av_textblock_section av-l8yebzf6-cf6ae793bf0aedf7d35b867c46f5243d'  ><div class='avia_textblock' ><p>En tant qu'association \u00e9conomique de niveau sup\u00e9rieur, Swissavant entretient une coop\u00e9ration avec d'autres organisations ou institutions partout o\u00f9 cela sert les objectifs ou les int\u00e9r\u00eats communs de ses membres.<\/p>\n<\/div><\/section><\/p>\n<\/div><\/div>\n<style type=\"text\/css\" data-created_by=\"avia_inline_auto\" id=\"style-css-av-laccuipa-2dc2613ba98957fd4e686a5fba82aa0b\">\n.flex_cell.av-laccuipa-2dc2613ba98957fd4e686a5fba82aa0b{\nvertical-align:top;\nheight:400px;\nmin-height:400px;\nbackground:url(https:\/\/swissavant.ch\/mediathek\/2022\/11\/Link1-714x286.jpg) 50% 0% no-repeat scroll ;\n}\n<\/style>\n<div class='flex_cell av-laccuipa-2dc2613ba98957fd4e686a5fba82aa0b av-gridrow-cell av_one_third no_margin  avia-builder-el-6  el_after_av_cell_one_third  avia-builder-el-last  content-align-top avia-full-stretch'  ><div class='flex_cell_inner'><\/div><\/div>\n<\/div>\n<div id='av_section_1'  class='avia-section av-l8yef9kw-03653cf22138386cad4aba05d67f092b alternate_color avia-section-huge avia-no-border-styling  avia-builder-el-7  el_after_av_layout_row  el_before_av_section  avia-bg-style-scroll container_wrap fullsize'  ><div class='container av-section-cont-open' ><div class='template-page content  av-content-full alpha units'><div class='post-entry post-entry-type-page post-entry-3919'><div class='entry-content-wrapper clearfix'>\n\n<style type=\"text\/css\" data-created_by=\"avia_inline_auto\" id=\"style-css-av-l8yeczfn-3f34885be322dbd595eae218eecf2e76\">\n#top .av-special-heading.av-l8yeczfn-3f34885be322dbd595eae218eecf2e76{\npadding-bottom:10px;\n}\nbody .av-special-heading.av-l8yeczfn-3f34885be322dbd595eae218eecf2e76 .av-special-heading-tag .heading-char{\nfont-size:25px;\n}\n.av-special-heading.av-l8yeczfn-3f34885be322dbd595eae218eecf2e76 .av-subheading{\nfont-size:15px;\n}\n<\/style>\n<div  class='av-special-heading av-l8yeczfn-3f34885be322dbd595eae218eecf2e76 av-special-heading-h2 blockquote modern-quote modern-centered  avia-builder-el-8  el_before_av_hr  avia-builder-el-first'><h2 class='av-special-heading-tag'  >Institutions proches de Swissavant<\/h2><div class=\"special-heading-border\"><div class=\"special-heading-inner-border\"><\/div><\/div><\/div>\n\n<style type=\"text\/css\" data-created_by=\"avia_inline_auto\" id=\"style-css-av-1gm5r3-c08e39b56c7df2d39419b7ba80f78721\">\n#top .hr.av-1gm5r3-c08e39b56c7df2d39419b7ba80f78721{\nmargin-top:30px;\nmargin-bottom:25px;\n}\n.hr.av-1gm5r3-c08e39b56c7df2d39419b7ba80f78721 .hr-inner{\nwidth:100px;\nborder-color:#009fe3;\n}\n<\/style>\n<div  class='hr av-1gm5r3-c08e39b56c7df2d39419b7ba80f78721 hr-custom  avia-builder-el-9  el_after_av_heading  el_before_av_one_half  hr-center hr-icon-no'><span class='hr-inner inner-border-av-border-fat'><span class=\"hr-inner-style\"><\/span><\/span><\/div>\n<div class='flex_column_table av-bxiejj-79059b6bf703b903b8c0551f97c32fe9 sc-av_one_half av-equal-height-column-flextable'>\n<style type=\"text\/css\" data-created_by=\"avia_inline_auto\" id=\"style-css-av-bxiejj-79059b6bf703b903b8c0551f97c32fe9\">\n@keyframes av_boxShadowEffect_av-bxiejj-79059b6bf703b903b8c0551f97c32fe9-column {\n0%   { box-shadow:  0 0 0 0 #dbdbdb; opacity: 1; }\n100% { box-shadow:  0 0 20px 0 #dbdbdb; opacity: 1; }\n}\n.flex_column.av-bxiejj-79059b6bf703b903b8c0551f97c32fe9{\nwidth:48%;\nmargin-left:0;\nbox-shadow: 0 0 20px 0 #dbdbdb;\npadding:30px 30px 30px 30px;\nbackground-color:#ffffff;\n}\n#top .flex_column_table.av-equal-height-column-flextable.av-bxiejj-79059b6bf703b903b8c0551f97c32fe9 .av-flex-placeholder{\nwidth:4%;\n}\n<\/style>\n<div  class='flex_column av-bxiejj-79059b6bf703b903b8c0551f97c32fe9 av_one_half  avia-builder-el-10  el_after_av_hr  el_before_av_one_half  first flex_column_table_cell av-equal-height-column av-align-top shadow-not-animated'     ><p>\n<style type=\"text\/css\" data-created_by=\"avia_inline_auto\" id=\"style-css-av-l8yee9jm-aba06e977c623f1bab49d777decd3145\">\n.av_font_icon.av-l8yee9jm-aba06e977c623f1bab49d777decd3145{\ncolor:#009fe3;\nborder-color:#009fe3;\n}\n.avia-svg-icon.av-l8yee9jm-aba06e977c623f1bab49d777decd3145 svg:first-child{\nstroke:#009fe3;\nfill:#009fe3;\n}\n.av_font_icon.av-l8yee9jm-aba06e977c623f1bab49d777decd3145 .av-icon-char{\nfont-size:60px;\nline-height:60px;\n}\n<\/style>\n<span  class='av_font_icon av-l8yee9jm-aba06e977c623f1bab49d777decd3145 avia_animate_when_visible av-icon-style- avia-icon-pos-center avia-iconfont avia-font-fontello avia-icon-animate'><span class='av-icon-char' data-av_icon='\ue808' data-av_iconfont='fontello' aria-hidden=\"true\" ><\/span><\/span><br \/>\n\n<style type=\"text\/css\" data-created_by=\"avia_inline_auto\" id=\"style-css-av-l8yedts8-02f5c895fde100f5420f5e4915b39dcf\">\n#top .av-special-heading.av-l8yedts8-02f5c895fde100f5420f5e4915b39dcf{\npadding-bottom:10px;\n}\nbody .av-special-heading.av-l8yedts8-02f5c895fde100f5420f5e4915b39dcf .av-special-heading-tag .heading-char{\nfont-size:25px;\n}\n.av-special-heading.av-l8yedts8-02f5c895fde100f5420f5e4915b39dcf .av-subheading{\nfont-size:15px;\n}\n<\/style>\n<div  class='av-special-heading av-l8yedts8-02f5c895fde100f5420f5e4915b39dcf av-special-heading-h4  avia-builder-el-12  el_after_av_font_icon  el_before_av_textblock'><h4 class='av-special-heading-tag'  >Institutions appartenant \u00e0 Swissavant<\/h4><div class=\"special-heading-border\"><div class=\"special-heading-inner-border\"><\/div><\/div><\/div><br \/>\n<section  class='av_textblock_section av-l8yecjup-8c2fb2b8e427398f03840ea0e9e5a9ee'  ><div class='avia_textblock' ><p>Sous les liens suivants, vous trouverez d'une part des informations sur des institutions comme par exemple la caisse de compensation AVS Forte, nexMart Suisse SA ou la fondation de soutien polaris, qui font partie de Swissavant.<\/p>\n<\/div><\/section><\/p><\/div><div class='av-flex-placeholder'><\/div>\n<style type=\"text\/css\" data-created_by=\"avia_inline_auto\" id=\"style-css-av-b2m08v-99e877193846b778257d51f554e7bcdc\">\n@keyframes av_boxShadowEffect_av-b2m08v-99e877193846b778257d51f554e7bcdc-column {\n0%   { box-shadow:  0 0 0 0 #dbdbdb; opacity: 1; }\n100% { box-shadow:  0 0 20px 0 #dbdbdb; opacity: 1; }\n}\n.flex_column.av-b2m08v-99e877193846b778257d51f554e7bcdc{\nwidth:48%;\nmargin-left:0;\nbox-shadow: 0 0 20px 0 #dbdbdb;\npadding:30px 30px 30px 30px;\nbackground-color:#ffffff;\n}\n#top .flex_column_table.av-equal-height-column-flextable.av-b2m08v-99e877193846b778257d51f554e7bcdc .av-flex-placeholder{\nwidth:4%;\n}\n<\/style>\n<div  class='flex_column av-b2m08v-99e877193846b778257d51f554e7bcdc av_one_half  avia-builder-el-14  el_after_av_one_half  avia-builder-el-last  flex_column_table_cell av-equal-height-column av-align-top shadow-not-animated'     ><p>\n<style type=\"text\/css\" data-created_by=\"avia_inline_auto\" id=\"style-css-av-l8yeehf6-227c7681b3a05a62be892ebd455078ec\">\n.av_font_icon.av-l8yeehf6-227c7681b3a05a62be892ebd455078ec{\ncolor:#009fe3;\nborder-color:#009fe3;\n}\n.avia-svg-icon.av-l8yeehf6-227c7681b3a05a62be892ebd455078ec svg:first-child{\nstroke:#009fe3;\nfill:#009fe3;\n}\n.av_font_icon.av-l8yeehf6-227c7681b3a05a62be892ebd455078ec .av-icon-char{\nfont-size:60px;\nline-height:60px;\n}\n<\/style>\n<span  class='av_font_icon av-l8yeehf6-227c7681b3a05a62be892ebd455078ec avia_animate_when_visible av-icon-style- avia-icon-pos-center avia-iconfont avia-font-fontello avia-icon-animate'><span class='av-icon-char' data-av_icon='\ue805' data-av_iconfont='fontello' aria-hidden=\"true\" ><\/span><\/span><br \/>\n\n<style type=\"text\/css\" data-created_by=\"avia_inline_auto\" id=\"style-css-av-l8yeenbj-aca7c297943607ce299d449eac59e86a\">\n#top .av-special-heading.av-l8yeenbj-aca7c297943607ce299d449eac59e86a{\npadding-bottom:10px;\n}\nbody .av-special-heading.av-l8yeenbj-aca7c297943607ce299d449eac59e86a .av-special-heading-tag .heading-char{\nfont-size:25px;\n}\n.av-special-heading.av-l8yeenbj-aca7c297943607ce299d449eac59e86a .av-subheading{\nfont-size:15px;\n}\n<\/style>\n<div  class='av-special-heading av-l8yeenbj-aca7c297943607ce299d449eac59e86a av-special-heading-h4  avia-builder-el-16  el_after_av_font_icon  el_before_av_textblock'><h4 class='av-special-heading-tag'  >Coop\u00e9ration avec Swissavant<\/h4><div class=\"special-heading-border\"><div class=\"special-heading-inner-border\"><\/div><\/div><\/div><br \/>\n<section  class='av_textblock_section av-l8yecmwh-fda432a06b6806de5b53441524e61d71'  ><div class='avia_textblock' ><p>D'autre part, vous trouverez \u00e9galement des informations sur des institutions et organisations telles que Formation du commerce de d\u00e9tail suisse ou SUVA, qui coop\u00e8rent avec Swissavant.<\/p>\n<\/div><\/section><\/p><\/div><\/div><!--close column table wrapper. Autoclose: 1 -->\n\n<\/div><\/div><\/div><!-- close content main div --><\/div><\/div><div id='av_section_2'  class='avia-section av-9dx2u7-6faad2e2eb824143b8353cc3e20722f6 main_color avia-section-huge avia-shadow  avia-builder-el-18  el_after_av_section  avia-builder-el-last  avia-bg-style-scroll container_wrap fullsize'  ><div class='container av-section-cont-open' ><div class='template-page content  av-content-full alpha units'><div class='post-entry post-entry-type-page post-entry-3919'><div class='entry-content-wrapper clearfix'>\n\n<style type=\"text\/css\" data-created_by=\"avia_inline_auto\" id=\"style-css-av-80iyhr-20e763fe745443092e8710d8f6b50851\">\n#top .av-special-heading.av-80iyhr-20e763fe745443092e8710d8f6b50851{\npadding-bottom:10px;\n}\nbody .av-special-heading.av-80iyhr-20e763fe745443092e8710d8f6b50851 .av-special-heading-tag .heading-char{\nfont-size:25px;\n}\n.av-special-heading.av-80iyhr-20e763fe745443092e8710d8f6b50851 .av-subheading{\nfont-size:15px;\n}\n<\/style>\n<div  class='av-special-heading av-80iyhr-20e763fe745443092e8710d8f6b50851 av-special-heading-h2 blockquote modern-quote modern-centered  avia-builder-el-19  el_before_av_hr  avia-builder-el-first'><h2 class='av-special-heading-tag'  >Liens<\/h2><div class=\"special-heading-border\"><div class=\"special-heading-inner-border\"><\/div><\/div><\/div>\n\n<style type=\"text\/css\" data-created_by=\"avia_inline_auto\" id=\"style-css-av-692ku7-a7bcddcfa1fa85bdf591aba6aa1a9537\">\n#top .hr.av-692ku7-a7bcddcfa1fa85bdf591aba6aa1a9537{\nmargin-top:30px;\nmargin-bottom:45px;\n}\n.hr.av-692ku7-a7bcddcfa1fa85bdf591aba6aa1a9537 .hr-inner{\nwidth:100px;\nborder-color:#009fe3;\n}\n<\/style>\n<div  class='hr av-692ku7-a7bcddcfa1fa85bdf591aba6aa1a9537 hr-custom  avia-builder-el-20  el_after_av_heading  el_before_av_textblock  hr-center hr-icon-no'><span class='hr-inner inner-border-av-border-fat'><span class=\"hr-inner-style\"><\/span><\/span><\/div>\n<section  class='av_textblock_section av-l8yef2fz-37b0b715db5337588f501081c83d071b'  ><div class='avia_textblock' ><p style=\"text-align: center;\">\u00a0Les fournisseurs respectifs sont enti\u00e8rement responsables du contenu des sites web correspondants.<\/p>\n<\/div><\/section>\n<div class='flex_column_table av-475tsv-45b5c800e2edc8482641153b3a4268aa sc-av_one_half av-equal-height-column-flextable'>\n<style type=\"text\/css\" data-created_by=\"avia_inline_auto\" id=\"style-css-av-475tsv-45b5c800e2edc8482641153b3a4268aa\">\n@keyframes av_boxShadowEffect_av-475tsv-45b5c800e2edc8482641153b3a4268aa-column {\n0%   { box-shadow:  0 0 0 0 #c1c1c1; opacity: 1; }\n100% { box-shadow:  0 0 20px 0 #c1c1c1; opacity: 1; }\n}\n.flex_column.av-475tsv-45b5c800e2edc8482641153b3a4268aa{\nwidth:48%;\nmargin-left:0;\nbox-shadow: 0 0 20px 0 #c1c1c1;\npadding:50px 50px 50px 50px;\n}\n#top .flex_column_table.av-equal-height-column-flextable.av-475tsv-45b5c800e2edc8482641153b3a4268aa .av-flex-placeholder{\nwidth:4%;\n}\n<\/style>\n<div  class='flex_column av-475tsv-45b5c800e2edc8482641153b3a4268aa av_one_half  avia-builder-el-22  el_after_av_textblock  el_before_av_one_half  first flex_column_table_cell av-equal-height-column av-align-top shadow-not-animated  column-top-margin'     ><section  class='av_textblock_section av-l8yefwgs-cc0d1573607ed8cb40ec5e528d75de8d'  ><div class='avia_textblock' ><ul>\n<li><a title=\"Caisse de compensation de Verom\" href=\"https:\/\/akforte.ch\/de\/home\/\" target=\"_blank\" rel=\"nofollow noopener noreferrer\">Caisse de compensation AVS Forte<\/a><\/li>\n<li><a title=\"Formation du commerce de d\u00e9tail suisse FCS\" href=\"http:\/\/www.bds-fcs.ch\" target=\"_blank\" rel=\"nofollow noopener noreferrer\">Formation du commerce de d\u00e9tail suisse FCS<\/a><\/li>\n<li><a title=\"Gestionnaire du commerce de d\u00e9tail\" href=\"http:\/\/www.detailhandelsmanager.ch\" target=\"_blank\" rel=\"nofollow noopener noreferrer\">Gestionnaire du commerce de d\u00e9tail<\/a><\/li>\n<li><a title=\"Commission f\u00e9d\u00e9rale de coordination pour la s\u00e9curit\u00e9 au travail CFST\" href=\"http:\/\/www.ekas.ch\" target=\"_blank\" rel=\"nofollow noopener noreferrer\">Commission f\u00e9d\u00e9rale de coordination pour la s\u00e9curit\u00e9 au travail CFST<\/a><\/li>\n<li><a title=\"Fondation polaris\" href=\"http:\/\/www.polaris-stiftung.ch\" target=\"_blank\" rel=\"nofollow noopener noreferrer\">Fondation polaris<\/a><\/li>\n<li><a title=\"Hardware\" href=\"http:\/\/www.hardware-luzern.ch\" target=\"_blank\" rel=\"nofollow noopener noreferrer\">Hardware<\/a><\/li>\n<li><a title=\"Messe Luzern AG\" href=\"http:\/\/www.messeluzern.ch\" target=\"_blank\" rel=\"nofollow noopener noreferrer\">Messe Luzern AG<\/a><\/li>\n<\/ul>\n<\/div><\/section><\/div><div class='av-flex-placeholder'><\/div>\n<style type=\"text\/css\" data-created_by=\"avia_inline_auto\" id=\"style-css-av-2r699b-98c172ef06d52314f7426057dab20b51\">\n@keyframes av_boxShadowEffect_av-2r699b-98c172ef06d52314f7426057dab20b51-column {\n0%   { box-shadow:  0 0 0 0 #c1c1c1; opacity: 1; }\n100% { box-shadow:  0 0 20px 0 #c1c1c1; opacity: 1; }\n}\n.flex_column.av-2r699b-98c172ef06d52314f7426057dab20b51{\nwidth:48%;\nmargin-left:0;\nbox-shadow: 0 0 20px 0 #c1c1c1;\npadding:50px 50px 50px 50px;\n}\n#top .flex_column_table.av-equal-height-column-flextable.av-2r699b-98c172ef06d52314f7426057dab20b51 .av-flex-placeholder{\nwidth:4%;\n}\n<\/style>\n<div  class='flex_column av-2r699b-98c172ef06d52314f7426057dab20b51 av_one_half  avia-builder-el-24  el_after_av_one_half  avia-builder-el-last  flex_column_table_cell av-equal-height-column av-align-top shadow-not-animated  column-top-margin'     ><section  class='av_textblock_section av-l8yeg4u3-540cd70fb49d80d294573757ffdab436'  ><div class='avia_textblock' ><ul>\n<li><a title=\"nexMart GmbH &amp; Co. KG\" href=\"http:\/\/www.nexmart.com\/\" target=\"_blank\" rel=\"nofollow noopener noreferrer\">nexMart GmbH &amp; Co. KG<\/a><\/li>\n<li><a title=\"nexMart Schweiz AG\" href=\"http:\/\/www.nexmart.swiss\/\" target=\"_blank\" rel=\"nofollow noopener noreferrer\">nexMart Schweiz AG<\/a><\/li>\n<li><a title=\"Caisse de pension Merlion\" href=\"http:\/\/www.pk-merlion.ch\/\" target=\"_blank\" rel=\"nofollow noopener noreferrer\">Caisse de pension Merlion<\/a><\/li>\n<li><a href=\"https:\/\/www.sdcc.ch\" target=\"_blank\" rel=\"noopener\">Centre suisse d'\u00e9change de donn\u00e9es (CSED)<\/a><\/li>\n<li><a title=\"SIU Institut suisse pour la formation des chefs d&#039;entreprise\" href=\"https:\/\/www.siu.ch\/weiterbildungen\/kmu\" target=\"_blank\" rel=\"nofollow noopener noreferrer\">SIU Institut suisse pour la formation des chefs d'entreprise<\/a><\/li>\n<li><a title=\"Suva\" href=\"http:\/\/www.suva.ch\/\" target=\"_blank\" rel=\"nofollow noopener noreferrer\">Suva<\/a><\/li>\n<li><a title=\"Association professionnelle suisse des commer\u00e7ants en peinture (ASCP)\" href=\"http:\/\/www.farbenschweiz.ch\" target=\"_blank\" rel=\"nofollow noopener noreferrer\">Association professionnelle suisse des commer\u00e7ants en peinture (ASCP)<\/a><\/li>\n<li><a href=\"https:\/\/www.eit.swiss\/de\/\" target=\"_blank\" rel=\"noopener\">Union suisse des installateurs-\u00e9lectriciens<\/a><\/li>\n<\/ul>\n<\/div><\/section><\/div><\/div><!--close column table wrapper. Autoclose: 1 -->","protected":false},"excerpt":{"rendered":"<p>En tant qu'association \u00e9conomique de niveau sup\u00e9rieur, Swissavant entretient une coop\u00e9ration avec d'autres organisations ou institutions partout o\u00f9 cela sert les objectifs ou les int\u00e9r\u00eats communs de ses membres.<\/p>","protected":false},"author":12,"featured_media":0,"parent":0,"menu_order":13,"comment_status":"closed","ping_status":"closed","template":"","meta":{"_acf_changed":false,"_monsterinsights_skip_tracking":false,"_monsterinsights_sitenote_active":false,"_monsterinsights_sitenote_note":"","_monsterinsights_sitenote_category":0,"footnotes":""},"folder":[],"class_list":["post-3919","page","type-page","status-publish","hentry"],"acf":[],"yoast_head":"<!-- This site is optimized with the Yoast SEO plugin v26.8 - https:\/\/yoast.com\/product\/yoast-seo-wordpress\/ -->\n<title>Links und Partner von Swissavant<\/title>\n<meta name=\"description\" content=\"Als \u00fcbergeordneter Wirtschaftsverband pflegt Swissavant die Kooperation mit anderen Organisationen oder Institutionen und Partnern.\" \/>\n<meta name=\"robots\" content=\"index, follow, max-snippet:-1, max-image-preview:large, max-video-preview:-1\" \/>\n<link rel=\"canonical\" href=\"https:\/\/swissavant.ch\/fr\/a-gauche\/\" \/>\n<meta property=\"og:locale\" content=\"fr_FR\" \/>\n<meta property=\"og:type\" content=\"article\" \/>\n<meta property=\"og:title\" content=\"Links und Partner von Swissavant\" \/>\n<meta property=\"og:description\" content=\"Als \u00fcbergeordneter Wirtschaftsverband pflegt Swissavant die Kooperation mit anderen Organisationen oder Institutionen und Partnern.\" \/>\n<meta property=\"og:url\" content=\"https:\/\/swissavant.ch\/fr\/a-gauche\/\" \/>\n<meta property=\"og:site_name\" content=\"Swissavant\" \/>\n<meta property=\"article:modified_time\" content=\"2025-04-04T11:09:27+00:00\" \/>\n<meta name=\"twitter:label1\" content=\"Dur\u00e9e de lecture estim\u00e9e\" \/>\n\t<meta name=\"twitter:data1\" content=\"1 minute\" \/>\n<script type=\"application\/ld+json\" class=\"yoast-schema-graph\">{\"@context\":\"https:\/\/schema.org\",\"@graph\":[{\"@type\":\"WebPage\",\"@id\":\"https:\/\/swissavant.ch\/links\/\",\"url\":\"https:\/\/swissavant.ch\/links\/\",\"name\":\"Links und Partner von Swissavant\",\"isPartOf\":{\"@id\":\"https:\/\/swissavant.ch\/#website\"},\"datePublished\":\"2017-06-15T16:24:09+00:00\",\"dateModified\":\"2025-04-04T11:09:27+00:00\",\"description\":\"Als \u00fcbergeordneter Wirtschaftsverband pflegt Swissavant die Kooperation mit anderen Organisationen oder Institutionen und Partnern.\",\"breadcrumb\":{\"@id\":\"https:\/\/swissavant.ch\/links\/#breadcrumb\"},\"inLanguage\":\"fr-FR\",\"potentialAction\":[{\"@type\":\"ReadAction\",\"target\":[\"https:\/\/swissavant.ch\/links\/\"]}]},{\"@type\":\"BreadcrumbList\",\"@id\":\"https:\/\/swissavant.ch\/links\/#breadcrumb\",\"itemListElement\":[{\"@type\":\"ListItem\",\"position\":1,\"name\":\"Home\",\"item\":\"https:\/\/swissavant.ch\/home\/\"},{\"@type\":\"ListItem\",\"position\":2,\"name\":\"Links\"}]},{\"@type\":\"WebSite\",\"@id\":\"https:\/\/swissavant.ch\/#website\",\"url\":\"https:\/\/swissavant.ch\/\",\"name\":\"Swissavant\",\"description\":\"Swissavant\",\"potentialAction\":[{\"@type\":\"SearchAction\",\"target\":{\"@type\":\"EntryPoint\",\"urlTemplate\":\"https:\/\/swissavant.ch\/?s={search_term_string}\"},\"query-input\":{\"@type\":\"PropertyValueSpecification\",\"valueRequired\":true,\"valueName\":\"search_term_string\"}}],\"inLanguage\":\"fr-FR\"}]}<\/script>\n<!-- \/ Yoast SEO plugin. -->","yoast_head_json":{"title":"Liens et partenaires de Swissavant","description":"En tant qu'association \u00e9conomique de niveau sup\u00e9rieur, Swissavant entretient la coop\u00e9ration avec d'autres organisations ou institutions et partenaires.","robots":{"index":"index","follow":"follow","max-snippet":"max-snippet:-1","max-image-preview":"max-image-preview:large","max-video-preview":"max-video-preview:-1"},"canonical":"https:\/\/swissavant.ch\/fr\/a-gauche\/","og_locale":"fr_FR","og_type":"article","og_title":"Links und Partner von Swissavant","og_description":"Als \u00fcbergeordneter Wirtschaftsverband pflegt Swissavant die Kooperation mit anderen Organisationen oder Institutionen und Partnern.","og_url":"https:\/\/swissavant.ch\/fr\/a-gauche\/","og_site_name":"Swissavant","article_modified_time":"2025-04-04T11:09:27+00:00","twitter_misc":{"Dur\u00e9e de lecture estim\u00e9e":"1 minute"},"schema":{"@context":"https:\/\/schema.org","@graph":[{"@type":"WebPage","@id":"https:\/\/swissavant.ch\/links\/","url":"https:\/\/swissavant.ch\/links\/","name":"Liens et partenaires de Swissavant","isPartOf":{"@id":"https:\/\/swissavant.ch\/#website"},"datePublished":"2017-06-15T16:24:09+00:00","dateModified":"2025-04-04T11:09:27+00:00","description":"En tant qu'association \u00e9conomique de niveau sup\u00e9rieur, Swissavant entretient la coop\u00e9ration avec d'autres organisations ou institutions et partenaires.","breadcrumb":{"@id":"https:\/\/swissavant.ch\/links\/#breadcrumb"},"inLanguage":"fr-FR","potentialAction":[{"@type":"ReadAction","target":["https:\/\/swissavant.ch\/links\/"]}]},{"@type":"BreadcrumbList","@id":"https:\/\/swissavant.ch\/links\/#breadcrumb","itemListElement":[{"@type":"ListItem","position":1,"name":"Home","item":"https:\/\/swissavant.ch\/home\/"},{"@type":"ListItem","position":2,"name":"Links"}]},{"@type":"WebSite","@id":"https:\/\/swissavant.ch\/#website","url":"https:\/\/swissavant.ch\/","name":"Swissavant","description":"Swissavant","potentialAction":[{"@type":"SearchAction","target":{"@type":"EntryPoint","urlTemplate":"https:\/\/swissavant.ch\/?s={search_term_string}"},"query-input":{"@type":"PropertyValueSpecification","valueRequired":true,"valueName":"search_term_string"}}],"inLanguage":"fr-FR"}]}},"_links":{"self":[{"href":"https:\/\/swissavant.ch\/fr\/wp-json\/wp\/v2\/pages\/3919","targetHints":{"allow":["GET"]}}],"collection":[{"href":"https:\/\/swissavant.ch\/fr\/wp-json\/wp\/v2\/pages"}],"about":[{"href":"https:\/\/swissavant.ch\/fr\/wp-json\/wp\/v2\/types\/page"}],"author":[{"embeddable":true,"href":"https:\/\/swissavant.ch\/fr\/wp-json\/wp\/v2\/users\/12"}],"replies":[{"embeddable":true,"href":"https:\/\/swissavant.ch\/fr\/wp-json\/wp\/v2\/comments?post=3919"}],"version-history":[{"count":7,"href":"https:\/\/swissavant.ch\/fr\/wp-json\/wp\/v2\/pages\/3919\/revisions"}],"predecessor-version":[{"id":12993,"href":"https:\/\/swissavant.ch\/fr\/wp-json\/wp\/v2\/pages\/3919\/revisions\/12993"}],"wp:attachment":[{"href":"https:\/\/swissavant.ch\/fr\/wp-json\/wp\/v2\/media?parent=3919"}],"wp:term":[{"taxonomy":"folder","embeddable":true,"href":"https:\/\/swissavant.ch\/fr\/wp-json\/wp\/v2\/folder?post=3919"}],"curies":[{"name":"wp","href":"https:\/\/api.w.org\/{rel}","templated":true}]}}