{"id":6316,"date":"2020-06-08T08:27:48","date_gmt":"2020-06-08T06:27:48","guid":{"rendered":"https:\/\/swissavant.aretiswebseiten.ch\/?page_id=6316"},"modified":"2025-11-26T08:34:02","modified_gmt":"2025-11-26T07:34:02","slug":"formations-kopas","status":"publish","type":"page","link":"https:\/\/swissavant.ch\/fr\/reseau\/ekas\/formations-kopas\/","title":{"rendered":"Formations pour PERCO"},"content":{"rendered":"<div id='av-layout-grid-1'  class='av-layout-grid-container av-k47lek-d2b0f63273577bd412a19f86158b2c6c entry-content-wrapper main_color av-flex-cells  avia-builder-el-0  el_before_av_one_half  avia-builder-el-first   container_wrap fullsize'  >\n\n<style type=\"text\/css\" data-created_by=\"avia_inline_auto\" id=\"style-css-av-j28kfw-46e211d02e6a9269a99624aa4ada6e82\">\n.flex_cell.av-j28kfw-46e211d02e6a9269a99624aa4ada6e82{\nvertical-align:middle;\nheight:350px;\nmin-height:350px;\nbackground-color:#009fe4;\n}\n.responsive #top #wrap_all .flex_cell.av-j28kfw-46e211d02e6a9269a99624aa4ada6e82{\npadding:40px 100px 40px 100px !important;\n}\n<\/style>\n<div class='flex_cell av-j28kfw-46e211d02e6a9269a99624aa4ada6e82 av-gridrow-cell av_one_third no_margin  avia-builder-el-1  el_before_av_cell_one_third  avia-builder-el-first  content-align-middle'  ><div class='flex_cell_inner'>\n<style type=\"text\/css\" data-created_by=\"avia_inline_auto\" id=\"style-css-av-l8vlvh9b-cb64a881534fe0ee01cf5b3cdfa6d04a\">\n#top .av-special-heading.av-l8vlvh9b-cb64a881534fe0ee01cf5b3cdfa6d04a{\npadding-bottom:10px;\ncolor:#ffffff;\nfont-size:35px;\n}\nbody .av-special-heading.av-l8vlvh9b-cb64a881534fe0ee01cf5b3cdfa6d04a .av-special-heading-tag .heading-char{\nfont-size:25px;\n}\n#top #wrap_all .av-special-heading.av-l8vlvh9b-cb64a881534fe0ee01cf5b3cdfa6d04a .av-special-heading-tag{\nfont-size:35px;\n}\n.av-special-heading.av-l8vlvh9b-cb64a881534fe0ee01cf5b3cdfa6d04a .special-heading-inner-border{\nborder-color:#ffffff;\n}\n.av-special-heading.av-l8vlvh9b-cb64a881534fe0ee01cf5b3cdfa6d04a .av-subheading{\nfont-size:15px;\n}\n\n@media only screen and (min-width: 480px) and (max-width: 767px){ \n#top #wrap_all .av-special-heading.av-l8vlvh9b-cb64a881534fe0ee01cf5b3cdfa6d04a .av-special-heading-tag{\nfont-size:0.8em;\n}\n}\n\n@media only screen and (max-width: 479px){ \n#top #wrap_all .av-special-heading.av-l8vlvh9b-cb64a881534fe0ee01cf5b3cdfa6d04a .av-special-heading-tag{\nfont-size:0.8em;\n}\n}\n<\/style>\n<div  class='av-special-heading av-l8vlvh9b-cb64a881534fe0ee01cf5b3cdfa6d04a av-special-heading-h1 custom-color-heading blockquote modern-quote  avia-builder-el-2  avia-builder-el-no-sibling  av-inherit-size'><h1 class='av-special-heading-tag'  >Formations pour PERCO<\/h1><div class='av_custom_color av-subheading av-subheading_below'><p>Formation de base et formations continues pour PERCO<\/p>\n<\/div><div class=\"special-heading-border\"><div class=\"special-heading-inner-border\"><\/div><\/div><\/div>\n<\/div><\/div>\n<style type=\"text\/css\" data-created_by=\"avia_inline_auto\" id=\"style-css-av-hajefg-dd31eac78bc3ef05e14d86140f4a8091\">\n.flex_cell.av-hajefg-dd31eac78bc3ef05e14d86140f4a8091{\nvertical-align:middle;\nheight:350px;\nmin-height:350px;\nbackground-color:#e5e8eb;\n}\n.responsive #top #wrap_all .flex_cell.av-hajefg-dd31eac78bc3ef05e14d86140f4a8091{\npadding:40px 100px 40px 100px !important;\n}\n<\/style>\n<div class='flex_cell av-hajefg-dd31eac78bc3ef05e14d86140f4a8091 av-gridrow-cell av_one_third no_margin  avia-builder-el-3  el_after_av_cell_one_third  el_before_av_cell_one_third  content-align-middle'  ><div class='flex_cell_inner'><p>\n<style type=\"text\/css\" data-created_by=\"avia_inline_auto\" id=\"style-css-av-frgdjg-9aa0aa40275f7953a49608be0319417a\">\n.av_font_icon.av-frgdjg-9aa0aa40275f7953a49608be0319417a{\ncolor:#009fe3;\nborder-color:#009fe3;\n}\n.avia-svg-icon.av-frgdjg-9aa0aa40275f7953a49608be0319417a svg:first-child{\nstroke:#009fe3;\nfill:#009fe3;\n}\n.av_font_icon.av-frgdjg-9aa0aa40275f7953a49608be0319417a .av-icon-char{\nfont-size:40px;\nline-height:40px;\n}\n<\/style>\n<span  class='av_font_icon av-frgdjg-9aa0aa40275f7953a49608be0319417a avia_animate_when_visible av-icon-style- avia-icon-pos-left avia-iconfont avia-font-entypo-fontello avia-icon-animate'><span class='av-icon-char' data-av_icon='\ue87f' data-av_iconfont='entypo-fontello' aria-hidden=\"true\" ><\/span><\/span><br \/>\n\n<style type=\"text\/css\" data-created_by=\"avia_inline_auto\" id=\"style-css-av-l8vlvpqa-3dcd5664eb798cf11df24d258862019b\">\n#top .av_textblock_section.av-l8vlvpqa-3dcd5664eb798cf11df24d258862019b .avia_textblock{\nfont-size:19px;\n}\n<\/style>\n<section  class='av_textblock_section av-l8vlvpqa-3dcd5664eb798cf11df24d258862019b'  ><div class='avia_textblock' ><p>Chaque entreprise soumise aux directives de la CFST doit d\u00e9signer et former une personne de contact pour la s\u00e9curit\u00e9 au travail (PERCO). Les cours pr\u00e9vus \u00e0 cet effet sont organis\u00e9s par Swissavant \u00e0 un rythme bisannuel.<\/p>\n<\/div><\/section><\/p>\n<\/div><\/div>\n<style type=\"text\/css\" data-created_by=\"avia_inline_auto\" id=\"style-css-av-la6u01p6-a2ecd414bb9506a692511d683305be82\">\n.flex_cell.av-la6u01p6-a2ecd414bb9506a692511d683305be82{\nvertical-align:middle;\nheight:350px;\nmin-height:350px;\nbackground:url(https:\/\/swissavant.ch\/mediathek\/2022\/11\/KOPAS_hauptseite-714x480.jpg) 50% 0% no-repeat scroll ;\n}\n<\/style>\n<div class='flex_cell av-la6u01p6-a2ecd414bb9506a692511d683305be82 av-gridrow-cell av_one_third no_margin  avia-builder-el-6  el_after_av_cell_one_third  avia-builder-el-last  content-align-middle'  ><div class='flex_cell_inner'><\/div><\/div><\/div><div id='after_grid_row_1'  class='main_color av_default_container_wrap container_wrap fullsize'  ><div class='container av-section-cont-open' ><div class='template-page content  av-content-full alpha units'><div class='post-entry post-entry-type-page post-entry-6316'><div class='entry-content-wrapper clearfix'><div class='flex_column_table av-25lk58-96e7e4c9d7d1c42733cd618e3f9009bb sc-av_one_half av-equal-height-column-flextable'>\n<style type=\"text\/css\" data-created_by=\"avia_inline_auto\" id=\"style-css-av-25lk58-96e7e4c9d7d1c42733cd618e3f9009bb\">\n@keyframes av_boxShadowEffect_av-25lk58-96e7e4c9d7d1c42733cd618e3f9009bb-column {\n0%   { box-shadow:  0 0 0 0 #dbdbdb; opacity: 1; }\n100% { box-shadow:  0 0 20px 0 #dbdbdb; opacity: 1; }\n}\n#top .flex_column_table.av-equal-height-column-flextable.av-25lk58-96e7e4c9d7d1c42733cd618e3f9009bb{\nmargin-top:30px;\nmargin-bottom:0px;\n}\n.flex_column.av-25lk58-96e7e4c9d7d1c42733cd618e3f9009bb{\nwidth:48%;\nmargin-left:0;\nbox-shadow: 0 0 20px 0 #dbdbdb;\npadding:30px 30px 30px 30px;\nbackground-color:#ffffff;\n}\n#top .flex_column_table.av-equal-height-column-flextable.av-25lk58-96e7e4c9d7d1c42733cd618e3f9009bb .av-flex-placeholder{\nwidth:4%;\n}\n<\/style>\n<div  class='flex_column av-25lk58-96e7e4c9d7d1c42733cd618e3f9009bb av_one_half  avia-builder-el-7  el_after_av_layout_row  el_before_av_one_half  avia-builder-el-first  first flex_column_table_cell av-equal-height-column av-align-top shadow-not-animated'     ><p>\n<style type=\"text\/css\" data-created_by=\"avia_inline_auto\" id=\"style-css-av-la6sk2tz-1e55642a767517336851ff14b6acd14a\">\n#top .av-special-heading.av-la6sk2tz-1e55642a767517336851ff14b6acd14a{\npadding-bottom:10px;\n}\nbody .av-special-heading.av-la6sk2tz-1e55642a767517336851ff14b6acd14a .av-special-heading-tag .heading-char{\nfont-size:25px;\n}\n.av-special-heading.av-la6sk2tz-1e55642a767517336851ff14b6acd14a .av-subheading{\nfont-size:15px;\n}\n<\/style>\n<div  class='av-special-heading av-la6sk2tz-1e55642a767517336851ff14b6acd14a av-special-heading-h4  avia-builder-el-8  el_before_av_textblock  avia-builder-el-first'><h4 class='av-special-heading-tag'  >Cours de base<\/h4><div class=\"special-heading-border\"><div class=\"special-heading-inner-border\"><\/div><\/div><\/div><br \/>\n<section  class='av_textblock_section av-la6skpbs-e0eb909b5f0843f88d8790be954ac92f'  ><div class='avia_textblock' ><p>La fr\u00e9quentation du cours de base est obligatoire de par la loi et permettra aux PERCO de mettre en \u0153uvre le dispositif de s\u00e9curit\u00e9 sp\u00e9cifique \u00e0 la branche afin d'\u00e9viter les accidents professionnels.<\/p>\n<\/div><\/section><br \/>\n<div  class='avia-button-wrap av-la6smgsc-05b31c631e6d007c2b13e3a3e56305c3-wrap avia-button-left  avia-builder-el-10  el_after_av_textblock  avia-builder-el-last'><a href='https:\/\/swissavant.ch\/fr\/reseau\/ekas\/formations-kopas\/inscription-formation-de-base\/'  class='avia-button av-la6smgsc-05b31c631e6d007c2b13e3a3e56305c3 av-link-btn avia-icon_select-yes-left-icon avia-size-large avia-position-left avia-color-theme-color'   aria-label=\"continuer\"><span class='avia_button_icon avia_button_icon_left avia-iconfont avia-font-entypo-fontello' data-av_icon='\ue832' data-av_iconfont='entypo-fontello' ><\/span><span class='avia_iconbox_title' >continuer<\/span><\/a><\/div><\/p><\/div><\/p>\n<div class='av-flex-placeholder'><\/div>\n<style type=\"text\/css\" data-created_by=\"avia_inline_auto\" id=\"style-css-av-4uuado-3bdc94c67dac9ce4cae7c478791a4b1c\">\n@keyframes av_boxShadowEffect_av-4uuado-3bdc94c67dac9ce4cae7c478791a4b1c-column {\n0%   { box-shadow:  0 0 0 0 #dbdbdb; opacity: 1; }\n100% { box-shadow:  0 0 20px 0 #dbdbdb; opacity: 1; }\n}\n#top .flex_column_table.av-equal-height-column-flextable.av-4uuado-3bdc94c67dac9ce4cae7c478791a4b1c{\nmargin-top:30px;\nmargin-bottom:0px;\n}\n.flex_column.av-4uuado-3bdc94c67dac9ce4cae7c478791a4b1c{\nwidth:48%;\nmargin-left:0;\nbox-shadow: 0 0 20px 0 #dbdbdb;\npadding:30px 30px 30px 30px;\nbackground-color:#ffffff;\n}\n#top .flex_column_table.av-equal-height-column-flextable.av-4uuado-3bdc94c67dac9ce4cae7c478791a4b1c .av-flex-placeholder{\nwidth:4%;\n}\n<\/style>\n<div  class='flex_column av-4uuado-3bdc94c67dac9ce4cae7c478791a4b1c av_one_half  avia-builder-el-11  el_after_av_one_half  avia-builder-el-last  flex_column_table_cell av-equal-height-column av-align-top shadow-not-animated'     ><p>\n<style type=\"text\/css\" data-created_by=\"avia_inline_auto\" id=\"style-css-av-la6sjl9f-4c5c7a3bcff887e41e0ab45a10682c78\">\n#top .av-special-heading.av-la6sjl9f-4c5c7a3bcff887e41e0ab45a10682c78{\npadding-bottom:10px;\n}\nbody .av-special-heading.av-la6sjl9f-4c5c7a3bcff887e41e0ab45a10682c78 .av-special-heading-tag .heading-char{\nfont-size:25px;\n}\n.av-special-heading.av-la6sjl9f-4c5c7a3bcff887e41e0ab45a10682c78 .av-subheading{\nfont-size:15px;\n}\n<\/style>\n<div  class='av-special-heading av-la6sjl9f-4c5c7a3bcff887e41e0ab45a10682c78 av-special-heading-h4  avia-builder-el-12  el_before_av_textblock  avia-builder-el-first'><h4 class='av-special-heading-tag'  >Cours de formation continue<\/h4><div class=\"special-heading-border\"><div class=\"special-heading-inner-border\"><\/div><\/div><\/div><br \/>\n<section  class='av_textblock_section av-la6sjnzh-d6469c9c4a5aa480d5d62c600e02a972'  ><div class='avia_textblock' ><p>Apr\u00e8s avoir suivi avec succ\u00e8s le cours de base, les PERCO de la solution de branche MSST de Swissavant sont tenus de se perfectionner r\u00e9guli\u00e8rement en suivant l'offre de cours sp\u00e9cifique \u00e0 la branche.<\/p>\n<\/div><\/section><br \/>\n<div  class='avia-button-wrap av-la6sm811-ddcfde5ec2419540f4e3fc67492b0b5e-wrap avia-button-left  avia-builder-el-14  el_after_av_textblock  avia-builder-el-last'><a href='https:\/\/swissavant.ch\/fr\/reseau\/ekas\/formations-kopas\/inscription-formation-continue\/'  class='avia-button av-la6sm811-ddcfde5ec2419540f4e3fc67492b0b5e av-link-btn avia-icon_select-yes-left-icon avia-size-large avia-position-left avia-color-theme-color'   aria-label=\"continuer\"><span class='avia_button_icon avia_button_icon_left avia-iconfont avia-font-entypo-fontello' data-av_icon='\ue832' data-av_iconfont='entypo-fontello' ><\/span><span class='avia_iconbox_title' >continuer<\/span><\/a><\/div><\/p><\/div><\/div><!--close column table wrapper. Autoclose: 1 -->","protected":false},"excerpt":{"rendered":"","protected":false},"author":12,"featured_media":0,"parent":3824,"menu_order":6,"comment_status":"closed","ping_status":"closed","template":"","meta":{"_acf_changed":false,"_monsterinsights_skip_tracking":false,"_monsterinsights_sitenote_active":false,"_monsterinsights_sitenote_note":"","_monsterinsights_sitenote_category":0,"footnotes":""},"folder":[],"class_list":["post-6316","page","type-page","status-publish","hentry"],"acf":[],"yoast_head":"<!-- This site is optimized with the Yoast SEO plugin v26.8 - https:\/\/yoast.com\/product\/yoast-seo-wordpress\/ -->\n<title>KOPAS: Basisausbildung und Weiterbildungen<\/title>\n<meta name=\"description\" content=\"Basis- und Weiterbildungskurs: Jede Unternehmung, die den EKAS-Richtlinien unterstellt ist, hat einen Sicherheitsbeauftragten (KOPAS) zu bestimmen.\" \/>\n<meta name=\"robots\" content=\"index, follow, max-snippet:-1, max-image-preview:large, max-video-preview:-1\" \/>\n<link rel=\"canonical\" href=\"https:\/\/swissavant.ch\/fr\/reseau\/ekas\/formations-kopas\/\" \/>\n<meta property=\"og:locale\" content=\"fr_FR\" \/>\n<meta property=\"og:type\" content=\"article\" \/>\n<meta property=\"og:title\" content=\"KOPAS: Basisausbildung und Weiterbildungen\" \/>\n<meta property=\"og:description\" content=\"Basis- und Weiterbildungskurs: Jede Unternehmung, die den EKAS-Richtlinien unterstellt ist, hat einen Sicherheitsbeauftragten (KOPAS) zu bestimmen.\" \/>\n<meta property=\"og:url\" content=\"https:\/\/swissavant.ch\/fr\/reseau\/ekas\/formations-kopas\/\" \/>\n<meta property=\"og:site_name\" content=\"Swissavant\" \/>\n<meta property=\"article:modified_time\" content=\"2025-11-26T07:34:02+00:00\" \/>\n<meta name=\"twitter:label1\" content=\"Dur\u00e9e de lecture estim\u00e9e\" \/>\n\t<meta name=\"twitter:data1\" content=\"1 minute\" \/>\n<script type=\"application\/ld+json\" class=\"yoast-schema-graph\">{\"@context\":\"https:\/\/schema.org\",\"@graph\":[{\"@type\":\"WebPage\",\"@id\":\"https:\/\/swissavant.ch\/netzwerk\/ekas\/ausbildungen-kopas\/\",\"url\":\"https:\/\/swissavant.ch\/netzwerk\/ekas\/ausbildungen-kopas\/\",\"name\":\"KOPAS: Basisausbildung und Weiterbildungen\",\"isPartOf\":{\"@id\":\"https:\/\/swissavant.ch\/#website\"},\"datePublished\":\"2020-06-08T06:27:48+00:00\",\"dateModified\":\"2025-11-26T07:34:02+00:00\",\"description\":\"Basis- und Weiterbildungskurs: Jede Unternehmung, die den EKAS-Richtlinien unterstellt ist, hat einen Sicherheitsbeauftragten (KOPAS) zu bestimmen.\",\"breadcrumb\":{\"@id\":\"https:\/\/swissavant.ch\/netzwerk\/ekas\/ausbildungen-kopas\/#breadcrumb\"},\"inLanguage\":\"fr-FR\",\"potentialAction\":[{\"@type\":\"ReadAction\",\"target\":[\"https:\/\/swissavant.ch\/netzwerk\/ekas\/ausbildungen-kopas\/\"]}]},{\"@type\":\"BreadcrumbList\",\"@id\":\"https:\/\/swissavant.ch\/netzwerk\/ekas\/ausbildungen-kopas\/#breadcrumb\",\"itemListElement\":[{\"@type\":\"ListItem\",\"position\":1,\"name\":\"Home\",\"item\":\"https:\/\/swissavant.ch\/home\/\"},{\"@type\":\"ListItem\",\"position\":2,\"name\":\"Netzwerk\",\"item\":\"https:\/\/swissavant.ch\/netzwerk\/\"},{\"@type\":\"ListItem\",\"position\":3,\"name\":\"EKAS\",\"item\":\"https:\/\/swissavant.ch\/netzwerk\/ekas\/\"},{\"@type\":\"ListItem\",\"position\":4,\"name\":\"Ausbildungen f\u00fcr KOPAS\"}]},{\"@type\":\"WebSite\",\"@id\":\"https:\/\/swissavant.ch\/#website\",\"url\":\"https:\/\/swissavant.ch\/\",\"name\":\"Swissavant\",\"description\":\"Swissavant\",\"potentialAction\":[{\"@type\":\"SearchAction\",\"target\":{\"@type\":\"EntryPoint\",\"urlTemplate\":\"https:\/\/swissavant.ch\/?s={search_term_string}\"},\"query-input\":{\"@type\":\"PropertyValueSpecification\",\"valueRequired\":true,\"valueName\":\"search_term_string\"}}],\"inLanguage\":\"fr-FR\"}]}<\/script>\n<!-- \/ Yoast SEO plugin. -->","yoast_head_json":{"title":"KOPAS : formation de base et formations continues","description":"Cours de base et de formation continue : chaque entreprise soumise aux directives CFST doit d\u00e9signer un charg\u00e9 de s\u00e9curit\u00e9 (COPAS).","robots":{"index":"index","follow":"follow","max-snippet":"max-snippet:-1","max-image-preview":"max-image-preview:large","max-video-preview":"max-video-preview:-1"},"canonical":"https:\/\/swissavant.ch\/fr\/reseau\/ekas\/formations-kopas\/","og_locale":"fr_FR","og_type":"article","og_title":"KOPAS: Basisausbildung und Weiterbildungen","og_description":"Basis- und Weiterbildungskurs: Jede Unternehmung, die den EKAS-Richtlinien unterstellt ist, hat einen Sicherheitsbeauftragten (KOPAS) zu bestimmen.","og_url":"https:\/\/swissavant.ch\/fr\/reseau\/ekas\/formations-kopas\/","og_site_name":"Swissavant","article_modified_time":"2025-11-26T07:34:02+00:00","twitter_misc":{"Dur\u00e9e de lecture estim\u00e9e":"1 minute"},"schema":{"@context":"https:\/\/schema.org","@graph":[{"@type":"WebPage","@id":"https:\/\/swissavant.ch\/netzwerk\/ekas\/ausbildungen-kopas\/","url":"https:\/\/swissavant.ch\/netzwerk\/ekas\/ausbildungen-kopas\/","name":"KOPAS : formation de base et formations continues","isPartOf":{"@id":"https:\/\/swissavant.ch\/#website"},"datePublished":"2020-06-08T06:27:48+00:00","dateModified":"2025-11-26T07:34:02+00:00","description":"Cours de base et de formation continue : chaque entreprise soumise aux directives CFST doit d\u00e9signer un charg\u00e9 de s\u00e9curit\u00e9 (COPAS).","breadcrumb":{"@id":"https:\/\/swissavant.ch\/netzwerk\/ekas\/ausbildungen-kopas\/#breadcrumb"},"inLanguage":"fr-FR","potentialAction":[{"@type":"ReadAction","target":["https:\/\/swissavant.ch\/netzwerk\/ekas\/ausbildungen-kopas\/"]}]},{"@type":"BreadcrumbList","@id":"https:\/\/swissavant.ch\/netzwerk\/ekas\/ausbildungen-kopas\/#breadcrumb","itemListElement":[{"@type":"ListItem","position":1,"name":"Home","item":"https:\/\/swissavant.ch\/home\/"},{"@type":"ListItem","position":2,"name":"Netzwerk","item":"https:\/\/swissavant.ch\/netzwerk\/"},{"@type":"ListItem","position":3,"name":"EKAS","item":"https:\/\/swissavant.ch\/netzwerk\/ekas\/"},{"@type":"ListItem","position":4,"name":"Ausbildungen f\u00fcr KOPAS"}]},{"@type":"WebSite","@id":"https:\/\/swissavant.ch\/#website","url":"https:\/\/swissavant.ch\/","name":"Swissavant","description":"Swissavant","potentialAction":[{"@type":"SearchAction","target":{"@type":"EntryPoint","urlTemplate":"https:\/\/swissavant.ch\/?s={search_term_string}"},"query-input":{"@type":"PropertyValueSpecification","valueRequired":true,"valueName":"search_term_string"}}],"inLanguage":"fr-FR"}]}},"_links":{"self":[{"href":"https:\/\/swissavant.ch\/fr\/wp-json\/wp\/v2\/pages\/6316","targetHints":{"allow":["GET"]}}],"collection":[{"href":"https:\/\/swissavant.ch\/fr\/wp-json\/wp\/v2\/pages"}],"about":[{"href":"https:\/\/swissavant.ch\/fr\/wp-json\/wp\/v2\/types\/page"}],"author":[{"embeddable":true,"href":"https:\/\/swissavant.ch\/fr\/wp-json\/wp\/v2\/users\/12"}],"replies":[{"embeddable":true,"href":"https:\/\/swissavant.ch\/fr\/wp-json\/wp\/v2\/comments?post=6316"}],"version-history":[{"count":6,"href":"https:\/\/swissavant.ch\/fr\/wp-json\/wp\/v2\/pages\/6316\/revisions"}],"predecessor-version":[{"id":13574,"href":"https:\/\/swissavant.ch\/fr\/wp-json\/wp\/v2\/pages\/6316\/revisions\/13574"}],"up":[{"embeddable":true,"href":"https:\/\/swissavant.ch\/fr\/wp-json\/wp\/v2\/pages\/3824"}],"wp:attachment":[{"href":"https:\/\/swissavant.ch\/fr\/wp-json\/wp\/v2\/media?parent=6316"}],"wp:term":[{"taxonomy":"folder","embeddable":true,"href":"https:\/\/swissavant.ch\/fr\/wp-json\/wp\/v2\/folder?post=6316"}],"curies":[{"name":"wp","href":"https:\/\/api.w.org\/{rel}","templated":true}]}}