{"id":774,"date":"2014-08-29T10:13:01","date_gmt":"2014-08-29T08:13:01","guid":{"rendered":"https:\/\/swissavant.aretiswebseiten.ch\/?page_id=774"},"modified":"2025-02-21T09:47:39","modified_gmt":"2025-02-21T08:47:39","slug":"caisse-de-pension-merlion-2","status":"publish","type":"page","link":"https:\/\/swissavant.ch\/fr\/reseau\/caisse-de-pension-merlion-2\/","title":{"rendered":"Caisse de pension Merlion"},"content":{"rendered":"<div id='av-layout-grid-1'  class='av-layout-grid-container av-lin66-879a15f0e07f497640bf1c7b5e0caa61 entry-content-wrapper main_color av-flex-cells  avia-builder-el-0  el_before_av_section  avia-builder-el-first   container_wrap fullsize'  >\n\n<style type=\"text\/css\" data-created_by=\"avia_inline_auto\" id=\"style-css-av-ghsda-9f420998e8af68cf152598e95b0559d2\">\n.flex_cell.av-ghsda-9f420998e8af68cf152598e95b0559d2{\nvertical-align:middle;\nheight:400px;\nmin-height:400px;\nbackground-color:#009fe4;\n}\n.responsive #top #wrap_all .flex_cell.av-ghsda-9f420998e8af68cf152598e95b0559d2{\npadding:40px 60px 40px 60px !important;\n}\n<\/style>\n<div class='flex_cell av-ghsda-9f420998e8af68cf152598e95b0559d2 av-gridrow-cell av_one_third no_margin  avia-builder-el-1  el_before_av_cell_one_third  avia-builder-el-first  content-align-middle'  ><div class='flex_cell_inner'>\n<style type=\"text\/css\" data-created_by=\"avia_inline_auto\" id=\"style-css-av-lfi3jcnp-908313a7cea4de61d6739f1b04613740\">\n#top .av-special-heading.av-lfi3jcnp-908313a7cea4de61d6739f1b04613740{\npadding-bottom:10px;\ncolor:#ffffff;\n}\nbody .av-special-heading.av-lfi3jcnp-908313a7cea4de61d6739f1b04613740 .av-special-heading-tag .heading-char{\nfont-size:25px;\n}\n.av-special-heading.av-lfi3jcnp-908313a7cea4de61d6739f1b04613740 .special-heading-inner-border{\nborder-color:#ffffff;\n}\n.av-special-heading.av-lfi3jcnp-908313a7cea4de61d6739f1b04613740 .av-subheading{\nfont-size:15px;\n}\n<\/style>\n<div  class='av-special-heading av-lfi3jcnp-908313a7cea4de61d6739f1b04613740 av-special-heading-h2 custom-color-heading blockquote modern-quote  avia-builder-el-2  avia-builder-el-no-sibling'><h2 class='av-special-heading-tag'  >Caisse de pension Merlion<\/h2><div class='av_custom_color av-subheading av-subheading_below'><p>Une pr\u00e9voyance moderne \u00e0 des conditions attrayantes<\/p>\n<\/div><div class=\"special-heading-border\"><div class=\"special-heading-inner-border\"><\/div><\/div><\/div>\n<\/div><\/div>\n<style type=\"text\/css\" data-created_by=\"avia_inline_auto\" id=\"style-css-av-719vq-d00d978a182764842a8dcdbde8af3ecf\">\n.flex_cell.av-719vq-d00d978a182764842a8dcdbde8af3ecf{\nvertical-align:middle;\nheight:400px;\nmin-height:400px;\nbackground-color:#e5e8eb;\n}\n.responsive #top #wrap_all .flex_cell.av-719vq-d00d978a182764842a8dcdbde8af3ecf{\npadding:40px 60px 40px 60px !important;\n}\n<\/style>\n<div class='flex_cell av-719vq-d00d978a182764842a8dcdbde8af3ecf av-gridrow-cell av_one_third no_margin  avia-builder-el-3  el_after_av_cell_one_third  el_before_av_cell_one_third  content-align-middle'  ><div class='flex_cell_inner'>\n<style type=\"text\/css\" data-created_by=\"avia_inline_auto\" id=\"style-css-av-lfi3k4jx-16c57995eb6ca1148644caab8b5f6f0b\">\n#top .av_textblock_section.av-lfi3k4jx-16c57995eb6ca1148644caab8b5f6f0b .avia_textblock{\nfont-size:19px;\n}\n<\/style>\n<section  class='av_textblock_section av-lfi3k4jx-16c57995eb6ca1148644caab8b5f6f0b'  ><div class='avia_textblock' ><p>La caisse de pension Merlion propose \u00e0 tous les membres de Swissavant des solutions de pr\u00e9voyance individuelles dans le cadre de la LPP - et ce \u00e0 des conditions tr\u00e8s attrayantes et avec des services en ligne ultramodernes.<\/p>\n<\/div><\/section>\n<\/div><\/div>\n<style type=\"text\/css\" data-created_by=\"avia_inline_auto\" id=\"style-css-av-lfi3n0bx-df4dc07b7c0cb4ede349b37624c3b725\">\n.flex_cell.av-lfi3n0bx-df4dc07b7c0cb4ede349b37624c3b725{\nvertical-align:top;\nheight:400px;\nmin-height:400px;\nbackground:url(https:\/\/swissavant.ch\/mediathek\/2025\/02\/PK-Symbolbild-komprimiert-495x400.jpg) 50% 0% no-repeat scroll ;\n}\n<\/style>\n<div class='flex_cell av-lfi3n0bx-df4dc07b7c0cb4ede349b37624c3b725 av-gridrow-cell av_one_third no_margin  avia-builder-el-5  el_after_av_cell_one_third  avia-builder-el-last  content-align-top avia-full-stretch'  ><div class='flex_cell_inner'><\/div><\/div><\/div><div id='stretch_width2'  class='avia-section av-1z1ghy-253afba3c530272222e90bb08835c993 alternate_color avia-section-huge avia-no-border-styling  avia-builder-el-6  el_after_av_layout_row  el_before_av_section  avia-bg-style-scroll container_wrap fullsize'  ><div class='container av-section-cont-open' ><div class='template-page content  av-content-full alpha units'><div class='post-entry post-entry-type-page post-entry-774'><div class='entry-content-wrapper clearfix'>\n<div class='flex_column_table av-6cwke-361a14babc8e6b2e1842d33f6501fdf8 sc-av_one_half av-equal-height-column-flextable'>\n<style type=\"text\/css\" data-created_by=\"avia_inline_auto\" id=\"style-css-av-6cwke-361a14babc8e6b2e1842d33f6501fdf8\">\n@keyframes av_boxShadowEffect_av-6cwke-361a14babc8e6b2e1842d33f6501fdf8-column {\n0%   { box-shadow:  0 0 0 0 #dbdbdb; opacity: 1; }\n100% { box-shadow:  0 0 20px 0 #dbdbdb; opacity: 1; }\n}\n.flex_column.av-6cwke-361a14babc8e6b2e1842d33f6501fdf8{\nwidth:48%;\nmargin-left:0;\nbox-shadow: 0 0 20px 0 #dbdbdb;\npadding:30px 30px 30px 30px;\nbackground-color:#ffffff;\n}\n#top .flex_column_table.av-equal-height-column-flextable.av-6cwke-361a14babc8e6b2e1842d33f6501fdf8 .av-flex-placeholder{\nwidth:4%;\n}\n<\/style>\n<div  class='flex_column av-6cwke-361a14babc8e6b2e1842d33f6501fdf8 av_one_half  avia-builder-el-7  el_before_av_one_half  avia-builder-el-first  first flex_column_table_cell av-equal-height-column av-align-top shadow-not-animated'     ><p>\n<style type=\"text\/css\" data-created_by=\"avia_inline_auto\" id=\"style-css-av-l8wthr0u-2d1bd47369d724ac1198a478c71b90d8\">\n.av_font_icon.av-l8wthr0u-2d1bd47369d724ac1198a478c71b90d8 .av-icon-char{\nfont-size:60px;\nline-height:60px;\n}\n<\/style>\n<span  class='av_font_icon av-l8wthr0u-2d1bd47369d724ac1198a478c71b90d8 avia_animate_when_visible av-icon-style- avia-icon-pos-center avia-iconfont avia-font-entypo-fontello av-no-color avia-icon-animate'><span class='av-icon-char' data-av_icon='\ue80b' data-av_iconfont='entypo-fontello' aria-hidden=\"true\" ><\/span><\/span><br \/>\n\n<style type=\"text\/css\" data-created_by=\"avia_inline_auto\" id=\"style-css-av-l8wth487-1d0acffe4ef20332375e5031fbdf14a0\">\n#top .av-special-heading.av-l8wth487-1d0acffe4ef20332375e5031fbdf14a0{\npadding-bottom:10px;\n}\nbody .av-special-heading.av-l8wth487-1d0acffe4ef20332375e5031fbdf14a0 .av-special-heading-tag .heading-char{\nfont-size:25px;\n}\n.av-special-heading.av-l8wth487-1d0acffe4ef20332375e5031fbdf14a0 .av-subheading{\nfont-size:15px;\n}\n<\/style>\n<div  class='av-special-heading av-l8wth487-1d0acffe4ef20332375e5031fbdf14a0 av-special-heading-h4 blockquote modern-quote  avia-builder-el-9  el_after_av_font_icon  el_before_av_textblock'><h4 class='av-special-heading-tag'  >Les avantages pour les membres de Swissavant<\/h4><div class=\"special-heading-border\"><div class=\"special-heading-inner-border\"><\/div><\/div><\/div><br \/>\n<section  class='av_textblock_section av-l8wthagq-a8f96ed5e8f57a10bf12214d52b51af0'  ><div class='avia_textblock' ><p>Une retraite assur\u00e9e sans soucis de vieillesse est une question de responsabilit\u00e9 personnelle. La CP Merlion propose des solutions de pr\u00e9voyance individuelles dans le cadre de la LPP. Tous les membres de Swissavant peuvent profiter de cette pr\u00e9voyance professionnelle moderne avec des frais administratifs extr\u00eamement bas, car la CP Merlion accorde une grande importance au suivi et au conseil individuels.<\/p>\n<\/div><\/section><\/p><\/div><div class='av-flex-placeholder'><\/div>\n<style type=\"text\/css\" data-created_by=\"avia_inline_auto\" id=\"style-css-av-1j5b9y-dd61a10e15f7f7ac5a928cc2a3bd548a\">\n@keyframes av_boxShadowEffect_av-1j5b9y-dd61a10e15f7f7ac5a928cc2a3bd548a-column {\n0%   { box-shadow:  0 0 0 0 #dbdbdb; opacity: 1; }\n100% { box-shadow:  0 0 20px 0 #dbdbdb; opacity: 1; }\n}\n.flex_column.av-1j5b9y-dd61a10e15f7f7ac5a928cc2a3bd548a{\nwidth:48%;\nmargin-left:0;\nbox-shadow: 0 0 20px 0 #dbdbdb;\npadding:30px 30px 30px 30px;\nbackground-color:#ffffff;\n}\n#top .flex_column_table.av-equal-height-column-flextable.av-1j5b9y-dd61a10e15f7f7ac5a928cc2a3bd548a .av-flex-placeholder{\nwidth:4%;\n}\n<\/style>\n<div  class='flex_column av-1j5b9y-dd61a10e15f7f7ac5a928cc2a3bd548a av_one_half  avia-builder-el-11  el_after_av_one_half  avia-builder-el-last  flex_column_table_cell av-equal-height-column av-align-top shadow-not-animated'     ><p>\n<style type=\"text\/css\" data-created_by=\"avia_inline_auto\" id=\"style-css-av-l8wtijpx-52089e21d31ce3d9613d42816be48c24\">\n.av_font_icon.av-l8wtijpx-52089e21d31ce3d9613d42816be48c24 .av-icon-char{\nfont-size:60px;\nline-height:60px;\n}\n<\/style>\n<span  class='av_font_icon av-l8wtijpx-52089e21d31ce3d9613d42816be48c24 avia_animate_when_visible av-icon-style- avia-icon-pos-center avia-iconfont avia-font-entypo-fontello av-no-color avia-icon-animate'><span class='av-icon-char' data-av_icon='\ue808' data-av_iconfont='entypo-fontello' aria-hidden=\"true\" ><\/span><\/span><br \/>\n\n<style type=\"text\/css\" data-created_by=\"avia_inline_auto\" id=\"style-css-av-l8wthxfj-821c24a5beb9c61d121fd02afe4b7ccd\">\n#top .av-special-heading.av-l8wthxfj-821c24a5beb9c61d121fd02afe4b7ccd{\npadding-bottom:10px;\n}\nbody .av-special-heading.av-l8wthxfj-821c24a5beb9c61d121fd02afe4b7ccd .av-special-heading-tag .heading-char{\nfont-size:25px;\n}\n.av-special-heading.av-l8wthxfj-821c24a5beb9c61d121fd02afe4b7ccd .av-subheading{\nfont-size:15px;\n}\n<\/style>\n<div  class='av-special-heading av-l8wthxfj-821c24a5beb9c61d121fd02afe4b7ccd av-special-heading-h4 blockquote modern-quote  avia-builder-el-13  el_after_av_font_icon  el_before_av_textblock'><h4 class='av-special-heading-tag'  >Rafra\u00eechissant et orient\u00e9 vers le client<\/h4><div class=\"special-heading-border\"><div class=\"special-heading-inner-border\"><\/div><\/div><\/div><br \/>\n<section  class='av_textblock_section av-l8wti63v-ba942edfb5b0866da82151f55299534f'  ><div class='avia_textblock' ><p>La CP Merlion est une institution de pr\u00e9voyance moderne avec un profil rafra\u00eechissant et orient\u00e9 vers le client, avec une newsletter r\u00e9guli\u00e8re. Les informations actuelles sur la LPP sont pr\u00e9sent\u00e9es de mani\u00e8re compr\u00e9hensible et gr\u00e2ce \u00e0 des concepts de pr\u00e9voyance clairs, la CP Merlion permet de r\u00e9aliser une pr\u00e9voyance vieillesse optimale. L'union fait la force - ensemble, CP Merlion!<\/p>\n<\/div><\/section><\/p><\/div><\/div><!--close column table wrapper. Autoclose: 1 -->\n<\/p>\n<\/div><\/div><\/div><!-- close content main div --><\/div><\/div><div id='av_section_2'  class='avia-section av-rjm4m-9d626df626f620c82a4d876173909b83 main_color avia-section-huge avia-shadow  avia-builder-el-15  el_after_av_section  avia-builder-el-last  avia-bg-style-scroll container_wrap fullsize'  ><div class='container av-section-cont-open' ><div class='template-page content  av-content-full alpha units'><div class='post-entry post-entry-type-page post-entry-774'><div class='entry-content-wrapper clearfix'>\n<div  class='flex_column av-jkdum-ba0b4b458ca6e4404e006a4c73c661e8 av_one_third  avia-builder-el-16  el_before_av_two_third  avia-builder-el-first  first flex_column_div'     ><style type=\"text\/css\" data-created_by=\"avia_inline_auto\" id=\"style-css-av-l9s45tod-0b47c4930218d710010931fe7188fad8\">\n.avia-image-container.av-l9s45tod-0b47c4930218d710010931fe7188fad8 img.avia_image{\nbox-shadow:none;\n}\n.avia-image-container.av-l9s45tod-0b47c4930218d710010931fe7188fad8 .av-image-caption-overlay-center{\ncolor:#ffffff;\n}\n<\/style>\n<div  class='avia-image-container av-l9s45tod-0b47c4930218d710010931fe7188fad8 av-styling-circle avia-align-center  avia-builder-el-17  avia-builder-el-no-sibling'  ><div class=\"avia-image-container-inner\"><div class=\"avia-image-overlay-wrap\"><img decoding=\"async\" fetchpriority=\"high\" class='wp-image-10845 avia-img-lazy-loading-not-10845 avia_image' src=\"https:\/\/swissavant.ch\/mediathek\/2023\/03\/Reichmuth_Patricia_800x800-714x714.jpg\" alt='' title='Reichmuth_Patricia'  height=\"714\" width=\"714\" srcset=\"https:\/\/swissavant.ch\/mediathek\/2023\/03\/Reichmuth_Patricia_800x800-714x714.jpg 714w, https:\/\/swissavant.ch\/mediathek\/2023\/03\/Reichmuth_Patricia_800x800-80x80.jpg 80w, https:\/\/swissavant.ch\/mediathek\/2023\/03\/Reichmuth_Patricia_800x800-12x12.jpg 12w, https:\/\/swissavant.ch\/mediathek\/2023\/03\/Reichmuth_Patricia_800x800-36x36.jpg 36w, https:\/\/swissavant.ch\/mediathek\/2023\/03\/Reichmuth_Patricia_800x800-180x180.jpg 180w, https:\/\/swissavant.ch\/mediathek\/2023\/03\/Reichmuth_Patricia_800x800-705x705.jpg 705w, https:\/\/swissavant.ch\/mediathek\/2023\/03\/Reichmuth_Patricia_800x800.jpg 800w\" sizes=\"(max-width: 714px) 100vw, 714px\" \/><\/div><\/div><\/div><\/div><div  class='flex_column av-ezqdq-3dc4f568f904eb8982f54b44683715a4 av_two_third  avia-builder-el-18  el_after_av_one_third  avia-builder-el-last  flex_column_div'     ><p>\n<style type=\"text\/css\" data-created_by=\"avia_inline_auto\" id=\"style-css-av-9xqom-870acff584f08b5cfb4a09ca94e34cd6\">\n.av_font_icon.av-9xqom-870acff584f08b5cfb4a09ca94e34cd6{\ncolor:#009fe4;\nborder-color:#009fe4;\n}\n.avia-svg-icon.av-9xqom-870acff584f08b5cfb4a09ca94e34cd6 svg:first-child{\nstroke:#009fe4;\nfill:#009fe4;\n}\n.av_font_icon.av-9xqom-870acff584f08b5cfb4a09ca94e34cd6 .av-icon-char{\nfont-size:70px;\nline-height:70px;\n}\n<\/style>\n<span  class='av_font_icon av-9xqom-870acff584f08b5cfb4a09ca94e34cd6 avia_animate_when_visible av-icon-style- avia-icon-pos-center avia-iconfont avia-font-entypo-fontello avia-icon-animate'><span class='av-icon-char' data-av_icon='\ue833' data-av_iconfont='entypo-fontello' aria-hidden=\"true\" ><\/span><\/span><br \/>\n\n<style type=\"text\/css\" data-created_by=\"avia_inline_auto\" id=\"style-css-av-l9s4ae1a-ea0d0aaffc2acf782c903239abb07191\">\n#top .av_textblock_section.av-l9s4ae1a-ea0d0aaffc2acf782c903239abb07191 .avia_textblock{\nfont-size:20px;\n}\n<\/style>\n<section  class='av_textblock_section av-l9s4ae1a-ea0d0aaffc2acf782c903239abb07191'  ><div class='avia_textblock' ><p style=\"text-align: center;\">La CP Merlion accorde la priorit\u00e9 au suivi et au conseil individuels.<\/p>\n<p style=\"text-align: center;\">S'occuper maintenant et se d\u00e9tendre apr\u00e8s - Swissavant s'engage aussi pour l'avenir!<\/p>\n<\/div><\/section><br \/>\n\n<style type=\"text\/css\" data-created_by=\"avia_inline_auto\" id=\"style-css-av-l9s4amhh-34af63854c6e9f79e41f8c73b5962bfc\">\n#top .av_textblock_section.av-l9s4amhh-34af63854c6e9f79e41f8c73b5962bfc .avia_textblock{\nfont-size:22px;\ncolor:#009fe4;\n}\n<\/style>\n<section  class='av_textblock_section av-l9s4amhh-34af63854c6e9f79e41f8c73b5962bfc'  ><div class='avia_textblock av_inherit_color' ><p style=\"text-align: center;\">Patricia Reichmuth<\/p>\n<\/div><\/section><br \/>\n\n<style type=\"text\/css\" data-created_by=\"avia_inline_auto\" id=\"style-css-av-l9s4bcov-c815872282a55a1d7e436ade4cb10432\">\n#top .av_textblock_section.av-l9s4bcov-c815872282a55a1d7e436ade4cb10432 .avia_textblock{\nfont-size:15px;\n}\n<\/style>\n<section  class='av_textblock_section av-l9s4bcov-c815872282a55a1d7e436ade4cb10432'  ><div class='avia_textblock' ><p style=\"text-align: center;\">Assistante du pr\u00e9sident du conseil de fondation<\/p>\n<\/div><\/section><\/p><\/div>","protected":false},"excerpt":{"rendered":"<p>La caisse de pension Merlion propose \u00e0 tous les membres de Swissavant des solutions de pr\u00e9voyance individuelles dans le cadre de la LPP - et ce \u00e0 des conditions tr\u00e8s attrayantes et avec des services en ligne ultramodernes.<\/p>","protected":false},"author":12,"featured_media":0,"parent":3792,"menu_order":3,"comment_status":"closed","ping_status":"closed","template":"","meta":{"_acf_changed":false,"_monsterinsights_skip_tracking":false,"_monsterinsights_sitenote_active":false,"_monsterinsights_sitenote_note":"","_monsterinsights_sitenote_category":0,"footnotes":""},"folder":[],"class_list":["post-774","page","type-page","status-publish","hentry"],"acf":[],"yoast_head":"<!-- This site is optimized with the Yoast SEO plugin v26.8 - https:\/\/yoast.com\/product\/yoast-seo-wordpress\/ -->\n<title>Pensionskasse Merlion - moderne Vorsorge zu attraktiven Konditionen<\/title>\n<meta name=\"description\" content=\"Die Pensionskasse Merlion bietet f\u00fcr alle Mitglieder von Swissavant individuelle Vorsorgel\u00f6sungen im Rahmen des BVG an zu attraktiven Konditionen.\" \/>\n<meta name=\"robots\" content=\"index, follow, max-snippet:-1, max-image-preview:large, max-video-preview:-1\" \/>\n<link rel=\"canonical\" href=\"https:\/\/swissavant.ch\/fr\/reseau\/caisse-de-pension-merlion-2\/\" \/>\n<meta property=\"og:locale\" content=\"fr_FR\" \/>\n<meta property=\"og:type\" content=\"article\" \/>\n<meta property=\"og:title\" content=\"Pensionskasse Merlion - moderne Vorsorge zu attraktiven Konditionen\" \/>\n<meta property=\"og:description\" content=\"Die Pensionskasse Merlion bietet f\u00fcr alle Mitglieder von Swissavant individuelle Vorsorgel\u00f6sungen im Rahmen des BVG an zu attraktiven Konditionen.\" \/>\n<meta property=\"og:url\" content=\"https:\/\/swissavant.ch\/fr\/reseau\/caisse-de-pension-merlion-2\/\" \/>\n<meta property=\"og:site_name\" content=\"Swissavant\" \/>\n<meta property=\"article:modified_time\" content=\"2025-02-21T08:47:39+00:00\" \/>\n<meta name=\"twitter:label1\" content=\"Dur\u00e9e de lecture estim\u00e9e\" \/>\n\t<meta name=\"twitter:data1\" content=\"2 minutes\" \/>\n<script type=\"application\/ld+json\" class=\"yoast-schema-graph\">{\"@context\":\"https:\/\/schema.org\",\"@graph\":[{\"@type\":\"WebPage\",\"@id\":\"https:\/\/swissavant.ch\/netzwerk\/pensionskasse-merlion\/\",\"url\":\"https:\/\/swissavant.ch\/netzwerk\/pensionskasse-merlion\/\",\"name\":\"Pensionskasse Merlion - moderne Vorsorge zu attraktiven Konditionen\",\"isPartOf\":{\"@id\":\"https:\/\/swissavant.ch\/#website\"},\"datePublished\":\"2014-08-29T08:13:01+00:00\",\"dateModified\":\"2025-02-21T08:47:39+00:00\",\"description\":\"Die Pensionskasse Merlion bietet f\u00fcr alle Mitglieder von Swissavant individuelle Vorsorgel\u00f6sungen im Rahmen des BVG an zu attraktiven Konditionen.\",\"breadcrumb\":{\"@id\":\"https:\/\/swissavant.ch\/netzwerk\/pensionskasse-merlion\/#breadcrumb\"},\"inLanguage\":\"fr-FR\",\"potentialAction\":[{\"@type\":\"ReadAction\",\"target\":[\"https:\/\/swissavant.ch\/netzwerk\/pensionskasse-merlion\/\"]}]},{\"@type\":\"BreadcrumbList\",\"@id\":\"https:\/\/swissavant.ch\/netzwerk\/pensionskasse-merlion\/#breadcrumb\",\"itemListElement\":[{\"@type\":\"ListItem\",\"position\":1,\"name\":\"Home\",\"item\":\"https:\/\/swissavant.ch\/home\/\"},{\"@type\":\"ListItem\",\"position\":2,\"name\":\"Netzwerk\",\"item\":\"https:\/\/swissavant.ch\/netzwerk\/\"},{\"@type\":\"ListItem\",\"position\":3,\"name\":\"Pensionskasse Merlion\"}]},{\"@type\":\"WebSite\",\"@id\":\"https:\/\/swissavant.ch\/#website\",\"url\":\"https:\/\/swissavant.ch\/\",\"name\":\"Swissavant\",\"description\":\"Swissavant\",\"potentialAction\":[{\"@type\":\"SearchAction\",\"target\":{\"@type\":\"EntryPoint\",\"urlTemplate\":\"https:\/\/swissavant.ch\/?s={search_term_string}\"},\"query-input\":{\"@type\":\"PropertyValueSpecification\",\"valueRequired\":true,\"valueName\":\"search_term_string\"}}],\"inLanguage\":\"fr-FR\"}]}<\/script>\n<!-- \/ Yoast SEO plugin. -->","yoast_head_json":{"title":"Caisse de pension Merlion - une pr\u00e9voyance moderne \u00e0 des conditions attrayantes","description":"La caisse de pension Merlion propose \u00e0 tous les membres de Swissavant des solutions de pr\u00e9voyance individuelles dans le cadre de la LPP \u00e0 des conditions attrayantes.","robots":{"index":"index","follow":"follow","max-snippet":"max-snippet:-1","max-image-preview":"max-image-preview:large","max-video-preview":"max-video-preview:-1"},"canonical":"https:\/\/swissavant.ch\/fr\/reseau\/caisse-de-pension-merlion-2\/","og_locale":"fr_FR","og_type":"article","og_title":"Pensionskasse Merlion - moderne Vorsorge zu attraktiven Konditionen","og_description":"Die Pensionskasse Merlion bietet f\u00fcr alle Mitglieder von Swissavant individuelle Vorsorgel\u00f6sungen im Rahmen des BVG an zu attraktiven Konditionen.","og_url":"https:\/\/swissavant.ch\/fr\/reseau\/caisse-de-pension-merlion-2\/","og_site_name":"Swissavant","article_modified_time":"2025-02-21T08:47:39+00:00","twitter_misc":{"Dur\u00e9e de lecture estim\u00e9e":"2 minutes"},"schema":{"@context":"https:\/\/schema.org","@graph":[{"@type":"WebPage","@id":"https:\/\/swissavant.ch\/netzwerk\/pensionskasse-merlion\/","url":"https:\/\/swissavant.ch\/netzwerk\/pensionskasse-merlion\/","name":"Caisse de pension Merlion - une pr\u00e9voyance moderne \u00e0 des conditions attrayantes","isPartOf":{"@id":"https:\/\/swissavant.ch\/#website"},"datePublished":"2014-08-29T08:13:01+00:00","dateModified":"2025-02-21T08:47:39+00:00","description":"La caisse de pension Merlion propose \u00e0 tous les membres de Swissavant des solutions de pr\u00e9voyance individuelles dans le cadre de la LPP \u00e0 des conditions attrayantes.","breadcrumb":{"@id":"https:\/\/swissavant.ch\/netzwerk\/pensionskasse-merlion\/#breadcrumb"},"inLanguage":"fr-FR","potentialAction":[{"@type":"ReadAction","target":["https:\/\/swissavant.ch\/netzwerk\/pensionskasse-merlion\/"]}]},{"@type":"BreadcrumbList","@id":"https:\/\/swissavant.ch\/netzwerk\/pensionskasse-merlion\/#breadcrumb","itemListElement":[{"@type":"ListItem","position":1,"name":"Home","item":"https:\/\/swissavant.ch\/home\/"},{"@type":"ListItem","position":2,"name":"Netzwerk","item":"https:\/\/swissavant.ch\/netzwerk\/"},{"@type":"ListItem","position":3,"name":"Pensionskasse Merlion"}]},{"@type":"WebSite","@id":"https:\/\/swissavant.ch\/#website","url":"https:\/\/swissavant.ch\/","name":"Swissavant","description":"Swissavant","potentialAction":[{"@type":"SearchAction","target":{"@type":"EntryPoint","urlTemplate":"https:\/\/swissavant.ch\/?s={search_term_string}"},"query-input":{"@type":"PropertyValueSpecification","valueRequired":true,"valueName":"search_term_string"}}],"inLanguage":"fr-FR"}]}},"_links":{"self":[{"href":"https:\/\/swissavant.ch\/fr\/wp-json\/wp\/v2\/pages\/774","targetHints":{"allow":["GET"]}}],"collection":[{"href":"https:\/\/swissavant.ch\/fr\/wp-json\/wp\/v2\/pages"}],"about":[{"href":"https:\/\/swissavant.ch\/fr\/wp-json\/wp\/v2\/types\/page"}],"author":[{"embeddable":true,"href":"https:\/\/swissavant.ch\/fr\/wp-json\/wp\/v2\/users\/12"}],"replies":[{"embeddable":true,"href":"https:\/\/swissavant.ch\/fr\/wp-json\/wp\/v2\/comments?post=774"}],"version-history":[{"count":7,"href":"https:\/\/swissavant.ch\/fr\/wp-json\/wp\/v2\/pages\/774\/revisions"}],"predecessor-version":[{"id":12665,"href":"https:\/\/swissavant.ch\/fr\/wp-json\/wp\/v2\/pages\/774\/revisions\/12665"}],"up":[{"embeddable":true,"href":"https:\/\/swissavant.ch\/fr\/wp-json\/wp\/v2\/pages\/3792"}],"wp:attachment":[{"href":"https:\/\/swissavant.ch\/fr\/wp-json\/wp\/v2\/media?parent=774"}],"wp:term":[{"taxonomy":"folder","embeddable":true,"href":"https:\/\/swissavant.ch\/fr\/wp-json\/wp\/v2\/folder?post=774"}],"curies":[{"name":"wp","href":"https:\/\/api.w.org\/{rel}","templated":true}]}}