{"id":776,"date":"2014-08-29T10:13:14","date_gmt":"2014-08-29T08:13:14","guid":{"rendered":"https:\/\/swissavant.aretiswebseiten.ch\/?page_id=776"},"modified":"2023-04-12T09:59:34","modified_gmt":"2023-04-12T07:59:34","slug":"contact","status":"publish","type":"page","link":"https:\/\/swissavant.ch\/fr\/contact\/","title":{"rendered":"Contact"},"content":{"rendered":"<div id='av-layout-grid-1'  class='av-layout-grid-container av-l2z4o-ab45db0a597d488aefce39dd32973e4d entry-content-wrapper main_color av-flex-cells  avia-builder-el-0  el_before_av_section  avia-builder-el-first   container_wrap fullsize'  >\n\n<style type=\"text\/css\" data-created_by=\"avia_inline_auto\" id=\"style-css-av-dmjjs-edb7303d4fb7d12c1bff95fa4cc62d23\">\n.flex_cell.av-dmjjs-edb7303d4fb7d12c1bff95fa4cc62d23{\nvertical-align:middle;\nheight:400px;\nmin-height:400px;\nbackground-color:#009fe4;\n}\n.responsive #top #wrap_all .flex_cell.av-dmjjs-edb7303d4fb7d12c1bff95fa4cc62d23{\npadding:40px 60px 40px 60px !important;\n}\n<\/style>\n<div class='flex_cell av-dmjjs-edb7303d4fb7d12c1bff95fa4cc62d23 av-gridrow-cell av_one_third no_margin  avia-builder-el-1  el_before_av_cell_one_third  avia-builder-el-first  content-align-middle'  ><div class='flex_cell_inner'>\n<style type=\"text\/css\" data-created_by=\"avia_inline_auto\" id=\"style-css-av-l8yepk5n-d48133c298cbfa3dfd4f8eef11022886\">\n#top .av-special-heading.av-l8yepk5n-d48133c298cbfa3dfd4f8eef11022886{\npadding-bottom:10px;\ncolor:#ffffff;\n}\nbody .av-special-heading.av-l8yepk5n-d48133c298cbfa3dfd4f8eef11022886 .av-special-heading-tag .heading-char{\nfont-size:25px;\n}\n.av-special-heading.av-l8yepk5n-d48133c298cbfa3dfd4f8eef11022886 .special-heading-inner-border{\nborder-color:#ffffff;\n}\n.av-special-heading.av-l8yepk5n-d48133c298cbfa3dfd4f8eef11022886 .av-subheading{\nfont-size:15px;\n}\n<\/style>\n<div  class='av-special-heading av-l8yepk5n-d48133c298cbfa3dfd4f8eef11022886 av-special-heading-h1 custom-color-heading blockquote modern-quote  avia-builder-el-2  avia-builder-el-no-sibling'><h1 class='av-special-heading-tag'  >Contact <\/h1><div class='av_custom_color av-subheading av-subheading_below'><p>Nous nous r\u00e9jouissons de vous accueillir!<\/p>\n<\/div><div class=\"special-heading-border\"><div class=\"special-heading-inner-border\"><\/div><\/div><\/div>\n<\/div><\/div>\n<style type=\"text\/css\" data-created_by=\"avia_inline_auto\" id=\"style-css-av-bv220-37bbfa78757b5450f7a8cee36c1258fa\">\n.flex_cell.av-bv220-37bbfa78757b5450f7a8cee36c1258fa{\nvertical-align:middle;\nheight:400px;\nmin-height:400px;\nbackground-color:#e5e8eb;\n}\n.responsive #top #wrap_all .flex_cell.av-bv220-37bbfa78757b5450f7a8cee36c1258fa{\npadding:40px 60px 40px 60px !important;\n}\n<\/style>\n<div class='flex_cell av-bv220-37bbfa78757b5450f7a8cee36c1258fa av-gridrow-cell av_one_third no_margin  avia-builder-el-3  el_after_av_cell_one_third  el_before_av_cell_one_third  content-align-middle'  ><div class='flex_cell_inner'><p>\n<style type=\"text\/css\" data-created_by=\"avia_inline_auto\" id=\"style-css-av-22wlrc-db3b9c2dd83ac9fba5cfe3c9cb7109fd\">\n.av_font_icon.av-22wlrc-db3b9c2dd83ac9fba5cfe3c9cb7109fd{\ncolor:#009fe3;\nborder-color:#009fe3;\n}\n.avia-svg-icon.av-22wlrc-db3b9c2dd83ac9fba5cfe3c9cb7109fd svg:first-child{\nstroke:#009fe3;\nfill:#009fe3;\n}\n.av_font_icon.av-22wlrc-db3b9c2dd83ac9fba5cfe3c9cb7109fd .av-icon-char{\nfont-size:40px;\nline-height:40px;\n}\n<\/style>\n<span  class='av_font_icon av-22wlrc-db3b9c2dd83ac9fba5cfe3c9cb7109fd avia_animate_when_visible av-icon-style- avia-icon-pos-left avia-iconfont avia-font-entypo-fontello avia-icon-animate'><span class='av-icon-char' data-av_icon='\ue87f' data-av_iconfont='entypo-fontello' aria-hidden=\"true\" ><\/span><\/span><br \/>\n\n<style type=\"text\/css\" data-created_by=\"avia_inline_auto\" id=\"style-css-av-l8yeptjh-72c28ef6ea4e826bd9c42e394a1cfc8e\">\n#top .av_textblock_section.av-l8yeptjh-72c28ef6ea4e826bd9c42e394a1cfc8e .avia_textblock{\nfont-size:19px;\n}\n<\/style>\n<section  class='av_textblock_section av-l8yeptjh-72c28ef6ea4e826bd9c42e394a1cfc8e'  ><div class='avia_textblock' ><p>Nous sommes heureux que vous visitiez notre site web et que vous vous int\u00e9ressiez \u00e0 l'engagement et aux prestations de Swissavant - Association \u00e9conomique Artisanat et M\u00e9nage. Si vous n'avez pas trouv\u00e9 l'information que vous cherchiez sur le site, n'h\u00e9sitez pas \u00e0 prendre contact avec nous.<\/p>\n<\/div><\/section><\/p>\n<\/div><\/div>\n<style type=\"text\/css\" data-created_by=\"avia_inline_auto\" id=\"style-css-av-laccwd6u-5a63c927234d310b95c04931ef76e9fb\">\n.flex_cell.av-laccwd6u-5a63c927234d310b95c04931ef76e9fb{\nvertical-align:top;\nheight:400px;\nmin-height:400px;\nbackground:url(https:\/\/swissavant.ch\/mediathek\/2022\/11\/Contact-us2-714x475.jpg) 50% 0% no-repeat scroll ;\n}\n<\/style>\n<div class='flex_cell av-laccwd6u-5a63c927234d310b95c04931ef76e9fb av-gridrow-cell av_one_third no_margin  avia-builder-el-6  el_after_av_cell_one_third  avia-builder-el-last  content-align-top avia-full-stretch'  ><div class='flex_cell_inner'><\/div><\/div>\n<\/div>\n<div id='stretch_width2'  class='avia-section av-1yucbs-4ef838243ecfadbf591ab47673c7ffcf alternate_color avia-section-huge avia-no-border-styling  avia-builder-el-7  el_after_av_layout_row  el_before_av_section  avia-bg-style-scroll container_wrap fullsize'  ><div class='container av-section-cont-open' ><div class='template-page content  av-content-full alpha units'><div class='post-entry post-entry-type-page post-entry-776'><div class='entry-content-wrapper clearfix'>\n<div class='flex_column_table av-6debc-45d3eec48a32fa14b435904a1163800c sc-av_one_half av-equal-height-column-flextable'>\n<style type=\"text\/css\" data-created_by=\"avia_inline_auto\" id=\"style-css-av-6debc-45d3eec48a32fa14b435904a1163800c\">\n@keyframes av_boxShadowEffect_av-6debc-45d3eec48a32fa14b435904a1163800c-column {\n0%   { box-shadow:  0 0 0 0 #dbdbdb; opacity: 1; }\n100% { box-shadow:  0 0 20px 0 #dbdbdb; opacity: 1; }\n}\n.flex_column.av-6debc-45d3eec48a32fa14b435904a1163800c{\nwidth:48%;\nmargin-left:0;\nbox-shadow: 0 0 20px 0 #dbdbdb;\npadding:30px 30px 30px 30px;\nbackground-color:#ffffff;\n}\n#top .flex_column_table.av-equal-height-column-flextable.av-6debc-45d3eec48a32fa14b435904a1163800c .av-flex-placeholder{\nwidth:4%;\n}\n<\/style>\n<div  class='flex_column av-6debc-45d3eec48a32fa14b435904a1163800c av_one_half  avia-builder-el-8  el_before_av_one_half  avia-builder-el-first  first flex_column_table_cell av-equal-height-column av-align-top shadow-not-animated'     ><p>\n<style type=\"text\/css\" data-created_by=\"avia_inline_auto\" id=\"style-css-av-l8yeqqqc-6b5215a1016c06a55c2eff1d8c9d3788\">\n#top .av-special-heading.av-l8yeqqqc-6b5215a1016c06a55c2eff1d8c9d3788{\npadding-bottom:10px;\n}\nbody .av-special-heading.av-l8yeqqqc-6b5215a1016c06a55c2eff1d8c9d3788 .av-special-heading-tag .heading-char{\nfont-size:25px;\n}\n.av-special-heading.av-l8yeqqqc-6b5215a1016c06a55c2eff1d8c9d3788 .av-subheading{\nfont-size:15px;\n}\n<\/style>\n<div  class='av-special-heading av-l8yeqqqc-6b5215a1016c06a55c2eff1d8c9d3788 av-special-heading-h4 blockquote modern-quote  avia-builder-el-9  el_before_av_textblock  avia-builder-el-first'><h4 class='av-special-heading-tag'  >Infos contact <span class='special_amp'>&amp;<\/span> Personne de contact<\/h4><div class=\"special-heading-border\"><div class=\"special-heading-inner-border\"><\/div><\/div><\/div><br \/>\n<section  class='av_textblock_section av-l8yeqwwx-632bb13a9332963e1e65894d263496d0'  ><div class='avia_textblock' ><p>Pour les demandes g\u00e9n\u00e9rales, veuillez utiliser l'adresse principale ci-contre.<\/p>\n<p>Pour des questions sp\u00e9cifiques, veuillez consulter la page <a href=\"https:\/\/swissavant.ch\/fr\/association\/equipe\/\">Notre \u00e9quipe <\/a>la personne responsable de votre demande et contactez-la directement, de pr\u00e9f\u00e9rence par e-mail.<\/p>\n<p>Nous vous remercions. Nous nous r\u00e9jouissons de vous rencontrer!<\/p>\n<\/div><\/section><br \/>\n<div  class='avia-button-wrap av-l8yet1gd-a66b0773f19700e1ffbc3545f68912db-wrap avia-button-left  avia-builder-el-11  el_after_av_textblock  avia-builder-el-last'><a href='https:\/\/swissavant.ch\/fr\/association\/equipe\/'  class='avia-button av-l8yet1gd-a66b0773f19700e1ffbc3545f68912db av-link-btn avia-icon_select-yes-left-icon avia-size-medium avia-position-left avia-color-theme-color'   aria-label=\"Notre \u00e9quipe\"><span class='avia_button_icon avia_button_icon_left avia-iconfont avia-font-entypo-fontello' data-av_icon='\ue80b' data-av_iconfont='entypo-fontello' ><\/span><span class='avia_iconbox_title' >Notre \u00e9quipe<\/span><\/a><\/div><\/p><\/div><div class='av-flex-placeholder'><\/div>\n<style type=\"text\/css\" data-created_by=\"avia_inline_auto\" id=\"style-css-av-1krki0-8573201703160e6bf4339b883f366595\">\n@keyframes av_boxShadowEffect_av-1krki0-8573201703160e6bf4339b883f366595-column {\n0%   { box-shadow:  0 0 0 0 #dbdbdb; opacity: 1; }\n100% { box-shadow:  0 0 20px 0 #dbdbdb; opacity: 1; }\n}\n.flex_column.av-1krki0-8573201703160e6bf4339b883f366595{\nwidth:48%;\nmargin-left:0;\nbox-shadow: 0 0 20px 0 #dbdbdb;\npadding:30px 30px 30px 30px;\nbackground-color:#ffffff;\n}\n#top .flex_column_table.av-equal-height-column-flextable.av-1krki0-8573201703160e6bf4339b883f366595 .av-flex-placeholder{\nwidth:4%;\n}\n<\/style>\n<div  class='flex_column av-1krki0-8573201703160e6bf4339b883f366595 av_one_half  avia-builder-el-12  el_after_av_one_half  avia-builder-el-last  flex_column_table_cell av-equal-height-column av-align-top shadow-not-animated'     ><p>\n<style type=\"text\/css\" data-created_by=\"avia_inline_auto\" id=\"style-css-av-l8yerl3a-9e0a4a6a97cd750c72b8414727bb36d2\">\n#top .av-special-heading.av-l8yerl3a-9e0a4a6a97cd750c72b8414727bb36d2{\npadding-bottom:10px;\n}\nbody .av-special-heading.av-l8yerl3a-9e0a4a6a97cd750c72b8414727bb36d2 .av-special-heading-tag .heading-char{\nfont-size:25px;\n}\n.av-special-heading.av-l8yerl3a-9e0a4a6a97cd750c72b8414727bb36d2 .av-subheading{\nfont-size:15px;\n}\n<\/style>\n<div  class='av-special-heading av-l8yerl3a-9e0a4a6a97cd750c72b8414727bb36d2 av-special-heading-h4 blockquote modern-quote  avia-builder-el-13  el_before_av_textblock  avia-builder-el-first'><h4 class='av-special-heading-tag'  >Adresse<\/h4><div class=\"special-heading-border\"><div class=\"special-heading-inner-border\"><\/div><\/div><\/div><br \/>\n<section  class='av_textblock_section av-l8yerxdc-ab0122d841200d3bfe94d698ef8e94a0'  ><div class='avia_textblock' ><p><strong>Swissavant - <\/strong><strong>Association \u00e9conomique Artisanat et M\u00e9nage<\/strong><\/p>\n<\/div><\/section><br \/>\n\n<style type=\"text\/css\" data-created_by=\"avia_inline_auto\" id=\"style-css-av-l8yezfwe-4465ef4433951c26443a54086e7c66f3\">\n#top .avia-icon-list-container.av-l8yezfwe-4465ef4433951c26443a54086e7c66f3 .iconlist_icon{\ncolor:#009fe3;\n}\n#top .avia-icon-list-container.av-l8yezfwe-4465ef4433951c26443a54086e7c66f3 .iconlist_icon svg:first-child{\nstroke:#009fe3;\nfill:#009fe3;\n}\n<\/style>\n<div  class='avia-icon-list-container av-l8yezfwe-4465ef4433951c26443a54086e7c66f3  avia-builder-el-15  el_after_av_textblock  avia-builder-el-last'><ul class='avia-icon-list avia_animate_when_almost_visible avia-icon-list-left av-iconlist-small av-l8yezfwe-4465ef4433951c26443a54086e7c66f3 avia-iconlist-animate'>\n<li><div class='iconlist_icon av-l8yeyb0l-c7d4dbb9d7627e340a8a450bae70047d avia-font-entypo-fontello avia-iconfont avia-font-entypo-fontello'><span class='av-icon-char' data-av_icon='\ue842' data-av_iconfont='entypo-fontello' aria-hidden=\"true\"><\/span><\/div><article class=\"article-icon-entry av-iconlist-empty\" ><div class=\"iconlist_content_wrap\"><header class=\"entry-content-header\" aria-label=\"Ic\u00f4ne : Neugutstrasse 12, Case postale, CH-8304 Wallisellen\"><div class='av_iconlist_title iconlist_title_small' >Neugutstrasse 12, Case postale, CH-8304 Wallisellen<\/div><\/header><div class='iconlist_content' ><\/div><\/div><footer class=\"entry-footer\"><\/footer><\/article><div class=\"iconlist-timeline\"><\/div><\/li>\n<li><div class='iconlist_icon av-l8yez6ff-355ee4aea30782100b0ea34f5e852291 avia-font-entypo-fontello avia-iconfont avia-font-entypo-fontello'><span class='av-icon-char' data-av_icon='\ue854' data-av_iconfont='entypo-fontello' aria-hidden=\"true\"><\/span><\/div><article class=\"article-icon-entry av-iconlist-empty\" ><div class=\"iconlist_content_wrap\"><header class=\"entry-content-header\" aria-label=\"Ic&ocirc;ne : &lt;a&gt;+41 44 878 70 50&lt;\/a&gt;\"><div class='av_iconlist_title iconlist_title_small' ><a>+41 44 878 70 50<\/a><\/div><\/header><div class='iconlist_content' ><\/div><\/div><footer class=\"entry-footer\"><\/footer><\/article><div class=\"iconlist-timeline\"><\/div><\/li>\n<li><div class='iconlist_icon av-l8yez6ff-1-da849be6422f601f4a4fba19bd5366fa avia-font-entypo-fontello avia-iconfont avia-font-entypo-fontello'><span class='av-icon-char' data-av_icon='\ue805' data-av_iconfont='entypo-fontello' aria-hidden=\"true\"><\/span><\/div><article class=\"article-icon-entry av-iconlist-empty\" ><div class=\"iconlist_content_wrap\"><header class=\"entry-content-header\" aria-label=\"Ic&ocirc;ne : &lt;a href=&quot;mailto:info@swissavant.ch&quot;&gt;info@swissavant.ch&lt;\/a&gt;\"><div class='av_iconlist_title iconlist_title_small' ><a href=\"mailto:info@swissavant.ch\">info@swissavant.ch<\/a><\/div><\/header><div class='iconlist_content' ><\/div><\/div><footer class=\"entry-footer\"><\/footer><\/article><div class=\"iconlist-timeline\"><\/div><\/li>\n<li><div class='iconlist_icon av-lakw8lzn-c6e8c979898cf89644e2d68defb49046 avia-font-entypo-fontello avia-iconfont avia-font-entypo-fontello'><span class='av-icon-char' data-av_icon='\ue862' data-av_iconfont='entypo-fontello' aria-hidden=\"true\"><\/span><\/div><article class=\"article-icon-entry\" ><div class=\"iconlist_content_wrap\"><header class=\"entry-content-header\" aria-label=\"Ic\u00f4ne : nos horaires d&#039;ouverture :\"><div class='av_iconlist_title iconlist_title_small' >Nos heures d'ouverture:<\/div><\/header><div class='iconlist_content' ><p>du lundi au vendredi<br \/>\n08h00-11h30 heures<br \/>\n13h30-17h00 heures<\/p>\n<\/div><\/div><footer class=\"entry-footer\"><\/footer><\/article><div class=\"iconlist-timeline\"><\/div><\/li>\n<\/ul><\/div><\/p><\/div><\/div><!--close column table wrapper. Autoclose: 1 --><\/div><\/div><\/div><!-- close content main div --><\/div><\/div><div id='av_section_2'  class='avia-section av-1hdhfs-4f64874442ed56db0c77981f04a95470 main_color avia-section-huge avia-shadow  avia-builder-el-16  el_after_av_section  avia-builder-el-last  avia-bg-style-scroll container_wrap fullsize'  ><div class='container av-section-cont-open' ><div class='template-page content  av-content-full alpha units'><div class='post-entry post-entry-type-page post-entry-776'><div class='entry-content-wrapper clearfix'>\n\n<style type=\"text\/css\" data-created_by=\"avia_inline_auto\" id=\"style-css-av-18d3yw-b71e5d717233c1065cce5b758439aa0c\">\n#top .av-special-heading.av-18d3yw-b71e5d717233c1065cce5b758439aa0c{\npadding-bottom:10px;\n}\nbody .av-special-heading.av-18d3yw-b71e5d717233c1065cce5b758439aa0c .av-special-heading-tag .heading-char{\nfont-size:25px;\n}\n.av-special-heading.av-18d3yw-b71e5d717233c1065cce5b758439aa0c .av-subheading{\nfont-size:15px;\n}\n<\/style>\n<div  class='av-special-heading av-18d3yw-b71e5d717233c1065cce5b758439aa0c av-special-heading-h2 blockquote modern-quote modern-centered  avia-builder-el-17  el_before_av_hr  avia-builder-el-first'><h2 class='av-special-heading-tag'  >Site<\/h2><div class=\"special-heading-border\"><div class=\"special-heading-inner-border\"><\/div><\/div><\/div>\n\n<style type=\"text\/css\" data-created_by=\"avia_inline_auto\" id=\"style-css-av-11bsdc-f635fc4e56659f89aaec255f7fbf7320\">\n#top .hr.av-11bsdc-f635fc4e56659f89aaec255f7fbf7320{\nmargin-top:30px;\nmargin-bottom:25px;\n}\n.hr.av-11bsdc-f635fc4e56659f89aaec255f7fbf7320 .hr-inner{\nwidth:100px;\nborder-color:#009fe3;\n}\n<\/style>\n<div  class='hr av-11bsdc-f635fc4e56659f89aaec255f7fbf7320 hr-custom  avia-builder-el-18  el_after_av_heading  el_before_av_one_full  hr-center hr-icon-no'><span class='hr-inner inner-border-av-border-fat'><span class=\"hr-inner-style\"><\/span><\/span><\/div>\n<div class='flex_column_table av-tqlhs-d53a655de6a36701fefec5a1959c7fd4 sc-av_one_full av-equal-height-column-flextable'>\n<style type=\"text\/css\" data-created_by=\"avia_inline_auto\" id=\"style-css-av-tqlhs-d53a655de6a36701fefec5a1959c7fd4\">\n@keyframes av_boxShadowEffect_av-tqlhs-d53a655de6a36701fefec5a1959c7fd4-column {\n0%   { box-shadow:  0 0 0 0 #c1c1c1; opacity: 1; }\n100% { box-shadow:  0 0 20px 0 #c1c1c1; opacity: 1; }\n}\n.flex_column.av-tqlhs-d53a655de6a36701fefec5a1959c7fd4{\nwidth:100%;\nmargin-left:0;\nbox-shadow: 0 0 20px 0 #c1c1c1;\npadding:10px 10px 10px 10px;\n}\n#top .flex_column_table.av-equal-height-column-flextable.av-tqlhs-d53a655de6a36701fefec5a1959c7fd4 .av-flex-placeholder{\nwidth:0%;\n}\n<\/style>\n<div  class='flex_column av-tqlhs-d53a655de6a36701fefec5a1959c7fd4 av_one_full  avia-builder-el-19  el_after_av_hr  avia-builder-el-last  first flex_column_table_cell av-equal-height-column av-align-top shadow-not-animated'     ><\/div><\/div><!--close column table wrapper. Autoclose: 1 -->\n<\/p>","protected":false},"excerpt":{"rendered":"<p>Nous sommes heureux que vous visitiez notre site web et que vous vous int\u00e9ressiez \u00e0 l'engagement et aux prestations de Swissavant - Association \u00e9conomique Artisanat et M\u00e9nage. Si vous n'avez pas trouv\u00e9 l'information que vous cherchiez sur le site, n'h\u00e9sitez pas \u00e0 prendre contact avec nous.<\/p>","protected":false},"author":12,"featured_media":0,"parent":0,"menu_order":12,"comment_status":"closed","ping_status":"closed","template":"","meta":{"_acf_changed":false,"_monsterinsights_skip_tracking":false,"_monsterinsights_sitenote_active":false,"_monsterinsights_sitenote_note":"","_monsterinsights_sitenote_category":0,"footnotes":""},"folder":[],"class_list":["post-776","page","type-page","status-publish","hentry"],"acf":[],"yoast_head":"<!-- This site is optimized with the Yoast SEO plugin v26.8 - https:\/\/yoast.com\/product\/yoast-seo-wordpress\/ -->\n<title>Kontaktieren Sie uns - Swissavant in Wallisellen<\/title>\n<meta name=\"description\" content=\"Sch\u00f6n, dass Sie unsere Website besuchen und sich f\u00fcr das Engagement und die Leistungen von Swissavant \u2013 Wirtschaftsverband Handwerk und Haushalt interessieren.\" \/>\n<meta name=\"robots\" content=\"index, follow, max-snippet:-1, max-image-preview:large, max-video-preview:-1\" \/>\n<link rel=\"canonical\" href=\"https:\/\/swissavant.ch\/fr\/contact\/\" \/>\n<meta property=\"og:locale\" content=\"fr_FR\" \/>\n<meta property=\"og:type\" content=\"article\" \/>\n<meta property=\"og:title\" content=\"Kontaktieren Sie uns - Swissavant in Wallisellen\" \/>\n<meta property=\"og:description\" content=\"Sch\u00f6n, dass Sie unsere Website besuchen und sich f\u00fcr das Engagement und die Leistungen von Swissavant \u2013 Wirtschaftsverband Handwerk und Haushalt interessieren.\" \/>\n<meta property=\"og:url\" content=\"https:\/\/swissavant.ch\/fr\/contact\/\" \/>\n<meta property=\"og:site_name\" content=\"Swissavant\" \/>\n<meta property=\"article:modified_time\" content=\"2023-04-12T07:59:34+00:00\" \/>\n<meta name=\"twitter:label1\" content=\"Dur\u00e9e de lecture estim\u00e9e\" \/>\n\t<meta name=\"twitter:data1\" content=\"6 minutes\" \/>\n<script type=\"application\/ld+json\" class=\"yoast-schema-graph\">{\"@context\":\"https:\/\/schema.org\",\"@graph\":[{\"@type\":\"WebPage\",\"@id\":\"https:\/\/swissavant.ch\/kontakt\/\",\"url\":\"https:\/\/swissavant.ch\/kontakt\/\",\"name\":\"Kontaktieren Sie uns - Swissavant in Wallisellen\",\"isPartOf\":{\"@id\":\"https:\/\/swissavant.ch\/#website\"},\"datePublished\":\"2014-08-29T08:13:14+00:00\",\"dateModified\":\"2023-04-12T07:59:34+00:00\",\"description\":\"Sch\u00f6n, dass Sie unsere Website besuchen und sich f\u00fcr das Engagement und die Leistungen von Swissavant \u2013 Wirtschaftsverband Handwerk und Haushalt interessieren.\",\"breadcrumb\":{\"@id\":\"https:\/\/swissavant.ch\/kontakt\/#breadcrumb\"},\"inLanguage\":\"fr-FR\",\"potentialAction\":[{\"@type\":\"ReadAction\",\"target\":[\"https:\/\/swissavant.ch\/kontakt\/\"]}]},{\"@type\":\"BreadcrumbList\",\"@id\":\"https:\/\/swissavant.ch\/kontakt\/#breadcrumb\",\"itemListElement\":[{\"@type\":\"ListItem\",\"position\":1,\"name\":\"Home\",\"item\":\"https:\/\/swissavant.ch\/home\/\"},{\"@type\":\"ListItem\",\"position\":2,\"name\":\"Kontakt\"}]},{\"@type\":\"WebSite\",\"@id\":\"https:\/\/swissavant.ch\/#website\",\"url\":\"https:\/\/swissavant.ch\/\",\"name\":\"Swissavant\",\"description\":\"Swissavant\",\"potentialAction\":[{\"@type\":\"SearchAction\",\"target\":{\"@type\":\"EntryPoint\",\"urlTemplate\":\"https:\/\/swissavant.ch\/?s={search_term_string}\"},\"query-input\":{\"@type\":\"PropertyValueSpecification\",\"valueRequired\":true,\"valueName\":\"search_term_string\"}}],\"inLanguage\":\"fr-FR\"}]}<\/script>\n<!-- \/ Yoast SEO plugin. -->","yoast_head_json":{"title":"Contactez-nous - Swissavant \u00e0 Wallisellen","description":"Nous sommes heureux que vous visitiez notre site web et que vous vous int\u00e9ressiez \u00e0 l'engagement et aux prestations de Swissavant - Association \u00e9conomique de l'artisanat et du m\u00e9nage.","robots":{"index":"index","follow":"follow","max-snippet":"max-snippet:-1","max-image-preview":"max-image-preview:large","max-video-preview":"max-video-preview:-1"},"canonical":"https:\/\/swissavant.ch\/fr\/contact\/","og_locale":"fr_FR","og_type":"article","og_title":"Kontaktieren Sie uns - Swissavant in Wallisellen","og_description":"Sch\u00f6n, dass Sie unsere Website besuchen und sich f\u00fcr das Engagement und die Leistungen von Swissavant \u2013 Wirtschaftsverband Handwerk und Haushalt interessieren.","og_url":"https:\/\/swissavant.ch\/fr\/contact\/","og_site_name":"Swissavant","article_modified_time":"2023-04-12T07:59:34+00:00","twitter_misc":{"Dur\u00e9e de lecture estim\u00e9e":"6 minutes"},"schema":{"@context":"https:\/\/schema.org","@graph":[{"@type":"WebPage","@id":"https:\/\/swissavant.ch\/kontakt\/","url":"https:\/\/swissavant.ch\/kontakt\/","name":"Contactez-nous - Swissavant \u00e0 Wallisellen","isPartOf":{"@id":"https:\/\/swissavant.ch\/#website"},"datePublished":"2014-08-29T08:13:14+00:00","dateModified":"2023-04-12T07:59:34+00:00","description":"Nous sommes heureux que vous visitiez notre site web et que vous vous int\u00e9ressiez \u00e0 l'engagement et aux prestations de Swissavant - Association \u00e9conomique de l'artisanat et du m\u00e9nage.","breadcrumb":{"@id":"https:\/\/swissavant.ch\/kontakt\/#breadcrumb"},"inLanguage":"fr-FR","potentialAction":[{"@type":"ReadAction","target":["https:\/\/swissavant.ch\/kontakt\/"]}]},{"@type":"BreadcrumbList","@id":"https:\/\/swissavant.ch\/kontakt\/#breadcrumb","itemListElement":[{"@type":"ListItem","position":1,"name":"Home","item":"https:\/\/swissavant.ch\/home\/"},{"@type":"ListItem","position":2,"name":"Kontakt"}]},{"@type":"WebSite","@id":"https:\/\/swissavant.ch\/#website","url":"https:\/\/swissavant.ch\/","name":"Swissavant","description":"Swissavant","potentialAction":[{"@type":"SearchAction","target":{"@type":"EntryPoint","urlTemplate":"https:\/\/swissavant.ch\/?s={search_term_string}"},"query-input":{"@type":"PropertyValueSpecification","valueRequired":true,"valueName":"search_term_string"}}],"inLanguage":"fr-FR"}]}},"_links":{"self":[{"href":"https:\/\/swissavant.ch\/fr\/wp-json\/wp\/v2\/pages\/776","targetHints":{"allow":["GET"]}}],"collection":[{"href":"https:\/\/swissavant.ch\/fr\/wp-json\/wp\/v2\/pages"}],"about":[{"href":"https:\/\/swissavant.ch\/fr\/wp-json\/wp\/v2\/types\/page"}],"author":[{"embeddable":true,"href":"https:\/\/swissavant.ch\/fr\/wp-json\/wp\/v2\/users\/12"}],"replies":[{"embeddable":true,"href":"https:\/\/swissavant.ch\/fr\/wp-json\/wp\/v2\/comments?post=776"}],"version-history":[{"count":5,"href":"https:\/\/swissavant.ch\/fr\/wp-json\/wp\/v2\/pages\/776\/revisions"}],"predecessor-version":[{"id":11070,"href":"https:\/\/swissavant.ch\/fr\/wp-json\/wp\/v2\/pages\/776\/revisions\/11070"}],"wp:attachment":[{"href":"https:\/\/swissavant.ch\/fr\/wp-json\/wp\/v2\/media?parent=776"}],"wp:term":[{"taxonomy":"folder","embeddable":true,"href":"https:\/\/swissavant.ch\/fr\/wp-json\/wp\/v2\/folder?post=776"}],"curies":[{"name":"wp","href":"https:\/\/api.w.org\/{rel}","templated":true}]}}