{"id":8643,"date":"2022-10-06T11:36:33","date_gmt":"2022-10-06T09:36:33","guid":{"rendered":"https:\/\/swissavant.aretiswebseiten.ch\/?page_id=8643"},"modified":"2023-04-11T14:58:30","modified_gmt":"2023-04-11T12:58:30","slug":"cours-ekas","status":"publish","type":"page","link":"https:\/\/swissavant.ch\/fr\/cours-ekas\/","title":{"rendered":"Cours CFST"},"content":{"rendered":"<div id='av_section_1'  class='avia-section av-21xd4z-4dab5ff9a67635790d6454c9209c0f19 main_color avia-section-default avia-no-border-styling  avia-builder-el-0  el_before_av_layout_row  avia-builder-el-first  avia-bg-style-scroll container_wrap fullsize'  ><div class='container av-section-cont-open' ><main  class='template-page content  av-content-full alpha units'><div class='post-entry post-entry-type-page post-entry-8643'><div class='entry-content-wrapper clearfix'>\n<\/div><\/div><\/main><!-- close content main element --><\/div><\/div><div id='av-layout-grid-1'  class='av-layout-grid-container av-9hun2r-dc4813d79c33d77e83f02ff7b972a577 entry-content-wrapper main_color av-flex-cells  avia-builder-el-1  el_after_av_section  el_before_av_section  grid-row-not-first  container_wrap fullsize'  >\n\n<style type=\"text\/css\" data-created_by=\"avia_inline_auto\" id=\"style-css-av-70b9er-de01f9f98fefa405632dc31a0b03a7d7\">\n.flex_cell.av-70b9er-de01f9f98fefa405632dc31a0b03a7d7{\nvertical-align:middle;\nbackground-color:#009fe4;\n}\n.responsive #top #wrap_all .flex_cell.av-70b9er-de01f9f98fefa405632dc31a0b03a7d7{\npadding:40px 100px 40px 100px !important;\n}\n<\/style>\n<div class='flex_cell av-70b9er-de01f9f98fefa405632dc31a0b03a7d7 av-gridrow-cell av_one_half no_margin  avia-builder-el-2  el_before_av_cell_one_half  avia-builder-el-first  content-align-middle'  ><div class='flex_cell_inner'>\n<style type=\"text\/css\" data-created_by=\"avia_inline_auto\" id=\"style-css-av-l8wvit3p-5df963db0ab04944e46a40fce6695b13\">\n#top .av-special-heading.av-l8wvit3p-5df963db0ab04944e46a40fce6695b13{\npadding-bottom:10px;\ncolor:#ffffff;\n}\nbody .av-special-heading.av-l8wvit3p-5df963db0ab04944e46a40fce6695b13 .av-special-heading-tag .heading-char{\nfont-size:25px;\n}\n.av-special-heading.av-l8wvit3p-5df963db0ab04944e46a40fce6695b13 .special-heading-inner-border{\nborder-color:#ffffff;\n}\n.av-special-heading.av-l8wvit3p-5df963db0ab04944e46a40fce6695b13 .av-subheading{\nfont-size:15px;\n}\n<\/style>\n<div  class='av-special-heading av-l8wvit3p-5df963db0ab04944e46a40fce6695b13 av-special-heading-h1 custom-color-heading blockquote modern-quote  avia-builder-el-3  avia-builder-el-no-sibling'><h1 class='av-special-heading-tag'  >Cours CFST<\/h1><div class=\"special-heading-border\"><div class=\"special-heading-inner-border\"><\/div><\/div><\/div>\n<\/div><\/div>\n<style type=\"text\/css\" data-created_by=\"avia_inline_auto\" id=\"style-css-av-5lt9vn-455c0571c223b961d7577be980efb615\">\n.flex_cell.av-5lt9vn-455c0571c223b961d7577be980efb615{\nvertical-align:middle;\nbackground-color:#e5e8eb;\n}\n.responsive #top #wrap_all .flex_cell.av-5lt9vn-455c0571c223b961d7577be980efb615{\npadding:40px 100px 40px 100px !important;\n}\n<\/style>\n<div class='flex_cell av-5lt9vn-455c0571c223b961d7577be980efb615 av-gridrow-cell av_one_half no_margin  avia-builder-el-4  el_after_av_cell_one_half  avia-builder-el-last  content-align-middle'  ><div class='flex_cell_inner'><p>\n<style type=\"text\/css\" data-created_by=\"avia_inline_auto\" id=\"style-css-av-3r1idv-9026720d5607c0c8897a46a3191733e6\">\n.av_font_icon.av-3r1idv-9026720d5607c0c8897a46a3191733e6{\ncolor:#009fe3;\nborder-color:#009fe3;\n}\n.avia-svg-icon.av-3r1idv-9026720d5607c0c8897a46a3191733e6 svg:first-child{\nstroke:#009fe3;\nfill:#009fe3;\n}\n.av_font_icon.av-3r1idv-9026720d5607c0c8897a46a3191733e6 .av-icon-char{\nfont-size:40px;\nline-height:40px;\n}\n<\/style>\n<span  class='av_font_icon av-3r1idv-9026720d5607c0c8897a46a3191733e6 avia_animate_when_visible av-icon-style- avia-icon-pos-left avia-iconfont avia-font-entypo-fontello avia-icon-animate'><span class='av-icon-char' data-av_icon='\ue87f' data-av_iconfont='entypo-fontello' aria-hidden=\"true\" ><\/span><\/span><br \/>\n\n<style type=\"text\/css\" data-created_by=\"avia_inline_auto\" id=\"style-css-av-l8wvj2rj-f73d5443ef0189a1cab26268a45978a9\">\n#top .av_textblock_section.av-l8wvj2rj-f73d5443ef0189a1cab26268a45978a9 .avia_textblock{\nfont-size:19px;\n}\n<\/style>\n<section  class='av_textblock_section av-l8wvj2rj-f73d5443ef0189a1cab26268a45978a9'  ><div class='avia_textblock' ><p>Informez-vous sur les prochains cours CFST.<\/p>\n<\/div><\/section><\/p>\n<\/div><\/div>\n<\/div>\n<div id='av_section_2'  class='avia-section av-8g40z-b6824db9fe0f1e9d7987a1a395b43bb0 main_color avia-section-huge avia-no-border-styling  avia-builder-el-7  el_after_av_layout_row  avia-builder-el-last  avia-bg-style-scroll container_wrap fullsize'  ><div class='container av-section-cont-open' ><div class='template-page content  av-content-full alpha units'><div class='post-entry post-entry-type-page post-entry-8643'><div class='entry-content-wrapper clearfix'>\n\n<style type=\"text\/css\" data-created_by=\"avia_inline_auto\" id=\"style-css-av-l8wvkbxq-3ef638f84a8bc76c89dee8d095629c23\">\n#top .av-special-heading.av-l8wvkbxq-3ef638f84a8bc76c89dee8d095629c23{\npadding-bottom:10px;\n}\nbody .av-special-heading.av-l8wvkbxq-3ef638f84a8bc76c89dee8d095629c23 .av-special-heading-tag .heading-char{\nfont-size:25px;\n}\n.av-special-heading.av-l8wvkbxq-3ef638f84a8bc76c89dee8d095629c23 .av-subheading{\nfont-size:15px;\n}\n<\/style>\n<div  class='av-special-heading av-l8wvkbxq-3ef638f84a8bc76c89dee8d095629c23 av-special-heading-h3 blockquote modern-quote modern-centered  avia-builder-el-8  avia-builder-el-no-sibling'><h3 class='av-special-heading-tag'  >pas de cours en ce moment !!<\/h3><div class=\"special-heading-border\"><div class=\"special-heading-inner-border\"><\/div><\/div><\/div>\n<p>Veuillez installer le <a href='https:\/\/wordpress.org\/plugins\/the-events-calendar\/'>Le calendrier des \u00e9v\u00e9nements<\/a> ou <a href='https:\/\/theeventscalendar.pxf.io\/pro'>The Events Calendar Pro<\/a> Plugin pour afficher une liste des \u00e9v\u00e9nements \u00e0 venir<\/p>","protected":false},"excerpt":{"rendered":"","protected":false},"author":12,"featured_media":0,"parent":0,"menu_order":1,"comment_status":"closed","ping_status":"closed","template":"","meta":{"_acf_changed":false,"_monsterinsights_skip_tracking":false,"_monsterinsights_sitenote_active":false,"_monsterinsights_sitenote_note":"","_monsterinsights_sitenote_category":0,"footnotes":""},"folder":[],"class_list":["post-8643","page","type-page","status-publish","hentry"],"acf":[],"yoast_head":"<!-- This site is optimized with the Yoast SEO plugin v26.8 - https:\/\/yoast.com\/product\/yoast-seo-wordpress\/ -->\n<title>EKAS-Kurse und Weiterbildung von Swissavant<\/title>\n<meta name=\"description\" content=\"Informieren Sie sich \u00fcber kommende EKAS-Kurse. Die ASA-Branchenl\u00f6sung von Swissavant sieht regelm\u00e4ssige Weiterbildungen f\u00fcr die KOPAS vor.\" \/>\n<meta name=\"robots\" content=\"index, follow, max-snippet:-1, max-image-preview:large, max-video-preview:-1\" \/>\n<link rel=\"canonical\" href=\"https:\/\/swissavant.ch\/fr\/veranstaltungen2__trashed\/cours-ekas\/\" \/>\n<meta property=\"og:locale\" content=\"fr_FR\" \/>\n<meta property=\"og:type\" content=\"article\" \/>\n<meta property=\"og:title\" content=\"EKAS-Kurse und Weiterbildung von Swissavant\" \/>\n<meta property=\"og:description\" content=\"Informieren Sie sich \u00fcber kommende EKAS-Kurse. Die ASA-Branchenl\u00f6sung von Swissavant sieht regelm\u00e4ssige Weiterbildungen f\u00fcr die KOPAS vor.\" \/>\n<meta property=\"og:url\" content=\"https:\/\/swissavant.ch\/fr\/veranstaltungen2__trashed\/cours-ekas\/\" \/>\n<meta property=\"og:site_name\" content=\"Swissavant\" \/>\n<meta property=\"article:modified_time\" content=\"2023-04-11T12:58:30+00:00\" \/>\n<meta name=\"twitter:label1\" content=\"Dur\u00e9e de lecture estim\u00e9e\" \/>\n\t<meta name=\"twitter:data1\" content=\"2 minutes\" \/>\n<script type=\"application\/ld+json\" class=\"yoast-schema-graph\">{\"@context\":\"https:\/\/schema.org\",\"@graph\":[{\"@type\":\"WebPage\",\"@id\":\"https:\/\/swissavant.ch\/veranstaltungen2__trashed\/ekas-kurse\/\",\"url\":\"https:\/\/swissavant.ch\/veranstaltungen2__trashed\/ekas-kurse\/\",\"name\":\"EKAS-Kurse und Weiterbildung von Swissavant\",\"isPartOf\":{\"@id\":\"https:\/\/swissavant.ch\/#website\"},\"datePublished\":\"2022-10-06T09:36:33+00:00\",\"dateModified\":\"2023-04-11T12:58:30+00:00\",\"description\":\"Informieren Sie sich \u00fcber kommende EKAS-Kurse. Die ASA-Branchenl\u00f6sung von Swissavant sieht regelm\u00e4ssige Weiterbildungen f\u00fcr die KOPAS vor.\",\"breadcrumb\":{\"@id\":\"https:\/\/swissavant.ch\/veranstaltungen2__trashed\/ekas-kurse\/#breadcrumb\"},\"inLanguage\":\"fr-FR\",\"potentialAction\":[{\"@type\":\"ReadAction\",\"target\":[\"https:\/\/swissavant.ch\/veranstaltungen2__trashed\/ekas-kurse\/\"]}]},{\"@type\":\"BreadcrumbList\",\"@id\":\"https:\/\/swissavant.ch\/veranstaltungen2__trashed\/ekas-kurse\/#breadcrumb\",\"itemListElement\":[{\"@type\":\"ListItem\",\"position\":1,\"name\":\"Home\",\"item\":\"https:\/\/swissavant.ch\/home\/\"},{\"@type\":\"ListItem\",\"position\":2,\"name\":\"EKAS-Kurse\"}]},{\"@type\":\"WebSite\",\"@id\":\"https:\/\/swissavant.ch\/#website\",\"url\":\"https:\/\/swissavant.ch\/\",\"name\":\"Swissavant\",\"description\":\"Swissavant\",\"potentialAction\":[{\"@type\":\"SearchAction\",\"target\":{\"@type\":\"EntryPoint\",\"urlTemplate\":\"https:\/\/swissavant.ch\/?s={search_term_string}\"},\"query-input\":{\"@type\":\"PropertyValueSpecification\",\"valueRequired\":true,\"valueName\":\"search_term_string\"}}],\"inLanguage\":\"fr-FR\"}]}<\/script>\n<!-- \/ Yoast SEO plugin. -->","yoast_head_json":{"title":"Cours CFST et formation continue de Swissavant","description":"Informez-vous sur les prochains cours CFST. La solution de branche MSST de Swissavant pr\u00e9voit des formations continues r\u00e9guli\u00e8res pour les COPAS.","robots":{"index":"index","follow":"follow","max-snippet":"max-snippet:-1","max-image-preview":"max-image-preview:large","max-video-preview":"max-video-preview:-1"},"canonical":"https:\/\/swissavant.ch\/fr\/veranstaltungen2__trashed\/cours-ekas\/","og_locale":"fr_FR","og_type":"article","og_title":"EKAS-Kurse und Weiterbildung von Swissavant","og_description":"Informieren Sie sich \u00fcber kommende EKAS-Kurse. Die ASA-Branchenl\u00f6sung von Swissavant sieht regelm\u00e4ssige Weiterbildungen f\u00fcr die KOPAS vor.","og_url":"https:\/\/swissavant.ch\/fr\/veranstaltungen2__trashed\/cours-ekas\/","og_site_name":"Swissavant","article_modified_time":"2023-04-11T12:58:30+00:00","twitter_misc":{"Dur\u00e9e de lecture estim\u00e9e":"2 minutes"},"schema":{"@context":"https:\/\/schema.org","@graph":[{"@type":"WebPage","@id":"https:\/\/swissavant.ch\/veranstaltungen2__trashed\/ekas-kurse\/","url":"https:\/\/swissavant.ch\/veranstaltungen2__trashed\/ekas-kurse\/","name":"Cours CFST et formation continue de Swissavant","isPartOf":{"@id":"https:\/\/swissavant.ch\/#website"},"datePublished":"2022-10-06T09:36:33+00:00","dateModified":"2023-04-11T12:58:30+00:00","description":"Informez-vous sur les prochains cours CFST. La solution de branche MSST de Swissavant pr\u00e9voit des formations continues r\u00e9guli\u00e8res pour les COPAS.","breadcrumb":{"@id":"https:\/\/swissavant.ch\/veranstaltungen2__trashed\/ekas-kurse\/#breadcrumb"},"inLanguage":"fr-FR","potentialAction":[{"@type":"ReadAction","target":["https:\/\/swissavant.ch\/veranstaltungen2__trashed\/ekas-kurse\/"]}]},{"@type":"BreadcrumbList","@id":"https:\/\/swissavant.ch\/veranstaltungen2__trashed\/ekas-kurse\/#breadcrumb","itemListElement":[{"@type":"ListItem","position":1,"name":"Home","item":"https:\/\/swissavant.ch\/home\/"},{"@type":"ListItem","position":2,"name":"EKAS-Kurse"}]},{"@type":"WebSite","@id":"https:\/\/swissavant.ch\/#website","url":"https:\/\/swissavant.ch\/","name":"Swissavant","description":"Swissavant","potentialAction":[{"@type":"SearchAction","target":{"@type":"EntryPoint","urlTemplate":"https:\/\/swissavant.ch\/?s={search_term_string}"},"query-input":{"@type":"PropertyValueSpecification","valueRequired":true,"valueName":"search_term_string"}}],"inLanguage":"fr-FR"}]}},"_links":{"self":[{"href":"https:\/\/swissavant.ch\/fr\/wp-json\/wp\/v2\/pages\/8643","targetHints":{"allow":["GET"]}}],"collection":[{"href":"https:\/\/swissavant.ch\/fr\/wp-json\/wp\/v2\/pages"}],"about":[{"href":"https:\/\/swissavant.ch\/fr\/wp-json\/wp\/v2\/types\/page"}],"author":[{"embeddable":true,"href":"https:\/\/swissavant.ch\/fr\/wp-json\/wp\/v2\/users\/12"}],"replies":[{"embeddable":true,"href":"https:\/\/swissavant.ch\/fr\/wp-json\/wp\/v2\/comments?post=8643"}],"version-history":[{"count":5,"href":"https:\/\/swissavant.ch\/fr\/wp-json\/wp\/v2\/pages\/8643\/revisions"}],"predecessor-version":[{"id":8660,"href":"https:\/\/swissavant.ch\/fr\/wp-json\/wp\/v2\/pages\/8643\/revisions\/8660"}],"wp:attachment":[{"href":"https:\/\/swissavant.ch\/fr\/wp-json\/wp\/v2\/media?parent=8643"}],"wp:term":[{"taxonomy":"folder","embeddable":true,"href":"https:\/\/swissavant.ch\/fr\/wp-json\/wp\/v2\/folder?post=8643"}],"curies":[{"name":"wp","href":"https:\/\/api.w.org\/{rel}","templated":true}]}}