{"id":8649,"date":"2022-10-06T11:39:09","date_gmt":"2022-10-06T09:39:09","guid":{"rendered":"https:\/\/swissavant.aretiswebseiten.ch\/?page_id=8649"},"modified":"2023-04-11T14:59:28","modified_gmt":"2023-04-11T12:59:28","slug":"evenements","status":"publish","type":"page","link":"https:\/\/swissavant.ch\/fr\/evenements\/","title":{"rendered":"\u00c9v\u00e9nements"},"content":{"rendered":"<div id='av-layout-grid-1'  class='av-layout-grid-container av-69or8p-222c894ca40a60ca4fd0683923d199e0 entry-content-wrapper main_color av-flex-cells  avia-builder-el-0  el_before_av_section  avia-builder-el-first   container_wrap fullsize'  >\n\n<style type=\"text\/css\" data-created_by=\"avia_inline_auto\" id=\"style-css-av-4gaaft-0a8f41359cc18df2788cea865d504e83\">\n.flex_cell.av-4gaaft-0a8f41359cc18df2788cea865d504e83{\nvertical-align:middle;\nbackground-color:#009fe4;\n}\n.responsive #top #wrap_all .flex_cell.av-4gaaft-0a8f41359cc18df2788cea865d504e83{\npadding:40px 100px 40px 100px !important;\n}\n<\/style>\n<div class='flex_cell av-4gaaft-0a8f41359cc18df2788cea865d504e83 av-gridrow-cell av_one_half no_margin  avia-builder-el-1  el_before_av_cell_one_half  avia-builder-el-first  content-align-middle'  ><div class='flex_cell_inner'>\n<style type=\"text\/css\" data-created_by=\"avia_inline_auto\" id=\"style-css-av-l8wvbpak-965dc1c151f102e2695e268ebb4d017e\">\n#top .av-special-heading.av-l8wvbpak-965dc1c151f102e2695e268ebb4d017e{\npadding-bottom:10px;\ncolor:#ffffff;\n}\nbody .av-special-heading.av-l8wvbpak-965dc1c151f102e2695e268ebb4d017e .av-special-heading-tag .heading-char{\nfont-size:25px;\n}\n.av-special-heading.av-l8wvbpak-965dc1c151f102e2695e268ebb4d017e .special-heading-inner-border{\nborder-color:#ffffff;\n}\n.av-special-heading.av-l8wvbpak-965dc1c151f102e2695e268ebb4d017e .av-subheading{\nfont-size:15px;\n}\n<\/style>\n<div  class='av-special-heading av-l8wvbpak-965dc1c151f102e2695e268ebb4d017e av-special-heading-h1 custom-color-heading blockquote modern-quote  avia-builder-el-2  avia-builder-el-no-sibling'><h1 class='av-special-heading-tag'  >\u00c9v\u00e9nements<\/h1><div class=\"special-heading-border\"><div class=\"special-heading-inner-border\"><\/div><\/div><\/div>\n<\/div><\/div>\n<style type=\"text\/css\" data-created_by=\"avia_inline_auto\" id=\"style-css-av-2u5qnd-befdb6482fce5a4ebbc7856db9975c65\">\n.flex_cell.av-2u5qnd-befdb6482fce5a4ebbc7856db9975c65{\nvertical-align:middle;\nbackground-color:#e5e8eb;\n}\n.responsive #top #wrap_all .flex_cell.av-2u5qnd-befdb6482fce5a4ebbc7856db9975c65{\npadding:40px 100px 40px 100px !important;\n}\n<\/style>\n<div class='flex_cell av-2u5qnd-befdb6482fce5a4ebbc7856db9975c65 av-gridrow-cell av_one_half no_margin  avia-builder-el-3  el_after_av_cell_one_half  avia-builder-el-last  content-align-middle'  ><div class='flex_cell_inner'><p>\n<style type=\"text\/css\" data-created_by=\"avia_inline_auto\" id=\"style-css-av-av_font_icon-0569ac70edd940895a8134b11979b506\">\n.av_font_icon.av-av_font_icon-0569ac70edd940895a8134b11979b506{\ncolor:#009fe3;\nborder-color:#009fe3;\n}\n.avia-svg-icon.av-av_font_icon-0569ac70edd940895a8134b11979b506 svg:first-child{\nstroke:#009fe3;\nfill:#009fe3;\n}\n.av_font_icon.av-av_font_icon-0569ac70edd940895a8134b11979b506 .av-icon-char{\nfont-size:40px;\nline-height:40px;\n}\n<\/style>\n<span  class='av_font_icon av-av_font_icon-0569ac70edd940895a8134b11979b506 avia_animate_when_visible av-icon-style- avia-icon-pos-left avia-iconfont avia-font-entypo-fontello avia-icon-animate'><span class='av-icon-char' data-av_icon='\ue87f' data-av_iconfont='entypo-fontello' aria-hidden=\"true\" ><\/span><\/span><br \/>\n\n<style type=\"text\/css\" data-created_by=\"avia_inline_auto\" id=\"style-css-av-l8wvbzec-f7f961d96b54a43a1444c3b79ac4b935\">\n#top .av_textblock_section.av-l8wvbzec-f7f961d96b54a43a1444c3b79ac4b935 .avia_textblock{\nfont-size:19px;\n}\n<\/style>\n<section  class='av_textblock_section av-l8wvbzec-f7f961d96b54a43a1444c3b79ac4b935'  ><div class='avia_textblock' ><p>Informez-vous sur les \u00e9v\u00e9nements \u00e0 venir de Swissavant ainsi que sur les dates importantes de la branche suisse de la quincaillerie, de l'outillage, des ferrements et des articles m\u00e9nagers.<\/p>\n<\/div><\/section><\/p>\n<\/div><\/div><\/div><div id='av_section_1'  class='avia-section av-27p1zt-9c6fcb168250464a7dffdb59a0bcbfc3 main_color avia-section-huge avia-no-border-styling  avia-builder-el-6  el_after_av_layout_row  avia-builder-el-last  avia-bg-style-scroll container_wrap fullsize'  ><div class='container av-section-cont-open' ><div class='template-page content  av-content-full alpha units'><div class='post-entry post-entry-type-page post-entry-8649'><div class='entry-content-wrapper clearfix'>\n<p>Veuillez installer le <a href='https:\/\/wordpress.org\/plugins\/the-events-calendar\/'>Le calendrier des \u00e9v\u00e9nements<\/a> ou <a href='https:\/\/theeventscalendar.pxf.io\/pro'>The Events Calendar Pro<\/a> Plugin pour afficher une liste des \u00e9v\u00e9nements \u00e0 venir<\/p><br \/>\n<\/p>","protected":false},"excerpt":{"rendered":"","protected":false},"author":12,"featured_media":0,"parent":0,"menu_order":2,"comment_status":"closed","ping_status":"closed","template":"","meta":{"_acf_changed":false,"_monsterinsights_skip_tracking":false,"_monsterinsights_sitenote_active":false,"_monsterinsights_sitenote_note":"","_monsterinsights_sitenote_category":0,"footnotes":""},"folder":[],"class_list":["post-8649","page","type-page","status-publish","hentry"],"acf":[],"yoast_head":"<!-- This site is optimized with the Yoast SEO plugin v26.8 - https:\/\/yoast.com\/product\/yoast-seo-wordpress\/ -->\n<title>Events von Swissavant - wichtige Termine und Veranstaltungen<\/title>\n<meta name=\"description\" content=\"Informieren Sie sich \u00fcber kommende Events von Swissavant sowie \u00fcber wichtige Termine der Schweizer Eisenwaren-, Werkzeug-, Beschl\u00e4ge- und Haushaltartikelbranche.\" \/>\n<meta name=\"robots\" content=\"index, follow, max-snippet:-1, max-image-preview:large, max-video-preview:-1\" \/>\n<link rel=\"canonical\" href=\"https:\/\/swissavant.ch\/fr\/veranstaltungen2__trashed\/evenements\/\" \/>\n<meta property=\"og:locale\" content=\"fr_FR\" \/>\n<meta property=\"og:type\" content=\"article\" \/>\n<meta property=\"og:title\" content=\"Events von Swissavant - wichtige Termine und Veranstaltungen\" \/>\n<meta property=\"og:description\" content=\"Informieren Sie sich \u00fcber kommende Events von Swissavant sowie \u00fcber wichtige Termine der Schweizer Eisenwaren-, Werkzeug-, Beschl\u00e4ge- und Haushaltartikelbranche.\" \/>\n<meta property=\"og:url\" content=\"https:\/\/swissavant.ch\/fr\/veranstaltungen2__trashed\/evenements\/\" \/>\n<meta property=\"og:site_name\" content=\"Swissavant\" \/>\n<meta property=\"article:modified_time\" content=\"2023-04-11T12:59:28+00:00\" \/>\n<meta name=\"twitter:label1\" content=\"Dur\u00e9e de lecture estim\u00e9e\" \/>\n\t<meta name=\"twitter:data1\" content=\"2 minutes\" \/>\n<script type=\"application\/ld+json\" class=\"yoast-schema-graph\">{\"@context\":\"https:\/\/schema.org\",\"@graph\":[{\"@type\":\"WebPage\",\"@id\":\"https:\/\/swissavant.ch\/veranstaltungen2__trashed\/events\/\",\"url\":\"https:\/\/swissavant.ch\/veranstaltungen2__trashed\/events\/\",\"name\":\"Events von Swissavant - wichtige Termine und Veranstaltungen\",\"isPartOf\":{\"@id\":\"https:\/\/swissavant.ch\/#website\"},\"datePublished\":\"2022-10-06T09:39:09+00:00\",\"dateModified\":\"2023-04-11T12:59:28+00:00\",\"description\":\"Informieren Sie sich \u00fcber kommende Events von Swissavant sowie \u00fcber wichtige Termine der Schweizer Eisenwaren-, Werkzeug-, Beschl\u00e4ge- und Haushaltartikelbranche.\",\"breadcrumb\":{\"@id\":\"https:\/\/swissavant.ch\/veranstaltungen2__trashed\/events\/#breadcrumb\"},\"inLanguage\":\"fr-FR\",\"potentialAction\":[{\"@type\":\"ReadAction\",\"target\":[\"https:\/\/swissavant.ch\/veranstaltungen2__trashed\/events\/\"]}]},{\"@type\":\"BreadcrumbList\",\"@id\":\"https:\/\/swissavant.ch\/veranstaltungen2__trashed\/events\/#breadcrumb\",\"itemListElement\":[{\"@type\":\"ListItem\",\"position\":1,\"name\":\"Home\",\"item\":\"https:\/\/swissavant.ch\/home\/\"},{\"@type\":\"ListItem\",\"position\":2,\"name\":\"Events\"}]},{\"@type\":\"WebSite\",\"@id\":\"https:\/\/swissavant.ch\/#website\",\"url\":\"https:\/\/swissavant.ch\/\",\"name\":\"Swissavant\",\"description\":\"Swissavant\",\"potentialAction\":[{\"@type\":\"SearchAction\",\"target\":{\"@type\":\"EntryPoint\",\"urlTemplate\":\"https:\/\/swissavant.ch\/?s={search_term_string}\"},\"query-input\":{\"@type\":\"PropertyValueSpecification\",\"valueRequired\":true,\"valueName\":\"search_term_string\"}}],\"inLanguage\":\"fr-FR\"}]}<\/script>\n<!-- \/ Yoast SEO plugin. -->","yoast_head_json":{"title":"Ev\u00e9nements de Swissavant - dates et manifestations importantes","description":"Informez-vous sur les \u00e9v\u00e9nements \u00e0 venir de Swissavant ainsi que sur les dates importantes de la branche suisse de la quincaillerie, de l'outillage, des ferrements et des articles m\u00e9nagers.","robots":{"index":"index","follow":"follow","max-snippet":"max-snippet:-1","max-image-preview":"max-image-preview:large","max-video-preview":"max-video-preview:-1"},"canonical":"https:\/\/swissavant.ch\/fr\/veranstaltungen2__trashed\/evenements\/","og_locale":"fr_FR","og_type":"article","og_title":"Events von Swissavant - wichtige Termine und Veranstaltungen","og_description":"Informieren Sie sich \u00fcber kommende Events von Swissavant sowie \u00fcber wichtige Termine der Schweizer Eisenwaren-, Werkzeug-, Beschl\u00e4ge- und Haushaltartikelbranche.","og_url":"https:\/\/swissavant.ch\/fr\/veranstaltungen2__trashed\/evenements\/","og_site_name":"Swissavant","article_modified_time":"2023-04-11T12:59:28+00:00","twitter_misc":{"Dur\u00e9e de lecture estim\u00e9e":"2 minutes"},"schema":{"@context":"https:\/\/schema.org","@graph":[{"@type":"WebPage","@id":"https:\/\/swissavant.ch\/veranstaltungen2__trashed\/events\/","url":"https:\/\/swissavant.ch\/veranstaltungen2__trashed\/events\/","name":"Ev\u00e9nements de Swissavant - dates et manifestations importantes","isPartOf":{"@id":"https:\/\/swissavant.ch\/#website"},"datePublished":"2022-10-06T09:39:09+00:00","dateModified":"2023-04-11T12:59:28+00:00","description":"Informez-vous sur les \u00e9v\u00e9nements \u00e0 venir de Swissavant ainsi que sur les dates importantes de la branche suisse de la quincaillerie, de l'outillage, des ferrements et des articles m\u00e9nagers.","breadcrumb":{"@id":"https:\/\/swissavant.ch\/veranstaltungen2__trashed\/events\/#breadcrumb"},"inLanguage":"fr-FR","potentialAction":[{"@type":"ReadAction","target":["https:\/\/swissavant.ch\/veranstaltungen2__trashed\/events\/"]}]},{"@type":"BreadcrumbList","@id":"https:\/\/swissavant.ch\/veranstaltungen2__trashed\/events\/#breadcrumb","itemListElement":[{"@type":"ListItem","position":1,"name":"Home","item":"https:\/\/swissavant.ch\/home\/"},{"@type":"ListItem","position":2,"name":"Events"}]},{"@type":"WebSite","@id":"https:\/\/swissavant.ch\/#website","url":"https:\/\/swissavant.ch\/","name":"Swissavant","description":"Swissavant","potentialAction":[{"@type":"SearchAction","target":{"@type":"EntryPoint","urlTemplate":"https:\/\/swissavant.ch\/?s={search_term_string}"},"query-input":{"@type":"PropertyValueSpecification","valueRequired":true,"valueName":"search_term_string"}}],"inLanguage":"fr-FR"}]}},"_links":{"self":[{"href":"https:\/\/swissavant.ch\/fr\/wp-json\/wp\/v2\/pages\/8649","targetHints":{"allow":["GET"]}}],"collection":[{"href":"https:\/\/swissavant.ch\/fr\/wp-json\/wp\/v2\/pages"}],"about":[{"href":"https:\/\/swissavant.ch\/fr\/wp-json\/wp\/v2\/types\/page"}],"author":[{"embeddable":true,"href":"https:\/\/swissavant.ch\/fr\/wp-json\/wp\/v2\/users\/12"}],"replies":[{"embeddable":true,"href":"https:\/\/swissavant.ch\/fr\/wp-json\/wp\/v2\/comments?post=8649"}],"version-history":[{"count":4,"href":"https:\/\/swissavant.ch\/fr\/wp-json\/wp\/v2\/pages\/8649\/revisions"}],"predecessor-version":[{"id":8654,"href":"https:\/\/swissavant.ch\/fr\/wp-json\/wp\/v2\/pages\/8649\/revisions\/8654"}],"wp:attachment":[{"href":"https:\/\/swissavant.ch\/fr\/wp-json\/wp\/v2\/media?parent=8649"}],"wp:term":[{"taxonomy":"folder","embeddable":true,"href":"https:\/\/swissavant.ch\/fr\/wp-json\/wp\/v2\/folder?post=8649"}],"curies":[{"name":"wp","href":"https:\/\/api.w.org\/{rel}","templated":true}]}}