{"id":9240,"date":"2022-10-09T14:18:42","date_gmt":"2022-10-09T12:18:42","guid":{"rendered":"https:\/\/swissavant.aretiswebseiten.ch\/?page_id=9240"},"modified":"2026-02-18T10:59:45","modified_gmt":"2026-02-18T09:59:45","slug":"inscription-formation-de-base","status":"publish","type":"page","link":"https:\/\/swissavant.ch\/fr\/reseau\/ekas\/formations-kopas\/inscription-formation-de-base\/","title":{"rendered":"Formation de base"},"content":{"rendered":"<div  class='avia-buttonrow-wrap av-57h63c-8fcfb2eb79aa3b55f347c515a1edbc42 avia-buttonrow-left  avia-builder-el-0  el_before_av_one_full  avia-builder-el-first'>\n\n<style type=\"text\/css\" data-created_by=\"avia_inline_auto\" id=\"style-css-av-2xvhx4-e21e01e0d26d7a7511a316d465e9ccca\">\n#top #wrap_all .avia-button.av-2xvhx4-e21e01e0d26d7a7511a316d465e9ccca{\nmargin-bottom:10px;\nmargin-right:10px;\n}\n<\/style>\n<a href='https:\/\/swissavant.ch\/fr\/reseau\/ekas\/formations-kopas\/'  class='avia-button av-2xvhx4-e21e01e0d26d7a7511a316d465e9ccca avia-icon_select-yes-left-icon avia-size-medium avia-color-theme-color'   aria-label=\"retour\"><span class='avia_button_icon avia_button_icon_left avia-iconfont avia-font-entypo-fontello' data-av_icon='\ue874' data-av_iconfont='entypo-fontello' ><\/span><span class='avia_iconbox_title' >retour<\/span><\/a>\n<\/div>\n<div class='flex_column_table av-skqvl4-9ddcc55bdf97daa7e1b766b1fde29c9d sc-av_one_full av-equal-height-column-flextable'>\n<style type=\"text\/css\" data-created_by=\"avia_inline_auto\" id=\"style-css-av-skqvl4-9ddcc55bdf97daa7e1b766b1fde29c9d\">\n#top .flex_column_table.av-equal-height-column-flextable.av-skqvl4-9ddcc55bdf97daa7e1b766b1fde29c9d{\nmargin-top:30px;\nmargin-bottom:0px;\n}\n<\/style>\n<div  id=\"basis\"  class='flex_column av-skqvl4-9ddcc55bdf97daa7e1b766b1fde29c9d av_one_full  avia-builder-el-1  el_after_av_buttonrow  el_before_av_one_full  first flex_column_table_cell av-equal-height-column av-align-top'     ><p>\n<style type=\"text\/css\" data-created_by=\"avia_inline_auto\" id=\"style-css-av-2q1nbc-94d1c525791b6dd4e4e3e226a2bf8d52\">\n#top .av-special-heading.av-2q1nbc-94d1c525791b6dd4e4e3e226a2bf8d52{\npadding-bottom:10px;\n}\nbody .av-special-heading.av-2q1nbc-94d1c525791b6dd4e4e3e226a2bf8d52 .av-special-heading-tag .heading-char{\nfont-size:25px;\n}\n.av-special-heading.av-2q1nbc-94d1c525791b6dd4e4e3e226a2bf8d52 .av-subheading{\nfont-size:15px;\n}\n<\/style>\n<div  class='av-special-heading av-2q1nbc-94d1c525791b6dd4e4e3e226a2bf8d52 av-special-heading-h3 blockquote modern-quote  avia-builder-el-2  el_before_av_textblock  avia-builder-el-first'><h3 class='av-special-heading-tag'  >Cours de base<\/h3><div class=\"special-heading-border\"><div class=\"special-heading-inner-border\"><\/div><\/div><\/div><br \/>\n<section  class='av_textblock_section av-p2t1zs-48e26dc3d3ce7dbf5ff61c53e052022c'  ><div class='avia_textblock' ><p>Chaque entreprise soumise aux directives de la CFST doit d\u00e9signer un charg\u00e9 de s\u00e9curit\u00e9. La participation \u00e0 la journ\u00e9e de formation d'une journ\u00e9e (cours de base) est obligatoire de par la loi et permettra aux PERCO de mettre en \u0153uvre le dispositif de s\u00e9curit\u00e9 sp\u00e9cifique \u00e0 la branche afin d'\u00e9viter les accidents professionnels et d'am\u00e9liorer la protection de la sant\u00e9 au travail.<\/p>\n<\/div><\/section><\/p><\/div><\/div><!--close column table wrapper. Autoclose: 1 -->\n<div class='flex_column_table av-5fiy6w-b2639c8577c913f8a48a6ca03c5279ce sc-av_one_full av-equal-height-column-flextable'>\n<style type=\"text\/css\" data-created_by=\"avia_inline_auto\" id=\"style-css-av-5fiy6w-b2639c8577c913f8a48a6ca03c5279ce\">\n#top .flex_column_table.av-equal-height-column-flextable.av-5fiy6w-b2639c8577c913f8a48a6ca03c5279ce{\nmargin-top:30px;\nmargin-bottom:0px;\n}\n<\/style>\n<div  id=\"basis\"  class='flex_column av-5fiy6w-b2639c8577c913f8a48a6ca03c5279ce av_one_full  avia-builder-el-4  el_after_av_one_full  el_before_av_textblock  first flex_column_table_cell av-equal-height-column av-align-top  column-top-margin'     ><p>\n<style type=\"text\/css\" data-created_by=\"avia_inline_auto\" id=\"style-css-av-4qg66w-b02a8e6a5c88e61303516346fb4e5a46\">\n#top .av-special-heading.av-4qg66w-b02a8e6a5c88e61303516346fb4e5a46{\npadding-bottom:10px;\n}\nbody .av-special-heading.av-4qg66w-b02a8e6a5c88e61303516346fb4e5a46 .av-special-heading-tag .heading-char{\nfont-size:25px;\n}\n.av-special-heading.av-4qg66w-b02a8e6a5c88e61303516346fb4e5a46 .av-subheading{\nfont-size:15px;\n}\n<\/style>\n<div  class='av-special-heading av-4qg66w-b02a8e6a5c88e61303516346fb4e5a46 av-special-heading-h4 blockquote modern-quote  avia-builder-el-5  el_before_av_iconlist  avia-builder-el-first'><h4 class='av-special-heading-tag'  >Cours pour les nouveaux PERCO<\/h4><div class=\"special-heading-border\"><div class=\"special-heading-inner-border\"><\/div><\/div><\/div><br \/>\n<div  class='avia-icon-list-container av-mi78btu2-20a3bd8698363c7a5fcdcd575b1d5fd1  avia-builder-el-6  el_after_av_heading  avia-builder-el-last'><ul class='avia-icon-list avia_animate_when_almost_visible avia-icon-list-left av-iconlist-big av-mi78btu2-20a3bd8698363c7a5fcdcd575b1d5fd1 avia-iconlist-animate'>\n<li><div class='iconlist_icon av-mi78712v-bc55d61182e5827d4f1bb9e20b2f32fa avia-font-entypo-fontello avia-iconfont avia-font-entypo-fontello'><span class='av-icon-char' data-av_icon='\ue85b' data-av_iconfont='entypo-fontello' aria-hidden=\"true\"><\/span><\/div><article class=\"article-icon-entry\" ><div class=\"iconlist_content_wrap\"><header class=\"entry-content-header\" aria-label=\"Ic\u00f4ne : dates\"><h4 class='av_iconlist_title iconlist_title' >Donn\u00e9es<\/h4><\/header><div class='iconlist_content' ><p>Les jours suivants sont fix\u00e9s en 2026 pour la journ\u00e9e de formation de charg\u00e9 de s\u00e9curit\u00e9 en entreprise (formation de base) organis\u00e9e par Swissavant:<br \/>\n<strong>Mardi 14.04.2026 (Wallisellen - DE), env. 09h00 - 17h00<br \/>\n<\/strong><strong><del>Jeudi 07.05.2026 (Renens - FR), env. 09.00 - 17.00 heures<\/del> <span style=\"color: #ff0000;\">\u00a0complet<\/span><\/strong><\/p>\n<\/div><\/div><footer class=\"entry-footer\"><\/footer><\/article><div class=\"iconlist-timeline\"><\/div><\/li>\n<li><div class='iconlist_icon av-mi787avp-64bc52bbb01cec2d36635a3fdb4b794d avia-font-entypo-fontello avia-iconfont avia-font-entypo-fontello'><span class='av-icon-char' data-av_icon='\ue859' data-av_iconfont='entypo-fontello' aria-hidden=\"true\"><\/span><\/div><article class=\"article-icon-entry\" ><div class=\"iconlist_content_wrap\"><header class=\"entry-content-header\" aria-label=\"Ic\u00f4ne : Co\u00fbt\"><h4 class='av_iconlist_title iconlist_title' >Co\u00fbts<\/h4><\/header><div class='iconlist_content' ><p>Les frais de cours s'\u00e9l\u00e8vent \u00e0 495 CHF (hors TVA). Ils comprennent \u00e9galement la documentation du cours (manuel), le repas de midi et les boissons rafra\u00eechissantes.<br \/>\nLe cours de base pour PERCO est exclusivement r\u00e9serv\u00e9 aux membres de la solution de branche MSST n\u00b0 63.<\/p>\n<\/div><\/div><footer class=\"entry-footer\"><\/footer><\/article><div class=\"iconlist-timeline\"><\/div><\/li>\n<li><div class='iconlist_icon av-mi788cjy-eb12e5c028d617bfacc993db096db78b avia-font-entypo-fontello avia-iconfont avia-font-entypo-fontello'><span class='av-icon-char' data-av_icon='\ue83f' data-av_iconfont='entypo-fontello' aria-hidden=\"true\"><\/span><\/div><article class=\"article-icon-entry\" ><div class=\"iconlist_content_wrap\"><header class=\"entry-content-header\" aria-label=\"Ic\u00f4ne : date limite d&#039;inscription\"><h4 class='av_iconlist_title iconlist_title' >D\u00e9lai d'inscription<\/h4><\/header><div class='iconlist_content' ><p>Nous vous prions de vous inscrire jusqu'au <strong>au plus tard le 31 janvier 2026.<\/strong><\/p>\n<\/div><\/div><footer class=\"entry-footer\"><\/footer><\/article><div class=\"iconlist-timeline\"><\/div><\/li>\n<li><div class='iconlist_icon av-mi788k3v-14f44ae4295d46374777cac3c64b4b11 avia-font-entypo-fontello avia-iconfont avia-font-entypo-fontello'><span class='av-icon-char' data-av_icon='\ue80b' data-av_iconfont='entypo-fontello' aria-hidden=\"true\"><\/span><\/div><article class=\"article-icon-entry\" ><div class=\"iconlist_content_wrap\"><header class=\"entry-content-header\" aria-label=\"Ic\u00f4ne : nombre de participants\"><h4 class='av_iconlist_title iconlist_title' >Nombre de participants<\/h4><\/header><div class='iconlist_content' ><p>Nombre minimal de participants: 10 personnes.<\/p>\n<\/div><\/div><footer class=\"entry-footer\"><\/footer><\/article><div class=\"iconlist-timeline\"><\/div><\/li>\n<li><div class='iconlist_icon av-mi788vl7-cc26c5c6ecad9162f1a1955724462e00 avia-font-entypo-fontello avia-iconfont avia-font-entypo-fontello'><span class='av-icon-char' data-av_icon='\ue836' data-av_iconfont='entypo-fontello' aria-hidden=\"true\"><\/span><\/div><article class=\"article-icon-entry\" ><div class=\"iconlist_content_wrap\"><header class=\"entry-content-header\" aria-label=\"Ic\u00f4ne : inscriptions\"><h4 class='av_iconlist_title iconlist_title' >Inscriptions<\/h4><\/header><div class='iconlist_content' ><p>Les inscriptions sont accept\u00e9es directement via le formulaire en ligne ci-dessous et seront prises en compte dans l'ordre d'arriv\u00e9e.<\/p>\n<p>Nous vous prions de vous inscrire jusqu'au <strong>au plus tard le 31 janvier 2026.<\/strong><\/p>\n<\/div><\/div><footer class=\"entry-footer\"><\/footer><\/article><div class=\"iconlist-timeline\"><\/div><\/li>\n<\/ul><\/div><\/p><\/div><\/div><!--close column table wrapper. Autoclose: 1 --><section  class='av_textblock_section av-2ofzp4-ff31cfe523e62e2de7d967c8f126ec9f'  ><div class='avia_textblock' >\n<div class=\"wpcf7 no-js\" id=\"wpcf7-f6074-o1\" lang=\"de-DE\" dir=\"ltr\" data-wpcf7-id=\"6074\">\n<div class=\"screen-reader-response\"><p role=\"status\" aria-live=\"polite\" aria-atomic=\"true\"><\/p> <ul><\/ul><\/div>\n<form action=\"\/fr\/wp-json\/wp\/v2\/pages\/9240#wpcf7-f6074-o1\" method=\"post\" class=\"wpcf7-form init\" aria-label=\"Formulaire de contact\" novalidate=\"novalidate\" data-status=\"init\" data-trp-original-action=\"\/fr\/wp-json\/wp\/v2\/pages\/9240#wpcf7-f6074-o1\">\n<fieldset class=\"hidden-fields-container\"><input type=\"hidden\" name=\"_wpcf7\" value=\"6074\" \/><input type=\"hidden\" name=\"_wpcf7_version\" value=\"6.1.4\" \/><input type=\"hidden\" name=\"_wpcf7_locale\" value=\"de_DE_formal\" \/><input type=\"hidden\" name=\"_wpcf7_unit_tag\" value=\"wpcf7-f6074-o1\" \/><input type=\"hidden\" name=\"_wpcf7_container_post\" value=\"0\" \/><input type=\"hidden\" name=\"_wpcf7_posted_data_hash\" value=\"\" \/>\n<\/fieldset>\n<fieldset>\n\t<legend>Date:\n\t<\/legend>\n\t<p><span class=\"wpcf7-form-control-wrap\" data-name=\"kurs\"><span class=\"wpcf7-form-control wpcf7-radio\"><span class=\"wpcf7-list-item first last\"><label><input type=\"radio\" name=\"kurs\" value=\"14. April 2026, Wallisellen (deutsch)\" checked=\"checked\" \/><span class=\"wpcf7-list-item-label\">14 avril 2026, Wallisellen (allemand)<\/span><\/label><\/span><\/span><\/span>\n\t<\/p>\n\t<legend>Donn\u00e9es personnelles\n\t<\/legend>\n\t<p><label for='company'><b>Entreprise<\/b><\/label><span class=\"wpcf7-form-control-wrap\" data-name=\"company\"><input size=\"40\" maxlength=\"400\" class=\"wpcf7-form-control wpcf7-text\" aria-invalid=\"false\" value=\"\" type=\"text\" name=\"company\" \/><\/span><br \/>\n<label for='sex' class='required'>Titre de civilit\u00e9<\/label><span class=\"wpcf7-form-control-wrap\" data-name=\"sex\"><select class=\"wpcf7-form-control wpcf7-select\" aria-invalid=\"false\" name=\"sex\"><option value=\"Herr\">Monsieur<\/option><option value=\"Frau\">Mme<\/option><\/select><\/span><label for='firstname' class='required'>Pr\u00e9nom<\/label><span class=\"wpcf7-form-control-wrap\" data-name=\"firstname\"><input size=\"40\" maxlength=\"400\" class=\"wpcf7-form-control wpcf7-text wpcf7-validates-as-required\" aria-required=\"true\" aria-invalid=\"false\" value=\"\" type=\"text\" name=\"firstname\" \/><\/span><br \/>\n<label for='lastname' class='required'>Nom<\/label><span class=\"wpcf7-form-control-wrap\" data-name=\"lastname\"><input size=\"40\" maxlength=\"400\" class=\"wpcf7-form-control wpcf7-text wpcf7-validates-as-required\" aria-required=\"true\" aria-invalid=\"false\" value=\"\" type=\"text\" name=\"lastname\" \/><\/span><br \/>\n<label for='street' class='required'>Rue, no<\/label><span class=\"wpcf7-form-control-wrap\" data-name=\"street\"><input size=\"40\" maxlength=\"400\" class=\"wpcf7-form-control wpcf7-text wpcf7-validates-as-required\" aria-required=\"true\" aria-invalid=\"false\" value=\"\" type=\"text\" name=\"street\" \/><\/span><br \/>\n<label for='zip' class='required'>NPA<\/label><span class=\"wpcf7-form-control-wrap\" data-name=\"zip\"><input size=\"40\" maxlength=\"400\" class=\"wpcf7-form-control wpcf7-text wpcf7-validates-as-required\" aria-required=\"true\" aria-invalid=\"false\" value=\"\" type=\"text\" name=\"zip\" \/><\/span><br \/>\n<label for='city' class='required'>Lieu:<\/label><span class=\"wpcf7-form-control-wrap\" data-name=\"city\"><input size=\"40\" maxlength=\"400\" class=\"wpcf7-form-control wpcf7-text wpcf7-validates-as-required\" aria-required=\"true\" aria-invalid=\"false\" value=\"\" type=\"text\" name=\"city\" \/><\/span><br \/>\n<label for='email' class='required'>E-Mail<\/label><span class=\"wpcf7-form-control-wrap\" data-name=\"email\"><input size=\"40\" maxlength=\"400\" class=\"wpcf7-form-control wpcf7-email wpcf7-validates-as-required wpcf7-text wpcf7-validates-as-email\" aria-required=\"true\" aria-invalid=\"false\" value=\"\" type=\"email\" name=\"email\" \/><\/span><br \/>\n<label for='emailrechnung' class='required'>E-mail pour e-facture (p. ex. comptabilit\u00e9)<\/label><span class=\"wpcf7-form-control-wrap\" data-name=\"emailrechnung\"><input size=\"40\" maxlength=\"400\" class=\"wpcf7-form-control wpcf7-email wpcf7-validates-as-required wpcf7-text wpcf7-validates-as-email\" aria-required=\"true\" aria-invalid=\"false\" value=\"\" type=\"email\" name=\"emailrechnung\" \/><\/span><br \/>\n<label class='required'>L'entreprise est membre de<\/label><span class=\"wpcf7-form-control-wrap\" data-name=\"mitglied\"><select class=\"wpcf7-form-control wpcf7-select wpcf7-validates-as-required\" id=\"mitglied\" aria-required=\"true\" aria-invalid=\"false\" name=\"mitglied\"><option value=\"Swissavant (Haushalt, Eisenwaren, Farben)\">Swissavant (m\u00e9nage, quincaillerie, peintures)<\/option><option value=\"EIT.swiss (Elektrofach)\">EIT.swiss (branche \u00e9lectrique)<\/option><option value=\"Nichtmitglied\">Non-membre<\/option><\/select><\/span><br \/>\n<label>Remarques<\/label><span class=\"wpcf7-form-control-wrap\" data-name=\"bemerkungen\"><textarea cols=\"40\" rows=\"3\" maxlength=\"2000\" class=\"wpcf7-form-control wpcf7-textarea\" aria-invalid=\"false\" name=\"bemerkungen\"><\/textarea><\/span>\n\t<\/p>\n<\/fieldset>\n<p><button type=\"submit\" class=\"wpcf7-form-control wpcf7-submit button btn\">S'inscrire <span class='fa fa-chevron-right'><\/span><\/button><br \/>\n<div class=\"cf7-cf-turnstile\" style=\"margin-top: 0px; margin-bottom: -15px;\"> <div id=\"cf-turnstile-cf7-1266836498\" class=\"cf-turnstile\" data-sitekey=\"0x4AAAAAAAOof6RYA3-7U95q\" data-theme=\"light\" data-language=\"auto\" data-size=\"\" data-retry=\"auto\" data-retry-interval=\"1000\" data-refresh-expired=\"auto\" data-refresh-timeout=\"auto\" data-action=\"contact-form-7\" data-callback=\"turnstileCF7Callback\" data-appearance=\"always\"><\/div> <script>document.addEventListener(\"DOMContentLoaded\", function() { setTimeout(function(){ var e=document.getElementById(\"cf-turnstile-cf7-1266836498\"); if(e&&!e.innerHTML.trim()){turnstile.render(e, {sitekey:\"0x4AAAAAAAOof6RYA3-7U95q\"});} }, 200); });<\/script> <br class=\"cf-turnstile-br cf-turnstile-br-cf7-1266836498\"> <style>#cf-turnstile-cf7-1266836498 { margin-left: -15px; }<\/style> <script>document.addEventListener(\"DOMContentLoaded\",function(){document.querySelectorAll('.wpcf7-form').forEach(function(e){e.addEventListener('submit',function(){if(document.getElementById('cf-turnstile-cf7-1266836498')){setTimeout(function(){turnstile.reset('#cf-turnstile-cf7-1266836498');},1000)}})})});<\/script> <\/div>\n<\/p>\n<p><script>\ndocument.addEventListener( 'wpcf7mailsent', function( event ) {\n location = 'https:\/\/swissavant.ch\/danke-anmeldung\/';\n}, false );\n<\/script>\n<\/p><div class=\"wpcf7-response-output\" aria-hidden=\"true\"><\/div>\n<input type=\"hidden\" name=\"trp-form-language\" value=\"fr\"\/><\/form>\n<\/div>\n\n<p><em>L'inscription donne \u00e0 l'organisateur l'autorisation de prendre des photos et des films pendant la manifestation et d'utiliser ces prises de vue en rapport avec la manifestation pour les relations publiques et la documentation, sous forme analogique et num\u00e9rique.<\/em><\/p>\n<p><em>Par ailleurs, nous vous informons que les donn\u00e9es demand\u00e9es lors de l'inscription seront utilis\u00e9es exclusivement pour l'organisation et la r\u00e9alisation de l'\u00e9v\u00e9nement annonc\u00e9. Elles ne seront pas transmises \u00e0 des tiers (sans lien avec le cours).<\/em><\/p>\n<\/div><\/section><\/p>","protected":false},"excerpt":{"rendered":"","protected":false},"author":12,"featured_media":0,"parent":6316,"menu_order":1,"comment_status":"closed","ping_status":"closed","template":"","meta":{"_acf_changed":false,"_monsterinsights_skip_tracking":false,"_monsterinsights_sitenote_active":false,"_monsterinsights_sitenote_note":"","_monsterinsights_sitenote_category":0,"footnotes":""},"folder":[],"class_list":["post-9240","page","type-page","status-publish","hentry"],"acf":[],"yoast_head":"<!-- This site is optimized with the Yoast SEO plugin v26.8 - https:\/\/yoast.com\/product\/yoast-seo-wordpress\/ -->\n<title>Termine Basiskurs f\u00fcr KOPAS - ganzt\u00e4giger Ausbildungstag<\/title>\n<meta name=\"description\" content=\"Der Besuch des ganzt\u00e4gigen Ausbildungstages (Basiskurs) ist von Gesetzes wegen f\u00fcr KOPAS obligatorisch und dient der Vermeidung von Betriebsunf\u00e4llen.\" \/>\n<meta name=\"robots\" content=\"index, follow, max-snippet:-1, max-image-preview:large, max-video-preview:-1\" \/>\n<link rel=\"canonical\" href=\"https:\/\/swissavant.ch\/fr\/reseau\/ekas\/formations-kopas\/inscription-formation-de-base\/\" \/>\n<meta property=\"og:locale\" content=\"fr_FR\" \/>\n<meta property=\"og:type\" content=\"article\" \/>\n<meta property=\"og:title\" content=\"Termine Basiskurs f\u00fcr KOPAS - ganzt\u00e4giger Ausbildungstag\" \/>\n<meta property=\"og:description\" content=\"Der Besuch des ganzt\u00e4gigen Ausbildungstages (Basiskurs) ist von Gesetzes wegen f\u00fcr KOPAS obligatorisch und dient der Vermeidung von Betriebsunf\u00e4llen.\" \/>\n<meta property=\"og:url\" content=\"https:\/\/swissavant.ch\/fr\/reseau\/ekas\/formations-kopas\/inscription-formation-de-base\/\" \/>\n<meta property=\"og:site_name\" content=\"Swissavant\" \/>\n<meta property=\"article:modified_time\" content=\"2026-02-18T09:59:45+00:00\" \/>\n<script type=\"application\/ld+json\" class=\"yoast-schema-graph\">{\"@context\":\"https:\/\/schema.org\",\"@graph\":[{\"@type\":\"WebPage\",\"@id\":\"https:\/\/swissavant.ch\/netzwerk\/ekas\/ausbildungen-kopas\/anmeldung-basisausbildung\/\",\"url\":\"https:\/\/swissavant.ch\/netzwerk\/ekas\/ausbildungen-kopas\/anmeldung-basisausbildung\/\",\"name\":\"Termine Basiskurs f\u00fcr KOPAS - ganzt\u00e4giger Ausbildungstag\",\"isPartOf\":{\"@id\":\"https:\/\/swissavant.ch\/#website\"},\"datePublished\":\"2022-10-09T12:18:42+00:00\",\"dateModified\":\"2026-02-18T09:59:45+00:00\",\"description\":\"Der Besuch des ganzt\u00e4gigen Ausbildungstages (Basiskurs) ist von Gesetzes wegen f\u00fcr KOPAS obligatorisch und dient der Vermeidung von Betriebsunf\u00e4llen.\",\"breadcrumb\":{\"@id\":\"https:\/\/swissavant.ch\/netzwerk\/ekas\/ausbildungen-kopas\/anmeldung-basisausbildung\/#breadcrumb\"},\"inLanguage\":\"fr-FR\",\"potentialAction\":[{\"@type\":\"ReadAction\",\"target\":[\"https:\/\/swissavant.ch\/netzwerk\/ekas\/ausbildungen-kopas\/anmeldung-basisausbildung\/\"]}]},{\"@type\":\"BreadcrumbList\",\"@id\":\"https:\/\/swissavant.ch\/netzwerk\/ekas\/ausbildungen-kopas\/anmeldung-basisausbildung\/#breadcrumb\",\"itemListElement\":[{\"@type\":\"ListItem\",\"position\":1,\"name\":\"Home\",\"item\":\"https:\/\/swissavant.ch\/home\/\"},{\"@type\":\"ListItem\",\"position\":2,\"name\":\"Netzwerk\",\"item\":\"https:\/\/swissavant.ch\/netzwerk\/\"},{\"@type\":\"ListItem\",\"position\":3,\"name\":\"EKAS\",\"item\":\"https:\/\/swissavant.ch\/netzwerk\/ekas\/\"},{\"@type\":\"ListItem\",\"position\":4,\"name\":\"Ausbildungen f\u00fcr KOPAS\",\"item\":\"https:\/\/swissavant.ch\/netzwerk\/ekas\/ausbildungen-kopas\/\"},{\"@type\":\"ListItem\",\"position\":5,\"name\":\"Basisausbildung\"}]},{\"@type\":\"WebSite\",\"@id\":\"https:\/\/swissavant.ch\/#website\",\"url\":\"https:\/\/swissavant.ch\/\",\"name\":\"Swissavant\",\"description\":\"Swissavant\",\"potentialAction\":[{\"@type\":\"SearchAction\",\"target\":{\"@type\":\"EntryPoint\",\"urlTemplate\":\"https:\/\/swissavant.ch\/?s={search_term_string}\"},\"query-input\":{\"@type\":\"PropertyValueSpecification\",\"valueRequired\":true,\"valueName\":\"search_term_string\"}}],\"inLanguage\":\"fr-FR\"}]}<\/script>\n<!-- \/ Yoast SEO plugin. -->","yoast_head_json":{"title":"Dates du cours de base pour KOPAS - journ\u00e9e compl\u00e8te de formation","description":"La participation \u00e0 la journ\u00e9e de formation d'une journ\u00e9e (cours de base) est obligatoire pour les COPAS en vertu de la loi et permet d'\u00e9viter les accidents professionnels.","robots":{"index":"index","follow":"follow","max-snippet":"max-snippet:-1","max-image-preview":"max-image-preview:large","max-video-preview":"max-video-preview:-1"},"canonical":"https:\/\/swissavant.ch\/fr\/reseau\/ekas\/formations-kopas\/inscription-formation-de-base\/","og_locale":"fr_FR","og_type":"article","og_title":"Termine Basiskurs f\u00fcr KOPAS - ganzt\u00e4giger Ausbildungstag","og_description":"Der Besuch des ganzt\u00e4gigen Ausbildungstages (Basiskurs) ist von Gesetzes wegen f\u00fcr KOPAS obligatorisch und dient der Vermeidung von Betriebsunf\u00e4llen.","og_url":"https:\/\/swissavant.ch\/fr\/reseau\/ekas\/formations-kopas\/inscription-formation-de-base\/","og_site_name":"Swissavant","article_modified_time":"2026-02-18T09:59:45+00:00","schema":{"@context":"https:\/\/schema.org","@graph":[{"@type":"WebPage","@id":"https:\/\/swissavant.ch\/netzwerk\/ekas\/ausbildungen-kopas\/anmeldung-basisausbildung\/","url":"https:\/\/swissavant.ch\/netzwerk\/ekas\/ausbildungen-kopas\/anmeldung-basisausbildung\/","name":"Dates du cours de base pour KOPAS - journ\u00e9e compl\u00e8te de formation","isPartOf":{"@id":"https:\/\/swissavant.ch\/#website"},"datePublished":"2022-10-09T12:18:42+00:00","dateModified":"2026-02-18T09:59:45+00:00","description":"La participation \u00e0 la journ\u00e9e de formation d'une journ\u00e9e (cours de base) est obligatoire pour les COPAS en vertu de la loi et permet d'\u00e9viter les accidents professionnels.","breadcrumb":{"@id":"https:\/\/swissavant.ch\/netzwerk\/ekas\/ausbildungen-kopas\/anmeldung-basisausbildung\/#breadcrumb"},"inLanguage":"fr-FR","potentialAction":[{"@type":"ReadAction","target":["https:\/\/swissavant.ch\/netzwerk\/ekas\/ausbildungen-kopas\/anmeldung-basisausbildung\/"]}]},{"@type":"BreadcrumbList","@id":"https:\/\/swissavant.ch\/netzwerk\/ekas\/ausbildungen-kopas\/anmeldung-basisausbildung\/#breadcrumb","itemListElement":[{"@type":"ListItem","position":1,"name":"Home","item":"https:\/\/swissavant.ch\/home\/"},{"@type":"ListItem","position":2,"name":"Netzwerk","item":"https:\/\/swissavant.ch\/netzwerk\/"},{"@type":"ListItem","position":3,"name":"EKAS","item":"https:\/\/swissavant.ch\/netzwerk\/ekas\/"},{"@type":"ListItem","position":4,"name":"Ausbildungen f\u00fcr KOPAS","item":"https:\/\/swissavant.ch\/netzwerk\/ekas\/ausbildungen-kopas\/"},{"@type":"ListItem","position":5,"name":"Basisausbildung"}]},{"@type":"WebSite","@id":"https:\/\/swissavant.ch\/#website","url":"https:\/\/swissavant.ch\/","name":"Swissavant","description":"Swissavant","potentialAction":[{"@type":"SearchAction","target":{"@type":"EntryPoint","urlTemplate":"https:\/\/swissavant.ch\/?s={search_term_string}"},"query-input":{"@type":"PropertyValueSpecification","valueRequired":true,"valueName":"search_term_string"}}],"inLanguage":"fr-FR"}]}},"_links":{"self":[{"href":"https:\/\/swissavant.ch\/fr\/wp-json\/wp\/v2\/pages\/9240","targetHints":{"allow":["GET"]}}],"collection":[{"href":"https:\/\/swissavant.ch\/fr\/wp-json\/wp\/v2\/pages"}],"about":[{"href":"https:\/\/swissavant.ch\/fr\/wp-json\/wp\/v2\/types\/page"}],"author":[{"embeddable":true,"href":"https:\/\/swissavant.ch\/fr\/wp-json\/wp\/v2\/users\/12"}],"replies":[{"embeddable":true,"href":"https:\/\/swissavant.ch\/fr\/wp-json\/wp\/v2\/comments?post=9240"}],"version-history":[{"count":10,"href":"https:\/\/swissavant.ch\/fr\/wp-json\/wp\/v2\/pages\/9240\/revisions"}],"predecessor-version":[{"id":13703,"href":"https:\/\/swissavant.ch\/fr\/wp-json\/wp\/v2\/pages\/9240\/revisions\/13703"}],"up":[{"embeddable":true,"href":"https:\/\/swissavant.ch\/fr\/wp-json\/wp\/v2\/pages\/6316"}],"wp:attachment":[{"href":"https:\/\/swissavant.ch\/fr\/wp-json\/wp\/v2\/media?parent=9240"}],"wp:term":[{"taxonomy":"folder","embeddable":true,"href":"https:\/\/swissavant.ch\/fr\/wp-json\/wp\/v2\/folder?post=9240"}],"curies":[{"name":"wp","href":"https:\/\/api.w.org\/{rel}","templated":true}]}}