{"id":9981,"date":"2022-11-09T13:54:28","date_gmt":"2022-11-09T12:54:28","guid":{"rendered":"https:\/\/swissavant.aretiswebseiten.ch\/netzwerk-2\/"},"modified":"2026-04-02T11:23:21","modified_gmt":"2026-04-02T09:23:21","slug":"evenements-2","status":"publish","type":"page","link":"https:\/\/swissavant.ch\/fr\/evenements-2\/","title":{"rendered":"\u00c9v\u00e9nements"},"content":{"rendered":"<div id='av-layout-grid-1'  class='av-layout-grid-container av-2aju3u8-a1f831d362b2276acbebd20747a994d7 entry-content-wrapper main_color av-flex-cells  avia-builder-el-0  el_before_av_section  avia-builder-el-first   container_wrap fullsize'  >\n\n<style type=\"text\/css\" data-created_by=\"avia_inline_auto\" id=\"style-css-av-818gls-cbf1bce318857d10b8a8396f7205f0c9\">\n.flex_cell.av-818gls-cbf1bce318857d10b8a8396f7205f0c9{\nvertical-align:middle;\nheight:400px;\nmin-height:400px;\nbackground-color:#009fe4;\n}\n.responsive #top #wrap_all .flex_cell.av-818gls-cbf1bce318857d10b8a8396f7205f0c9{\npadding:40px 60px 40px 60px !important;\n}\n<\/style>\n<div class='flex_cell av-818gls-cbf1bce318857d10b8a8396f7205f0c9 av-gridrow-cell av_one_third no_margin  avia-builder-el-1  el_before_av_cell_one_third  avia-builder-el-first  content-align-middle'  ><div class='flex_cell_inner'>\n<style type=\"text\/css\" data-created_by=\"avia_inline_auto\" id=\"style-css-av-l8vg2fz4-082eb9651e98965e1d03967f312fb0b0\">\n#top .av-special-heading.av-l8vg2fz4-082eb9651e98965e1d03967f312fb0b0{\npadding-bottom:10px;\ncolor:#ffffff;\n}\nbody .av-special-heading.av-l8vg2fz4-082eb9651e98965e1d03967f312fb0b0 .av-special-heading-tag .heading-char{\nfont-size:25px;\n}\n.av-special-heading.av-l8vg2fz4-082eb9651e98965e1d03967f312fb0b0 .special-heading-inner-border{\nborder-color:#ffffff;\n}\n.av-special-heading.av-l8vg2fz4-082eb9651e98965e1d03967f312fb0b0 .av-subheading{\nfont-size:15px;\n}\n<\/style>\n<div  class='av-special-heading av-l8vg2fz4-082eb9651e98965e1d03967f312fb0b0 av-special-heading-h2 custom-color-heading blockquote modern-quote  avia-builder-el-2  avia-builder-el-no-sibling'><h2 class='av-special-heading-tag'  >\u00c9v\u00e9nements<\/h2><div class='av_custom_color av-subheading av-subheading_below'><p>Dates et informations compl\u00e9mentaires<\/p>\n<\/div><div class=\"special-heading-border\"><div class=\"special-heading-inner-border\"><\/div><\/div><\/div>\n<\/div><\/div>\n<style type=\"text\/css\" data-created_by=\"avia_inline_auto\" id=\"style-css-av-26f78o0-45e7590821d9fbd0f0e48a1b879ddd7b\">\n.flex_cell.av-26f78o0-45e7590821d9fbd0f0e48a1b879ddd7b{\nvertical-align:middle;\nheight:400px;\nmin-height:400px;\nbackground-color:#e5e8eb;\n}\n.responsive #top #wrap_all .flex_cell.av-26f78o0-45e7590821d9fbd0f0e48a1b879ddd7b{\npadding:40px 60px 40px 60px !important;\n}\n<\/style>\n<div class='flex_cell av-26f78o0-45e7590821d9fbd0f0e48a1b879ddd7b av-gridrow-cell av_one_third no_margin  avia-builder-el-3  el_after_av_cell_one_third  el_before_av_cell_one_third  content-align-middle'  ><div class='flex_cell_inner'>\n<style type=\"text\/css\" data-created_by=\"avia_inline_auto\" id=\"style-css-av-l8vg2mqo-d726ef5cd5c589c8e687d3bd6b94e244\">\n#top .av_textblock_section.av-l8vg2mqo-d726ef5cd5c589c8e687d3bd6b94e244 .avia_textblock{\nfont-size:19px;\n}\n<\/style>\n<section  class='av_textblock_section av-l8vg2mqo-d726ef5cd5c589c8e687d3bd6b94e244'  ><div class='avia_textblock' ><p>Informez-vous sur les manifestations \u00e0 venir de Swissavant ainsi que sur les dates importantes de la branche suisse de la quincaillerie, de l'outillage, des ferrements et des articles m\u00e9nagers.<\/p>\n<\/div><\/section>\n<\/div><\/div>\n<style type=\"text\/css\" data-created_by=\"avia_inline_auto\" id=\"style-css-av-254o7qo-ac36a3cc83604330a85dc4b081453083\">\n.flex_cell.av-254o7qo-ac36a3cc83604330a85dc4b081453083{\nvertical-align:top;\nheight:400px;\nmin-height:400px;\nbackground:url(https:\/\/swissavant.ch\/mediathek\/2022\/11\/erfolgreiche-planung-714x476.jpg) 50% 50% no-repeat scroll ;\n}\n<\/style>\n<div class='flex_cell av-254o7qo-ac36a3cc83604330a85dc4b081453083 av-gridrow-cell av_one_third no_margin  avia-builder-el-5  el_after_av_cell_one_third  avia-builder-el-last  content-align-top avia-full-stretch'  ><div class='flex_cell_inner'><\/div><\/div>\n<\/div>\n<div id='av_section_1'  class='avia-section av-10x3fp9-f67fd935157aacc1a1030b858039cf6f alternate_color avia-section-huge avia-no-border-styling  avia-builder-el-6  el_after_av_layout_row  avia-builder-el-last  avia-bg-style-scroll container_wrap fullsize'  ><div class='container av-section-cont-open' ><div class='template-page content  av-content-full alpha units'><div class='post-entry post-entry-type-page post-entry-9981'><div class='entry-content-wrapper clearfix'>\n<div class='flex_column_table av-rxo4r1-e3589206424475d703821987db074f7b sc-av_one_half av-equal-height-column-flextable'>\n<style type=\"text\/css\" data-created_by=\"avia_inline_auto\" id=\"style-css-av-rxo4r1-e3589206424475d703821987db074f7b\">\n@keyframes av_boxShadowEffect_av-rxo4r1-e3589206424475d703821987db074f7b-column {\n0%   { box-shadow:  0 0 0 0 #dbdbdb; opacity: 1; }\n100% { box-shadow:  0 0 20px 0 #dbdbdb; opacity: 1; }\n}\n.flex_column.av-rxo4r1-e3589206424475d703821987db074f7b{\nwidth:48%;\nmargin-left:0;\nbox-shadow: 0 0 20px 0 #dbdbdb;\npadding:30px 30px 30px 30px;\nbackground-color:#ffffff;\n}\n#top .flex_column_table.av-equal-height-column-flextable.av-rxo4r1-e3589206424475d703821987db074f7b .av-flex-placeholder{\nwidth:4%;\n}\n<\/style>\n<div  class='flex_column av-rxo4r1-e3589206424475d703821987db074f7b av_one_half  avia-builder-el-7  el_before_av_one_half  avia-builder-el-first  first flex_column_table_cell av-equal-height-column av-align-top shadow-not-animated'     ><p>\n<style type=\"text\/css\" data-created_by=\"avia_inline_auto\" id=\"style-css-av-qdcqn1-b16deabe6ed4d537aeffb72c0070ae7b\">\n.av_font_icon.av-qdcqn1-b16deabe6ed4d537aeffb72c0070ae7b .av-icon-char{\nfont-size:40px;\nline-height:40px;\n}\n<\/style>\n<span  class='av_font_icon av-qdcqn1-b16deabe6ed4d537aeffb72c0070ae7b avia_animate_when_visible av-icon-style- avia-icon-pos-center avia-iconfont avia-font-entypo-fontello av-no-color avia-icon-animate'><span class='av-icon-char' data-av_icon='\ue860' data-av_iconfont='entypo-fontello' aria-hidden=\"true\" ><\/span><\/span><br \/>\n\n<style type=\"text\/css\" data-created_by=\"avia_inline_auto\" id=\"style-css-av-nf280d-b3b4884c9deb464c6c98f0b04c9f2ace\">\n#top .av-special-heading.av-nf280d-b3b4884c9deb464c6c98f0b04c9f2ace{\npadding-bottom:10px;\n}\nbody .av-special-heading.av-nf280d-b3b4884c9deb464c6c98f0b04c9f2ace .av-special-heading-tag .heading-char{\nfont-size:25px;\n}\n.av-special-heading.av-nf280d-b3b4884c9deb464c6c98f0b04c9f2ace .av-subheading{\nfont-size:15px;\n}\n<\/style>\n<div  class='av-special-heading av-nf280d-b3b4884c9deb464c6c98f0b04c9f2ace av-special-heading-h4  avia-builder-el-9  el_after_av_font_icon  el_before_av_textblock'><h4 class='av-special-heading-tag'  >\u00c9V\u00c9NEMENTS <\/h4><div class=\"special-heading-border\"><div class=\"special-heading-inner-border\"><\/div><\/div><\/div><br \/>\n<section  class='av_textblock_section av-lvk6zx-6331f848a0a9fad33b9ac0a93bb8d5be'  ><div class='avia_textblock' ><p>\u00c9v\u00e9nements Swissavant<\/p>\n<\/div><\/section><br \/>\n<div  class='avia-button-wrap av-ksw399-94aad11be13c18899899cd1df4ca8439-wrap avia-button-left  avia-builder-el-11  el_after_av_textblock  el_before_av_button'><a href='https:\/\/swissavant.ch\/fr\/association\/assemblee-generale\/'  class='avia-button av-ksw399-94aad11be13c18899899cd1df4ca8439 av-link-btn avia-icon_select-yes-left-icon avia-size-small avia-position-left avia-color-theme-color'  target=\"_blank\"  rel=\"noopener noreferrer\"  aria-label=\"116e Assembl\u00e9e g\u00e9n\u00e9rale 2026 - R\u00e9trospective\"><span class='avia_button_icon avia_button_icon_left avia-iconfont avia-font-entypo-fontello' data-av_icon='\ue832' data-av_iconfont='entypo-fontello' ><\/span><span class='avia_iconbox_title' >116e Assembl\u00e9e g\u00e9n\u00e9rale 2026 - R\u00e9trospective<\/span><\/a><\/div><br \/>\n<div  class='avia-button-wrap av-mk58idcp-c9e886fec33881742efa14d853209fca-wrap avia-button-left  avia-builder-el-12  el_after_av_button  avia-builder-el-last'><a href='https:\/\/polaris-stiftung.ch\/bildungstag\/veranstaltungen\/'  class='avia-button av-mk58idcp-c9e886fec33881742efa14d853209fca av-link-btn avia-icon_select-yes-left-icon avia-size-small avia-position-left avia-color-theme-color'  target=\"_blank\"  rel=\"noopener noreferrer\"  aria-label=\"7e Journ\u00e9e nationale de la formation 2026 \u00e0 Lucerne : 24 septembre 2026 \"><span class='avia_button_icon avia_button_icon_left avia-iconfont avia-font-entypo-fontello' data-av_icon='\ue832' data-av_iconfont='entypo-fontello' ><\/span><span class='avia_iconbox_title' >7e Journ\u00e9e nationale de la formation 2026 \u00e0 Lucerne : 24 septembre 2026 <\/span><\/a><\/div><\/p><\/div><div class='av-flex-placeholder'><\/div>\n<style type=\"text\/css\" data-created_by=\"avia_inline_auto\" id=\"style-css-av-ziy3f1-2cb2d5aad8136101e2cb233b22edebe0\">\n@keyframes av_boxShadowEffect_av-ziy3f1-2cb2d5aad8136101e2cb233b22edebe0-column {\n0%   { box-shadow:  0 0 0 0 #dbdbdb; opacity: 1; }\n100% { box-shadow:  0 0 20px 0 #dbdbdb; opacity: 1; }\n}\n.flex_column.av-ziy3f1-2cb2d5aad8136101e2cb233b22edebe0{\nwidth:48%;\nmargin-left:0;\nbox-shadow: 0 0 20px 0 #dbdbdb;\npadding:30px 30px 30px 30px;\nbackground-color:#ffffff;\n}\n#top .flex_column_table.av-equal-height-column-flextable.av-ziy3f1-2cb2d5aad8136101e2cb233b22edebe0 .av-flex-placeholder{\nwidth:4%;\n}\n<\/style>\n<div  class='flex_column av-ziy3f1-2cb2d5aad8136101e2cb233b22edebe0 av_one_half  avia-builder-el-13  el_after_av_one_half  el_before_av_one_full  flex_column_table_cell av-equal-height-column av-align-top shadow-not-animated'     ><p>\n<style type=\"text\/css\" data-created_by=\"avia_inline_auto\" id=\"style-css-av-xnngwt-db14d6b1885e4d919ac087af26ae3a66\">\n.av_font_icon.av-xnngwt-db14d6b1885e4d919ac087af26ae3a66 .av-icon-char{\nfont-size:40px;\nline-height:40px;\n}\n<\/style>\n<span  class='av_font_icon av-xnngwt-db14d6b1885e4d919ac087af26ae3a66 avia_animate_when_visible av-icon-style- avia-icon-pos-center avia-iconfont avia-font-entypo-fontello av-no-color avia-icon-animate'><span class='av-icon-char' data-av_icon='\ue823' data-av_iconfont='entypo-fontello' aria-hidden=\"true\" ><\/span><\/span><br \/>\n\n<style type=\"text\/css\" data-created_by=\"avia_inline_auto\" id=\"style-css-av-38uqvx-090412ab6cb9d7c805bc438ab72bc3c6\">\n#top .av-special-heading.av-38uqvx-090412ab6cb9d7c805bc438ab72bc3c6{\npadding-bottom:10px;\n}\nbody .av-special-heading.av-38uqvx-090412ab6cb9d7c805bc438ab72bc3c6 .av-special-heading-tag .heading-char{\nfont-size:25px;\n}\n.av-special-heading.av-38uqvx-090412ab6cb9d7c805bc438ab72bc3c6 .av-subheading{\nfont-size:15px;\n}\n<\/style>\n<div  class='av-special-heading av-38uqvx-090412ab6cb9d7c805bc438ab72bc3c6 av-special-heading-h4  avia-builder-el-15  el_after_av_font_icon  el_before_av_textblock'><h4 class='av-special-heading-tag'  >Cours CFST<\/h4><div class=\"special-heading-border\"><div class=\"special-heading-inner-border\"><\/div><\/div><\/div><br \/>\n<section  class='av_textblock_section av-vdasil-895b18bfa555c71676fb217cfcec3a20'  ><div class='avia_textblock' ><p>Cours de base et de formation continue COSEC<\/p>\n<\/div><\/section><br \/>\n<div  class='avia-button-wrap av-sjuqr1-403323a3af19506cdd8e8e109f1bc3b5-wrap avia-button-left  avia-builder-el-17  el_after_av_textblock  avia-builder-el-last'><a href='https:\/\/swissavant.ch\/fr\/reseau\/ekas\/formations-kopas\/'  class='avia-button av-sjuqr1-403323a3af19506cdd8e8e109f1bc3b5 av-link-btn avia-icon_select-yes-left-icon avia-size-small avia-position-left avia-color-theme-color'   aria-label=\"continuer \"><span class='avia_button_icon avia_button_icon_left avia-iconfont avia-font-entypo-fontello' data-av_icon='\ue832' data-av_iconfont='entypo-fontello' ><\/span><span class='avia_iconbox_title' >continuer <\/span><\/a><\/div><\/p><\/div><\/div><!--close column table wrapper. Autoclose: 1 --><div class='flex_column_table av-9i6ghp-d9ab0b7f54f1ac81958e4a4dd3f478be sc-av_one_full av-equal-height-column-flextable'>\n<style type=\"text\/css\" data-created_by=\"avia_inline_auto\" id=\"style-css-av-9i6ghp-d9ab0b7f54f1ac81958e4a4dd3f478be\">\n@keyframes av_boxShadowEffect_av-9i6ghp-d9ab0b7f54f1ac81958e4a4dd3f478be-column {\n0%   { box-shadow:  0 0 0 0 #dbdbdb; opacity: 1; }\n100% { box-shadow:  0 0 20px 0 #dbdbdb; opacity: 1; }\n}\n.flex_column.av-9i6ghp-d9ab0b7f54f1ac81958e4a4dd3f478be{\nwidth:100%;\nmargin-left:0;\nbox-shadow: 0 0 20px 0 #dbdbdb;\npadding:30px 30px 30px 30px;\nbackground-color:#ffffff;\n}\n#top .flex_column_table.av-equal-height-column-flextable.av-9i6ghp-d9ab0b7f54f1ac81958e4a4dd3f478be .av-flex-placeholder{\nwidth:0%;\n}\n<\/style>\n<div  class='flex_column av-9i6ghp-d9ab0b7f54f1ac81958e4a4dd3f478be av_one_full  avia-builder-el-18  el_after_av_one_half  avia-builder-el-last  first flex_column_table_cell av-equal-height-column av-align-top shadow-not-animated  column-top-margin'     ><p>\n<style type=\"text\/css\" data-created_by=\"avia_inline_auto\" id=\"style-css-av-88nnkt-4240950fa939ce5ebab5c60ecb941a0b\">\n.av_font_icon.av-88nnkt-4240950fa939ce5ebab5c60ecb941a0b .av-icon-char{\nfont-size:40px;\nline-height:40px;\n}\n<\/style>\n<span  class='av_font_icon av-88nnkt-4240950fa939ce5ebab5c60ecb941a0b avia_animate_when_visible av-icon-style- avia-icon-pos-center avia-iconfont avia-font-entypo-fontello av-no-color avia-icon-animate'><span class='av-icon-char' data-av_icon='\ue862' data-av_iconfont='entypo-fontello' aria-hidden=\"true\" ><\/span><\/span><br \/>\n\n<style type=\"text\/css\" data-created_by=\"avia_inline_auto\" id=\"style-css-av-5eoqst-34f6822ffd0bbac4ce1af8103ecc0c7b\">\n#top .av-special-heading.av-5eoqst-34f6822ffd0bbac4ce1af8103ecc0c7b{\npadding-bottom:10px;\n}\nbody .av-special-heading.av-5eoqst-34f6822ffd0bbac4ce1af8103ecc0c7b .av-special-heading-tag .heading-char{\nfont-size:25px;\n}\n.av-special-heading.av-5eoqst-34f6822ffd0bbac4ce1af8103ecc0c7b .av-subheading{\nfont-size:15px;\n}\n<\/style>\n<div  class='av-special-heading av-5eoqst-34f6822ffd0bbac4ce1af8103ecc0c7b av-special-heading-h4 blockquote modern-quote modern-centered  avia-builder-el-20  el_after_av_font_icon  el_before_av_textblock'><h4 class='av-special-heading-tag'  >DATES <\/h4><div class=\"special-heading-border\"><div class=\"special-heading-inner-border\"><\/div><\/div><\/div><br \/>\n<section  class='av_textblock_section av-4nt8jx-b95415b7bd3585d32f897f715db35f0c'  ><div class='avia_textblock' ><p style=\"text-align: center;\">Dates du comit\u00e9 de Swissavant ainsi que de la fondation de soutien polaris et de la CP Merlion:<\/p>\n<\/div><\/section><br \/>\n<div class='avia-data-table-wrap av-323htst-eea6f9df65b64901c75f122570a9666e avia_responsive_table avia-table-1'><table  class='avia-table avia-data-table avia_pricing_default  avia-builder-el-22  el_after_av_textblock  avia-builder-el-last' ><tbody><tr class='avia-heading-row'><th class=''>Date:<\/th><th class=''>Soci\u00e9t\u00e9:<\/th><th class=''>S\u00e9ance\/occasion:<\/th><th class=''>Lieu:<\/th><\/tr><tr class=''><td class=''>29 janvier 2026<\/td><td class=''>PK Merlion<\/td><td class=''>R\u00e9union du comit\u00e9 de placement du RS<\/td><td class=''>Wallisellen <\/td><\/tr><tr class=''><td class=''>09\/10 f\u00e9vrier 2026<\/td><td class=''>Swissavant<\/td><td class=''>R\u00e9union du comit\u00e9<\/td><td class=''>Berne<\/td><\/tr><tr class=''><td class=''>30 mars 2026<\/td><td class=''>Swissavant<\/td><td class=''>116e Assembl\u00e9e g\u00e9n\u00e9rale (Journ\u00e9e nationale de la branche)<\/td><td class=''>Zurich-A\u00e9roport (H\u00f4tel Radisson Blu)<\/td><\/tr><tr class=''><td class=''>21 avril 2026<\/td><td class=''>PK Merlion<\/td><td class=''>R\u00e9union du CE <\/td><td class=''>Wallisellen <\/td><\/tr><tr class=''><td class=''>29 avril 2026<\/td><td class=''>PK Merlion<\/td><td class=''>R\u00e9union du comit\u00e9 de placement du RS<\/td><td class=''>Wallisellen <\/td><\/tr><tr class=''><td class=''>9 juin 2026<\/td><td class=''>PK Merlion<\/td><td class=''>R\u00e9union du CE<\/td><td class=''>Wallisellen<\/td><\/tr><tr class=''><td class=''>20 ao\u00fbt 2026<\/td><td class=''>PK Merlion<\/td><td class=''>R\u00e9union du comit\u00e9 de placement du RS<\/td><td class=''>Wallisellen<\/td><\/tr><tr class=''><td class=''>6 et 7 septembre 2026<\/td><td class=''>Swissavant<\/td><td class=''>R\u00e9union du comit\u00e9<\/td><td class=''>ouvert<\/td><\/tr><tr class=''><td class=''>8 et 9 septembre 2026<\/td><td class=''>PK Merlion<\/td><td class=''>R\u00e9union strat\u00e9gique du CE<\/td><td class=''>Wallisellen<\/td><\/tr><tr class=''><td class=''>24 septembre 2026<\/td><td class=''>Fondation polaris<\/td><td class=''>7e Journ\u00e9e nationale de l'\u00e9ducation<\/td><td class=''>Foire de Lucerne<\/td><\/tr><tr class=''><td class=''>22 octobre 2026<\/td><td class=''>PK Merlion<\/td><td class=''>R\u00e9union du comit\u00e9 de placement du RS<\/td><td class=''>Wallisellen<\/td><\/tr><tr class=''><td class=''>17 novembre 2026<\/td><td class=''>PK Merlion<\/td><td class=''>R\u00e9union du CE<\/td><td class=''>Wallisellen <\/td><\/tr><tr class=''><td class=''>23 novembre 2026 <\/td><td class=''>Fondation polaris<\/td><td class=''>R\u00e9union du comit\u00e9<\/td><td class=''>Wallisellen <\/td><\/tr><tr class=''><td class=''>30 novembre 2026<\/td><td class=''>Swissavant<\/td><td class=''>R\u00e9union de fin d'ann\u00e9e<\/td><td class=''>ouvert<\/td><\/tr><\/tbody><\/table><\/div><style type='text\/css'>.avia-table-1 td:nth-of-type(1):before { content: 'Datum:'; } .avia-table-1 td:nth-of-type(2):before { content: 'Firma:'; } .avia-table-1 td:nth-of-type(3):before { content: 'Sitzung\/Anlass:'; } .avia-table-1 td:nth-of-type(4):before { content: 'Ort:'; } <\/style><\/p><\/div><\/div><!--close column table wrapper. Autoclose: 1 -->","protected":false},"excerpt":{"rendered":"<p>En tant qu'organisation fa\u00eeti\u00e8re politico-\u00e9conomique, Swissavant - Association \u00e9conomique Artisanat et M\u00e9nage propose diverses institutions pr\u00e9cieuses pour le collectif : la solution de branche CFST S\u00e9curit\u00e9 au travail, la fondation de soutien polaris, le prestataire central de services e-business nexMart Schweiz AG, la caisse de pension Merlion et le salon professionnel Hardware.<\/p>","protected":false},"author":13,"featured_media":0,"parent":0,"menu_order":6,"comment_status":"closed","ping_status":"closed","template":"","meta":{"_acf_changed":false,"_monsterinsights_skip_tracking":false,"_monsterinsights_sitenote_active":false,"_monsterinsights_sitenote_note":"","_monsterinsights_sitenote_category":0,"footnotes":""},"folder":[],"class_list":["post-9981","page","type-page","status-publish","hentry"],"acf":[],"yoast_head":"<!-- This site is optimized with the Yoast SEO plugin v26.8 - https:\/\/yoast.com\/product\/yoast-seo-wordpress\/ -->\n<title>Veranstaltungen - Termine und weiterf\u00fchrende Informationen<\/title>\n<meta name=\"description\" content=\"Informieren Sie sich \u00fcber Events von Swissavant sowie \u00fcber Termine der Schweizer Eisenwaren-, Werkzeug-, Beschl\u00e4ge- und Haushaltartikelbranche.\" \/>\n<meta name=\"robots\" content=\"index, follow, max-snippet:-1, max-image-preview:large, max-video-preview:-1\" \/>\n<link rel=\"canonical\" href=\"https:\/\/swissavant.ch\/fr\/evenements-2\/\" \/>\n<meta property=\"og:locale\" content=\"fr_FR\" \/>\n<meta property=\"og:type\" content=\"article\" \/>\n<meta property=\"og:title\" content=\"Veranstaltungen - Termine und weiterf\u00fchrende Informationen\" \/>\n<meta property=\"og:description\" content=\"Informieren Sie sich \u00fcber Events von Swissavant sowie \u00fcber Termine der Schweizer Eisenwaren-, Werkzeug-, Beschl\u00e4ge- und Haushaltartikelbranche.\" \/>\n<meta property=\"og:url\" content=\"https:\/\/swissavant.ch\/fr\/evenements-2\/\" \/>\n<meta property=\"og:site_name\" content=\"Swissavant\" \/>\n<meta property=\"article:modified_time\" content=\"2026-04-02T09:23:21+00:00\" \/>\n<meta name=\"twitter:label1\" content=\"Dur\u00e9e de lecture estim\u00e9e\" \/>\n\t<meta name=\"twitter:data1\" content=\"1 minute\" \/>\n<script type=\"application\/ld+json\" class=\"yoast-schema-graph\">{\"@context\":\"https:\/\/schema.org\",\"@graph\":[{\"@type\":\"WebPage\",\"@id\":\"https:\/\/swissavant.ch\/veranstaltungen\/\",\"url\":\"https:\/\/swissavant.ch\/veranstaltungen\/\",\"name\":\"Veranstaltungen - Termine und weiterf\u00fchrende Informationen\",\"isPartOf\":{\"@id\":\"https:\/\/swissavant.ch\/#website\"},\"datePublished\":\"2022-11-09T12:54:28+00:00\",\"dateModified\":\"2026-04-02T09:23:21+00:00\",\"description\":\"Informieren Sie sich \u00fcber Events von Swissavant sowie \u00fcber Termine der Schweizer Eisenwaren-, Werkzeug-, Beschl\u00e4ge- und Haushaltartikelbranche.\",\"breadcrumb\":{\"@id\":\"https:\/\/swissavant.ch\/veranstaltungen\/#breadcrumb\"},\"inLanguage\":\"fr-FR\",\"potentialAction\":[{\"@type\":\"ReadAction\",\"target\":[\"https:\/\/swissavant.ch\/veranstaltungen\/\"]}]},{\"@type\":\"BreadcrumbList\",\"@id\":\"https:\/\/swissavant.ch\/veranstaltungen\/#breadcrumb\",\"itemListElement\":[{\"@type\":\"ListItem\",\"position\":1,\"name\":\"Home\",\"item\":\"https:\/\/swissavant.ch\/home\/\"},{\"@type\":\"ListItem\",\"position\":2,\"name\":\"Veranstaltungen\"}]},{\"@type\":\"WebSite\",\"@id\":\"https:\/\/swissavant.ch\/#website\",\"url\":\"https:\/\/swissavant.ch\/\",\"name\":\"Swissavant\",\"description\":\"Swissavant\",\"potentialAction\":[{\"@type\":\"SearchAction\",\"target\":{\"@type\":\"EntryPoint\",\"urlTemplate\":\"https:\/\/swissavant.ch\/?s={search_term_string}\"},\"query-input\":{\"@type\":\"PropertyValueSpecification\",\"valueRequired\":true,\"valueName\":\"search_term_string\"}}],\"inLanguage\":\"fr-FR\"}]}<\/script>\n<!-- \/ Yoast SEO plugin. -->","yoast_head_json":{"title":"\u00c9v\u00e9nements - Dates et informations compl\u00e9mentaires","description":"Informez-vous sur les \u00e9v\u00e9nements de Swissavant ainsi que sur les rendez-vous de la branche suisse de la quincaillerie, de l'outillage, des ferrements et des articles m\u00e9nagers.","robots":{"index":"index","follow":"follow","max-snippet":"max-snippet:-1","max-image-preview":"max-image-preview:large","max-video-preview":"max-video-preview:-1"},"canonical":"https:\/\/swissavant.ch\/fr\/evenements-2\/","og_locale":"fr_FR","og_type":"article","og_title":"Veranstaltungen - Termine und weiterf\u00fchrende Informationen","og_description":"Informieren Sie sich \u00fcber Events von Swissavant sowie \u00fcber Termine der Schweizer Eisenwaren-, Werkzeug-, Beschl\u00e4ge- und Haushaltartikelbranche.","og_url":"https:\/\/swissavant.ch\/fr\/evenements-2\/","og_site_name":"Swissavant","article_modified_time":"2026-04-02T09:23:21+00:00","twitter_misc":{"Dur\u00e9e de lecture estim\u00e9e":"1 minute"},"schema":{"@context":"https:\/\/schema.org","@graph":[{"@type":"WebPage","@id":"https:\/\/swissavant.ch\/veranstaltungen\/","url":"https:\/\/swissavant.ch\/veranstaltungen\/","name":"\u00c9v\u00e9nements - Dates et informations compl\u00e9mentaires","isPartOf":{"@id":"https:\/\/swissavant.ch\/#website"},"datePublished":"2022-11-09T12:54:28+00:00","dateModified":"2026-04-02T09:23:21+00:00","description":"Informez-vous sur les \u00e9v\u00e9nements de Swissavant ainsi que sur les rendez-vous de la branche suisse de la quincaillerie, de l'outillage, des ferrements et des articles m\u00e9nagers.","breadcrumb":{"@id":"https:\/\/swissavant.ch\/veranstaltungen\/#breadcrumb"},"inLanguage":"fr-FR","potentialAction":[{"@type":"ReadAction","target":["https:\/\/swissavant.ch\/veranstaltungen\/"]}]},{"@type":"BreadcrumbList","@id":"https:\/\/swissavant.ch\/veranstaltungen\/#breadcrumb","itemListElement":[{"@type":"ListItem","position":1,"name":"Home","item":"https:\/\/swissavant.ch\/home\/"},{"@type":"ListItem","position":2,"name":"Veranstaltungen"}]},{"@type":"WebSite","@id":"https:\/\/swissavant.ch\/#website","url":"https:\/\/swissavant.ch\/","name":"Swissavant","description":"Swissavant","potentialAction":[{"@type":"SearchAction","target":{"@type":"EntryPoint","urlTemplate":"https:\/\/swissavant.ch\/?s={search_term_string}"},"query-input":{"@type":"PropertyValueSpecification","valueRequired":true,"valueName":"search_term_string"}}],"inLanguage":"fr-FR"}]}},"_links":{"self":[{"href":"https:\/\/swissavant.ch\/fr\/wp-json\/wp\/v2\/pages\/9981","targetHints":{"allow":["GET"]}}],"collection":[{"href":"https:\/\/swissavant.ch\/fr\/wp-json\/wp\/v2\/pages"}],"about":[{"href":"https:\/\/swissavant.ch\/fr\/wp-json\/wp\/v2\/types\/page"}],"author":[{"embeddable":true,"href":"https:\/\/swissavant.ch\/fr\/wp-json\/wp\/v2\/users\/13"}],"replies":[{"embeddable":true,"href":"https:\/\/swissavant.ch\/fr\/wp-json\/wp\/v2\/comments?post=9981"}],"version-history":[{"count":10,"href":"https:\/\/swissavant.ch\/fr\/wp-json\/wp\/v2\/pages\/9981\/revisions"}],"predecessor-version":[{"id":13825,"href":"https:\/\/swissavant.ch\/fr\/wp-json\/wp\/v2\/pages\/9981\/revisions\/13825"}],"wp:attachment":[{"href":"https:\/\/swissavant.ch\/fr\/wp-json\/wp\/v2\/media?parent=9981"}],"wp:term":[{"taxonomy":"folder","embeddable":true,"href":"https:\/\/swissavant.ch\/fr\/wp-json\/wp\/v2\/folder?post=9981"}],"curies":[{"name":"wp","href":"https:\/\/api.w.org\/{rel}","templated":true}]}}